{"id":9033,"date":"2021-08-19T13:44:41","date_gmt":"2021-08-19T14:45:50","guid":{"rendered":"https:\/\/riegos.com\/producto\/raccord-roscada-pour-tuyau-plat-a-tuyau\/"},"modified":"2024-02-21T09:42:19","modified_gmt":"2024-02-21T09:42:19","slug":"raccord-roscada-pour-tuyau-plat-a-tuyau","status":"publish","type":"product","link":"https:\/\/riegos.com\/fr\/producto\/raccord-roscada-pour-tuyau-plat-a-tuyau\/","title":{"rendered":"RACCORD ROSCADA POUR TUYAU PLAT A TUYAU"},"content":{"rendered":"<p>[vc_row][vc_column][vc_column_text]<\/p>\n<table width=\"873\">\n<tbody>\n<tr>\n<td width=\"63\">R\u00e9f\u00e9rence<\/td>\n<td width=\"93\">Mesure<\/td>\n<td width=\"65\">P.V.P. (\u20ac)<\/td>\n<td width=\"105\">Poids Pi\u00e8ce (gr)<\/td>\n<td width=\"133\">Poids de la bo\u00eete (gr)<\/td>\n<td width=\"92\">Unit\u00e9s \/ Sac<\/td>\n<td width=\"95\">Unit\u00e9s \/ Bo\u00eete<\/td>\n<td width=\"123\">Type de conteneur<\/td>\n<td width=\"104\">Code EAN<\/td>\n<\/tr>\n<tr>\n<td>1491<\/td>\n<td>16 mm<\/td>\n<td>0,4124<\/td>\n<td>10.00<\/td>\n<td>10,150.00<\/td>\n<td>100<\/td>\n<td>1000<\/td>\n<td>4<\/td>\n<td>8435277914910<\/td>\n<\/tr>\n<\/tbody>\n<\/table>\n<p>[\/vc_column_text][\/vc_column][\/vc_row]<\/p>\n","protected":false},"excerpt":{"rendered":"<p>[vc_row][vc_column][vc_column_text] R\u00e9f\u00e9rence Mesure P.V.P. (\u20ac) Poids Pi\u00e8ce (gr) Poids de la bo\u00eete (gr) Unit\u00e9s \/ Sac Unit\u00e9s \/ Bo\u00eete Type de conteneur Code EAN 1491 16 mm 0,4124 10.00 10,150.00 100 1000 4 8435277914910 [\/vc_column_text][\/vc_column][\/vc_row]<\/p>\n","protected":false},"featured_media":8602,"comment_status":"closed","ping_status":"closed","template":"","meta":{"_acf_changed":false,"_uag_custom_page_level_css":""},"product_brand":[],"product_cat":[1109,1158],"product_tag":[],"class_list":{"0":"post-9033","1":"product","2":"type-product","3":"status-publish","4":"has-post-thumbnail","6":"product_cat-accessoires-pour-lirrigation","7":"product_cat-raccords-pour-tuyau-plat-roscada","9":"first","10":"instock","11":"purchasable","12":"product-type-simple"},"acf":[],"yoast_head":"<!-- This site is optimized with the Yoast SEO plugin v27.6 - https:\/\/yoast.com\/product\/yoast-seo-wordpress\/ -->\n<title>RACCORD ROSCADA POUR TUYAU PLAT A TUYAU - Abrisa. La Casa del Riego<\/title>\n<meta name=\"robots\" content=\"index, follow, max-snippet:-1, max-image-preview:large, max-video-preview:-1\" \/>\n<link rel=\"canonical\" href=\"https:\/\/riegos.com\/fr\/producto\/raccord-roscada-pour-tuyau-plat-a-tuyau\/\" \/>\n<meta property=\"og:locale\" content=\"fr_FR\" \/>\n<meta property=\"og:type\" content=\"article\" \/>\n<meta property=\"og:title\" content=\"RACCORD ROSCADA POUR TUYAU PLAT A TUYAU - Abrisa. La Casa del Riego\" \/>\n<meta property=\"og:description\" content=\"[vc_row][vc_column][vc_column_text] R\u00e9f\u00e9rence Mesure P.V.P. (\u20ac) Poids Pi\u00e8ce (gr) Poids de la bo\u00eete (gr) Unit\u00e9s \/ Sac Unit\u00e9s \/ Bo\u00eete Type de conteneur Code EAN 1491 16 mm 0,4124 10.00 10,150.00 100 1000 4 8435277914910 [\/vc_column_text][\/vc_column][\/vc_row]\" \/>\n<meta property=\"og:url\" content=\"https:\/\/riegos.com\/fr\/producto\/raccord-roscada-pour-tuyau-plat-a-tuyau\/\" \/>\n<meta property=\"og:site_name\" content=\"Abrisa. La Casa del Riego\" \/>\n<meta property=\"article:publisher\" content=\"https:\/\/es-es.facebook.com\/AbrisaRiegos\/\" \/>\n<meta property=\"article:modified_time\" content=\"2024-02-21T09:42:19+00:00\" \/>\n<meta property=\"og:image\" content=\"https:\/\/riegos.com\/wp-content\/uploads\/2021\/08\/1490.jpg\" \/>\n\t<meta property=\"og:image:width\" content=\"648\" \/>\n\t<meta property=\"og:image:height\" content=\"480\" \/>\n\t<meta property=\"og:image:type\" content=\"image\/jpeg\" \/>\n<meta name=\"twitter:card\" content=\"summary_large_image\" \/>\n<meta name=\"twitter:label1\" content=\"Dur\u00e9e de lecture estim\u00e9e\" \/>\n\t<meta name=\"twitter:data1\" content=\"1 minute\" \/>\n<script type=\"application\/ld+json\" class=\"yoast-schema-graph\">{\"@context\":\"https:\\\/\\\/schema.org\",\"@graph\":[{\"@type\":\"WebPage\",\"@id\":\"https:\\\/\\\/riegos.com\\\/fr\\\/producto\\\/raccord-roscada-pour-tuyau-plat-a-tuyau\\\/\",\"url\":\"https:\\\/\\\/riegos.com\\\/fr\\\/producto\\\/raccord-roscada-pour-tuyau-plat-a-tuyau\\\/\",\"name\":\"RACCORD ROSCADA POUR TUYAU PLAT A TUYAU - Abrisa. La Casa del Riego\",\"isPartOf\":{\"@id\":\"https:\\\/\\\/riegos.com\\\/fr\\\/#website\"},\"primaryImageOfPage\":{\"@id\":\"https:\\\/\\\/riegos.com\\\/fr\\\/producto\\\/raccord-roscada-pour-tuyau-plat-a-tuyau\\\/#primaryimage\"},\"image\":{\"@id\":\"https:\\\/\\\/riegos.com\\\/fr\\\/producto\\\/raccord-roscada-pour-tuyau-plat-a-tuyau\\\/#primaryimage\"},\"thumbnailUrl\":\"https:\\\/\\\/riegos.com\\\/wp-content\\\/uploads\\\/2021\\\/08\\\/1490.jpg\",\"datePublished\":\"2021-08-19T14:45:50+00:00\",\"dateModified\":\"2024-02-21T09:42:19+00:00\",\"breadcrumb\":{\"@id\":\"https:\\\/\\\/riegos.com\\\/fr\\\/producto\\\/raccord-roscada-pour-tuyau-plat-a-tuyau\\\/#breadcrumb\"},\"inLanguage\":\"fr-FR\",\"potentialAction\":[{\"@type\":\"ReadAction\",\"target\":[\"https:\\\/\\\/riegos.com\\\/fr\\\/producto\\\/raccord-roscada-pour-tuyau-plat-a-tuyau\\\/\"]}]},{\"@type\":\"ImageObject\",\"inLanguage\":\"fr-FR\",\"@id\":\"https:\\\/\\\/riegos.com\\\/fr\\\/producto\\\/raccord-roscada-pour-tuyau-plat-a-tuyau\\\/#primaryimage\",\"url\":\"https:\\\/\\\/riegos.com\\\/wp-content\\\/uploads\\\/2021\\\/08\\\/1490.jpg\",\"contentUrl\":\"https:\\\/\\\/riegos.com\\\/wp-content\\\/uploads\\\/2021\\\/08\\\/1490.jpg\",\"width\":648,\"height\":480},{\"@type\":\"BreadcrumbList\",\"@id\":\"https:\\\/\\\/riegos.com\\\/fr\\\/producto\\\/raccord-roscada-pour-tuyau-plat-a-tuyau\\\/#breadcrumb\",\"itemListElement\":[{\"@type\":\"ListItem\",\"position\":1,\"name\":\"Inicio\",\"item\":\"https:\\\/\\\/riegos.com\\\/fr\\\/\"},{\"@type\":\"ListItem\",\"position\":2,\"name\":\"Productos\",\"item\":\"https:\\\/\\\/riegos.com\\\/productos\\\/\"},{\"@type\":\"ListItem\",\"position\":3,\"name\":\"RACCORD ROSCADA POUR TUYAU PLAT A TUYAU\"}]},{\"@type\":\"WebSite\",\"@id\":\"https:\\\/\\\/riegos.com\\\/fr\\\/#website\",\"url\":\"https:\\\/\\\/riegos.com\\\/fr\\\/\",\"name\":\"Abrisa. La Casa del Riego\",\"description\":\"\",\"publisher\":{\"@id\":\"https:\\\/\\\/riegos.com\\\/fr\\\/#organization\"},\"potentialAction\":[{\"@type\":\"SearchAction\",\"target\":{\"@type\":\"EntryPoint\",\"urlTemplate\":\"https:\\\/\\\/riegos.com\\\/fr\\\/?s={search_term_string}\"},\"query-input\":{\"@type\":\"PropertyValueSpecification\",\"valueRequired\":true,\"valueName\":\"search_term_string\"}}],\"inLanguage\":\"fr-FR\"},{\"@type\":\"Organization\",\"@id\":\"https:\\\/\\\/riegos.com\\\/fr\\\/#organization\",\"name\":\"ABANILLA RIEGOS SA\",\"url\":\"https:\\\/\\\/riegos.com\\\/fr\\\/\",\"logo\":{\"@type\":\"ImageObject\",\"inLanguage\":\"fr-FR\",\"@id\":\"https:\\\/\\\/riegos.com\\\/fr\\\/#\\\/schema\\\/logo\\\/image\\\/\",\"url\":\"https:\\\/\\\/riegos.com\\\/wp-content\\\/uploads\\\/2021\\\/10\\\/logo_trim.png\",\"contentUrl\":\"https:\\\/\\\/riegos.com\\\/wp-content\\\/uploads\\\/2021\\\/10\\\/logo_trim.png\",\"width\":217,\"height\":129,\"caption\":\"ABANILLA RIEGOS SA\"},\"image\":{\"@id\":\"https:\\\/\\\/riegos.com\\\/fr\\\/#\\\/schema\\\/logo\\\/image\\\/\"},\"sameAs\":[\"https:\\\/\\\/es-es.facebook.com\\\/AbrisaRiegos\\\/\"]}]}<\/script>\n<!-- \/ Yoast SEO plugin. -->","yoast_head_json":{"title":"RACCORD ROSCADA POUR TUYAU PLAT A TUYAU - Abrisa. La Casa del Riego","robots":{"index":"index","follow":"follow","max-snippet":"max-snippet:-1","max-image-preview":"max-image-preview:large","max-video-preview":"max-video-preview:-1"},"canonical":"https:\/\/riegos.com\/fr\/producto\/raccord-roscada-pour-tuyau-plat-a-tuyau\/","og_locale":"fr_FR","og_type":"article","og_title":"RACCORD ROSCADA POUR TUYAU PLAT A TUYAU - Abrisa. La Casa del Riego","og_description":"[vc_row][vc_column][vc_column_text] R\u00e9f\u00e9rence Mesure P.V.P. (\u20ac) Poids Pi\u00e8ce (gr) Poids de la bo\u00eete (gr) Unit\u00e9s \/ Sac Unit\u00e9s \/ Bo\u00eete Type de conteneur Code EAN 1491 16 mm 0,4124 10.00 10,150.00 100 1000 4 8435277914910 [\/vc_column_text][\/vc_column][\/vc_row]","og_url":"https:\/\/riegos.com\/fr\/producto\/raccord-roscada-pour-tuyau-plat-a-tuyau\/","og_site_name":"Abrisa. La Casa del Riego","article_publisher":"https:\/\/es-es.facebook.com\/AbrisaRiegos\/","article_modified_time":"2024-02-21T09:42:19+00:00","og_image":[{"width":648,"height":480,"url":"https:\/\/riegos.com\/wp-content\/uploads\/2021\/08\/1490.jpg","type":"image\/jpeg"}],"twitter_card":"summary_large_image","twitter_misc":{"Dur\u00e9e de lecture estim\u00e9e":"1 minute"},"schema":{"@context":"https:\/\/schema.org","@graph":[{"@type":"WebPage","@id":"https:\/\/riegos.com\/fr\/producto\/raccord-roscada-pour-tuyau-plat-a-tuyau\/","url":"https:\/\/riegos.com\/fr\/producto\/raccord-roscada-pour-tuyau-plat-a-tuyau\/","name":"RACCORD ROSCADA POUR TUYAU PLAT A TUYAU - Abrisa. La Casa del Riego","isPartOf":{"@id":"https:\/\/riegos.com\/fr\/#website"},"primaryImageOfPage":{"@id":"https:\/\/riegos.com\/fr\/producto\/raccord-roscada-pour-tuyau-plat-a-tuyau\/#primaryimage"},"image":{"@id":"https:\/\/riegos.com\/fr\/producto\/raccord-roscada-pour-tuyau-plat-a-tuyau\/#primaryimage"},"thumbnailUrl":"https:\/\/riegos.com\/wp-content\/uploads\/2021\/08\/1490.jpg","datePublished":"2021-08-19T14:45:50+00:00","dateModified":"2024-02-21T09:42:19+00:00","breadcrumb":{"@id":"https:\/\/riegos.com\/fr\/producto\/raccord-roscada-pour-tuyau-plat-a-tuyau\/#breadcrumb"},"inLanguage":"fr-FR","potentialAction":[{"@type":"ReadAction","target":["https:\/\/riegos.com\/fr\/producto\/raccord-roscada-pour-tuyau-plat-a-tuyau\/"]}]},{"@type":"ImageObject","inLanguage":"fr-FR","@id":"https:\/\/riegos.com\/fr\/producto\/raccord-roscada-pour-tuyau-plat-a-tuyau\/#primaryimage","url":"https:\/\/riegos.com\/wp-content\/uploads\/2021\/08\/1490.jpg","contentUrl":"https:\/\/riegos.com\/wp-content\/uploads\/2021\/08\/1490.jpg","width":648,"height":480},{"@type":"BreadcrumbList","@id":"https:\/\/riegos.com\/fr\/producto\/raccord-roscada-pour-tuyau-plat-a-tuyau\/#breadcrumb","itemListElement":[{"@type":"ListItem","position":1,"name":"Inicio","item":"https:\/\/riegos.com\/fr\/"},{"@type":"ListItem","position":2,"name":"Productos","item":"https:\/\/riegos.com\/productos\/"},{"@type":"ListItem","position":3,"name":"RACCORD ROSCADA POUR TUYAU PLAT A TUYAU"}]},{"@type":"WebSite","@id":"https:\/\/riegos.com\/fr\/#website","url":"https:\/\/riegos.com\/fr\/","name":"Abrisa. La Casa del Riego","description":"","publisher":{"@id":"https:\/\/riegos.com\/fr\/#organization"},"potentialAction":[{"@type":"SearchAction","target":{"@type":"EntryPoint","urlTemplate":"https:\/\/riegos.com\/fr\/?s={search_term_string}"},"query-input":{"@type":"PropertyValueSpecification","valueRequired":true,"valueName":"search_term_string"}}],"inLanguage":"fr-FR"},{"@type":"Organization","@id":"https:\/\/riegos.com\/fr\/#organization","name":"ABANILLA RIEGOS SA","url":"https:\/\/riegos.com\/fr\/","logo":{"@type":"ImageObject","inLanguage":"fr-FR","@id":"https:\/\/riegos.com\/fr\/#\/schema\/logo\/image\/","url":"https:\/\/riegos.com\/wp-content\/uploads\/2021\/10\/logo_trim.png","contentUrl":"https:\/\/riegos.com\/wp-content\/uploads\/2021\/10\/logo_trim.png","width":217,"height":129,"caption":"ABANILLA RIEGOS SA"},"image":{"@id":"https:\/\/riegos.com\/fr\/#\/schema\/logo\/image\/"},"sameAs":["https:\/\/es-es.facebook.com\/AbrisaRiegos\/"]}]}},"uagb_featured_image_src":{"full":["https:\/\/riegos.com\/wp-content\/uploads\/2021\/08\/1490.jpg",648,480,false],"thumbnail":["https:\/\/riegos.com\/wp-content\/uploads\/2021\/08\/1490-150x150.jpg",150,150,true],"medium":["https:\/\/riegos.com\/wp-content\/uploads\/2021\/08\/1490.jpg",300,222,false],"medium_large":["https:\/\/riegos.com\/wp-content\/uploads\/2021\/08\/1490.jpg",648,480,false],"large":["https:\/\/riegos.com\/wp-content\/uploads\/2021\/08\/1490.jpg",648,480,false],"1536x1536":["https:\/\/riegos.com\/wp-content\/uploads\/2021\/08\/1490.jpg",648,480,false],"2048x2048":["https:\/\/riegos.com\/wp-content\/uploads\/2021\/08\/1490.jpg",648,480,false],"woocommerce_thumbnail":["https:\/\/riegos.com\/wp-content\/uploads\/2021\/08\/1490-300x300.jpg",300,300,true],"woocommerce_single":["https:\/\/riegos.com\/wp-content\/uploads\/2021\/08\/1490-600x600.jpg",600,600,true],"woocommerce_gallery_thumbnail":["https:\/\/riegos.com\/wp-content\/uploads\/2021\/08\/1490-100x100.jpg",100,100,true]},"uagb_author_info":{"display_name":"admin","author_link":"https:\/\/riegos.com\/fr\/author\/"},"uagb_comment_info":0,"uagb_excerpt":"[vc_row][vc_column][vc_column_text] R\u00e9f\u00e9rence Mesure P.V.P. (\u20ac) Poids Pi\u00e8ce (gr) Poids de la bo\u00eete (gr) Unit\u00e9s \/ Sac Unit\u00e9s \/ Bo\u00eete Type de conteneur Code EAN 1491 16 mm 0,4124 10.00 10,150.00 100 1000 4 8435277914910 [\/vc_column_text][\/vc_column][\/vc_row]","_links":{"self":[{"href":"https:\/\/riegos.com\/fr\/wp-json\/wp\/v2\/product\/9033","targetHints":{"allow":["GET"]}}],"collection":[{"href":"https:\/\/riegos.com\/fr\/wp-json\/wp\/v2\/product"}],"about":[{"href":"https:\/\/riegos.com\/fr\/wp-json\/wp\/v2\/types\/product"}],"replies":[{"embeddable":true,"href":"https:\/\/riegos.com\/fr\/wp-json\/wp\/v2\/comments?post=9033"}],"wp:featuredmedia":[{"embeddable":true,"href":"https:\/\/riegos.com\/fr\/wp-json\/wp\/v2\/media\/8602"}],"wp:attachment":[{"href":"https:\/\/riegos.com\/fr\/wp-json\/wp\/v2\/media?parent=9033"}],"wp:term":[{"taxonomy":"product_brand","embeddable":true,"href":"https:\/\/riegos.com\/fr\/wp-json\/wp\/v2\/product_brand?post=9033"},{"taxonomy":"product_cat","embeddable":true,"href":"https:\/\/riegos.com\/fr\/wp-json\/wp\/v2\/product_cat?post=9033"},{"taxonomy":"product_tag","embeddable":true,"href":"https:\/\/riegos.com\/fr\/wp-json\/wp\/v2\/product_tag?post=9033"}],"curies":[{"name":"wp","href":"https:\/\/api.w.org\/{rel}","templated":true}]}}