{"id":8465,"date":"2021-08-19T09:56:21","date_gmt":"2021-08-19T10:36:42","guid":{"rendered":"https:\/\/riegos.com\/producto\/y-3-raccords-tuyau-en-acetal\/"},"modified":"2024-03-13T11:09:27","modified_gmt":"2024-03-13T11:09:27","slug":"y-3-raccords-tuyau-en-acetal","status":"publish","type":"product","link":"https:\/\/riegos.com\/fr\/producto\/y-3-raccords-tuyau-en-acetal\/","title":{"rendered":"Y 3 RACCORDS &#8211; TUYAU EN ACETAL"},"content":{"rendered":"<p>[vc_row][vc_column][vc_column_text]<\/p>\n<table style=\"height: 86px;\" width=\"997\">\n<tbody>\n<tr>\n<td width=\"67\">R\u00e9f\u00e9rence<\/td>\n<td width=\"300\">Mesure<\/td>\n<td width=\"60\">P.V.P. (\u20ac)<\/td>\n<td width=\"96\">Poids Pi\u00e8ce (gr)<\/td>\n<td width=\"127\">Poids de la bo\u00eete (gr)<\/td>\n<td width=\"77\">Unit\u00e9s \/ Sac<\/td>\n<td width=\"88\">Unit\u00e9s \/ Bo\u00eete<\/td>\n<td width=\"117\">Type de conteneur<\/td>\n<td width=\"102\">Code EAN<\/td>\n<\/tr>\n<tr>\n<td>1075<\/td>\n<td>20 mm &#8211; 16 mm &#8211; 16 mm &#8211; 16 mm<\/td>\n<td>0,6059<\/td>\n<td>&#8211;<\/td>\n<td>8,775.00<\/td>\n<td>50<\/td>\n<td>500<\/td>\n<td>4<\/td>\n<td>8435277910752<\/td>\n<\/tr>\n<tr>\n<td>1095<\/td>\n<td>16 mm<\/td>\n<td>0,6059<\/td>\n<td>&#8211;<\/td>\n<td>8,355.00<\/td>\n<td>50<\/td>\n<td>500<\/td>\n<td>4<\/td>\n<td>8435277910950<\/td>\n<\/tr>\n<\/tbody>\n<\/table>\n<p>[\/vc_column_text][\/vc_column][\/vc_row]<\/p>\n","protected":false},"excerpt":{"rendered":"<p>[vc_row][vc_column][vc_column_text] R\u00e9f\u00e9rence Mesure P.V.P. (\u20ac) Poids Pi\u00e8ce (gr) Poids de la bo\u00eete (gr) Unit\u00e9s \/ Sac Unit\u00e9s \/ Bo\u00eete Type de conteneur Code EAN 1075 20 mm &#8211; 16 mm &#8211; 16 mm &#8211; 16 mm 0,6059 &#8211; 8,775.00 50 500 4 8435277910752 1095 16 mm 0,6059 &#8211; 8,355.00 50 500 4 8435277910950 [\/vc_column_text][\/vc_column][\/vc_row]<\/p>\n","protected":false},"featured_media":7572,"comment_status":"closed","ping_status":"closed","template":"","meta":{"_acf_changed":false},"product_cat":[1109,1149],"product_tag":[],"class_list":{"0":"post-8465","1":"product","2":"type-product","3":"status-publish","4":"has-post-thumbnail","6":"product_cat-accessoires-pour-lirrigation","7":"product_cat-raccords-en-acetal","9":"first","10":"instock","11":"purchasable","12":"product-type-variable"},"acf":[],"yoast_head":"<!-- This site is optimized with the Yoast SEO plugin v23.7 - https:\/\/yoast.com\/wordpress\/plugins\/seo\/ -->\n<title>Y 3 RACCORDS - TUYAU EN ACETAL - Abrisa. La Casa del Riego<\/title>\n<meta name=\"robots\" content=\"index, follow, max-snippet:-1, max-image-preview:large, max-video-preview:-1\" \/>\n<link rel=\"canonical\" href=\"https:\/\/riegos.com\/fr\/producto\/y-3-raccords-tuyau-en-acetal\/\" \/>\n<meta property=\"og:locale\" content=\"fr_FR\" \/>\n<meta property=\"og:type\" content=\"article\" \/>\n<meta property=\"og:title\" content=\"Y 3 RACCORDS - TUYAU EN ACETAL - Abrisa. La Casa del Riego\" \/>\n<meta property=\"og:description\" content=\"[vc_row][vc_column][vc_column_text] R\u00e9f\u00e9rence Mesure P.V.P. (\u20ac) Poids Pi\u00e8ce (gr) Poids de la bo\u00eete (gr) Unit\u00e9s \/ Sac Unit\u00e9s \/ Bo\u00eete Type de conteneur Code EAN 1075 20 mm &#8211; 16 mm &#8211; 16 mm &#8211; 16 mm 0,6059 &#8211; 8,775.00 50 500 4 8435277910752 1095 16 mm 0,6059 &#8211; 8,355.00 50 500 4 8435277910950 [\/vc_column_text][\/vc_column][\/vc_row]\" \/>\n<meta property=\"og:url\" content=\"https:\/\/riegos.com\/fr\/producto\/y-3-raccords-tuyau-en-acetal\/\" \/>\n<meta property=\"og:site_name\" content=\"Abrisa. La Casa del Riego\" \/>\n<meta property=\"article:publisher\" content=\"https:\/\/es-es.facebook.com\/AbrisaRiegos\/\" \/>\n<meta property=\"article:modified_time\" content=\"2024-03-13T11:09:27+00:00\" \/>\n<meta property=\"og:image\" content=\"https:\/\/riegos.com\/wp-content\/uploads\/2021\/08\/1095.jpg\" \/>\n\t<meta property=\"og:image:width\" content=\"1000\" \/>\n\t<meta property=\"og:image:height\" content=\"612\" \/>\n\t<meta property=\"og:image:type\" content=\"image\/jpeg\" \/>\n<meta name=\"twitter:card\" content=\"summary_large_image\" \/>\n<meta name=\"twitter:label1\" content=\"Dur\u00e9e de lecture estim\u00e9e\" \/>\n\t<meta name=\"twitter:data1\" content=\"1 minute\" \/>\n<script type=\"application\/ld+json\" class=\"yoast-schema-graph\">{\"@context\":\"https:\/\/schema.org\",\"@graph\":[{\"@type\":\"WebPage\",\"@id\":\"https:\/\/riegos.com\/fr\/producto\/y-3-raccords-tuyau-en-acetal\/\",\"url\":\"https:\/\/riegos.com\/fr\/producto\/y-3-raccords-tuyau-en-acetal\/\",\"name\":\"Y 3 RACCORDS - TUYAU EN ACETAL - Abrisa. La Casa del Riego\",\"isPartOf\":{\"@id\":\"https:\/\/riegos.com\/fr\/#website\"},\"primaryImageOfPage\":{\"@id\":\"https:\/\/riegos.com\/fr\/producto\/y-3-raccords-tuyau-en-acetal\/#primaryimage\"},\"image\":{\"@id\":\"https:\/\/riegos.com\/fr\/producto\/y-3-raccords-tuyau-en-acetal\/#primaryimage\"},\"thumbnailUrl\":\"https:\/\/riegos.com\/wp-content\/uploads\/2021\/08\/1095.jpg\",\"datePublished\":\"2021-08-19T10:36:42+00:00\",\"dateModified\":\"2024-03-13T11:09:27+00:00\",\"breadcrumb\":{\"@id\":\"https:\/\/riegos.com\/fr\/producto\/y-3-raccords-tuyau-en-acetal\/#breadcrumb\"},\"inLanguage\":\"fr-FR\",\"potentialAction\":[{\"@type\":\"ReadAction\",\"target\":[\"https:\/\/riegos.com\/fr\/producto\/y-3-raccords-tuyau-en-acetal\/\"]}]},{\"@type\":\"ImageObject\",\"inLanguage\":\"fr-FR\",\"@id\":\"https:\/\/riegos.com\/fr\/producto\/y-3-raccords-tuyau-en-acetal\/#primaryimage\",\"url\":\"https:\/\/riegos.com\/wp-content\/uploads\/2021\/08\/1095.jpg\",\"contentUrl\":\"https:\/\/riegos.com\/wp-content\/uploads\/2021\/08\/1095.jpg\",\"width\":1000,\"height\":612},{\"@type\":\"BreadcrumbList\",\"@id\":\"https:\/\/riegos.com\/fr\/producto\/y-3-raccords-tuyau-en-acetal\/#breadcrumb\",\"itemListElement\":[{\"@type\":\"ListItem\",\"position\":1,\"name\":\"Inicio\",\"item\":\"https:\/\/riegos.com\/fr\/\"},{\"@type\":\"ListItem\",\"position\":2,\"name\":\"Produits\",\"item\":\"https:\/\/riegos.com\/fr\/produits\/\"},{\"@type\":\"ListItem\",\"position\":3,\"name\":\"Y 3 RACCORDS &#8211; TUYAU EN ACETAL\"}]},{\"@type\":\"WebSite\",\"@id\":\"https:\/\/riegos.com\/fr\/#website\",\"url\":\"https:\/\/riegos.com\/fr\/\",\"name\":\"Abrisa. La Casa del Riego\",\"description\":\"\",\"publisher\":{\"@id\":\"https:\/\/riegos.com\/fr\/#organization\"},\"potentialAction\":[{\"@type\":\"SearchAction\",\"target\":{\"@type\":\"EntryPoint\",\"urlTemplate\":\"https:\/\/riegos.com\/fr\/?s={search_term_string}\"},\"query-input\":{\"@type\":\"PropertyValueSpecification\",\"valueRequired\":true,\"valueName\":\"search_term_string\"}}],\"inLanguage\":\"fr-FR\"},{\"@type\":\"Organization\",\"@id\":\"https:\/\/riegos.com\/fr\/#organization\",\"name\":\"ABANILLA RIEGOS SA\",\"url\":\"https:\/\/riegos.com\/fr\/\",\"logo\":{\"@type\":\"ImageObject\",\"inLanguage\":\"fr-FR\",\"@id\":\"https:\/\/riegos.com\/fr\/#\/schema\/logo\/image\/\",\"url\":\"https:\/\/riegos.com\/wp-content\/uploads\/2021\/10\/logo_trim.png\",\"contentUrl\":\"https:\/\/riegos.com\/wp-content\/uploads\/2021\/10\/logo_trim.png\",\"width\":217,\"height\":129,\"caption\":\"ABANILLA RIEGOS SA\"},\"image\":{\"@id\":\"https:\/\/riegos.com\/fr\/#\/schema\/logo\/image\/\"},\"sameAs\":[\"https:\/\/es-es.facebook.com\/AbrisaRiegos\/\"]}]}<\/script>\n<!-- \/ Yoast SEO plugin. -->","yoast_head_json":{"title":"Y 3 RACCORDS - TUYAU EN ACETAL - Abrisa. La Casa del Riego","robots":{"index":"index","follow":"follow","max-snippet":"max-snippet:-1","max-image-preview":"max-image-preview:large","max-video-preview":"max-video-preview:-1"},"canonical":"https:\/\/riegos.com\/fr\/producto\/y-3-raccords-tuyau-en-acetal\/","og_locale":"fr_FR","og_type":"article","og_title":"Y 3 RACCORDS - TUYAU EN ACETAL - Abrisa. La Casa del Riego","og_description":"[vc_row][vc_column][vc_column_text] R\u00e9f\u00e9rence Mesure P.V.P. (\u20ac) Poids Pi\u00e8ce (gr) Poids de la bo\u00eete (gr) Unit\u00e9s \/ Sac Unit\u00e9s \/ Bo\u00eete Type de conteneur Code EAN 1075 20 mm &#8211; 16 mm &#8211; 16 mm &#8211; 16 mm 0,6059 &#8211; 8,775.00 50 500 4 8435277910752 1095 16 mm 0,6059 &#8211; 8,355.00 50 500 4 8435277910950 [\/vc_column_text][\/vc_column][\/vc_row]","og_url":"https:\/\/riegos.com\/fr\/producto\/y-3-raccords-tuyau-en-acetal\/","og_site_name":"Abrisa. La Casa del Riego","article_publisher":"https:\/\/es-es.facebook.com\/AbrisaRiegos\/","article_modified_time":"2024-03-13T11:09:27+00:00","og_image":[{"width":1000,"height":612,"url":"https:\/\/riegos.com\/wp-content\/uploads\/2021\/08\/1095.jpg","type":"image\/jpeg"}],"twitter_card":"summary_large_image","twitter_misc":{"Dur\u00e9e de lecture estim\u00e9e":"1 minute"},"schema":{"@context":"https:\/\/schema.org","@graph":[{"@type":"WebPage","@id":"https:\/\/riegos.com\/fr\/producto\/y-3-raccords-tuyau-en-acetal\/","url":"https:\/\/riegos.com\/fr\/producto\/y-3-raccords-tuyau-en-acetal\/","name":"Y 3 RACCORDS - TUYAU EN ACETAL - Abrisa. La Casa del Riego","isPartOf":{"@id":"https:\/\/riegos.com\/fr\/#website"},"primaryImageOfPage":{"@id":"https:\/\/riegos.com\/fr\/producto\/y-3-raccords-tuyau-en-acetal\/#primaryimage"},"image":{"@id":"https:\/\/riegos.com\/fr\/producto\/y-3-raccords-tuyau-en-acetal\/#primaryimage"},"thumbnailUrl":"https:\/\/riegos.com\/wp-content\/uploads\/2021\/08\/1095.jpg","datePublished":"2021-08-19T10:36:42+00:00","dateModified":"2024-03-13T11:09:27+00:00","breadcrumb":{"@id":"https:\/\/riegos.com\/fr\/producto\/y-3-raccords-tuyau-en-acetal\/#breadcrumb"},"inLanguage":"fr-FR","potentialAction":[{"@type":"ReadAction","target":["https:\/\/riegos.com\/fr\/producto\/y-3-raccords-tuyau-en-acetal\/"]}]},{"@type":"ImageObject","inLanguage":"fr-FR","@id":"https:\/\/riegos.com\/fr\/producto\/y-3-raccords-tuyau-en-acetal\/#primaryimage","url":"https:\/\/riegos.com\/wp-content\/uploads\/2021\/08\/1095.jpg","contentUrl":"https:\/\/riegos.com\/wp-content\/uploads\/2021\/08\/1095.jpg","width":1000,"height":612},{"@type":"BreadcrumbList","@id":"https:\/\/riegos.com\/fr\/producto\/y-3-raccords-tuyau-en-acetal\/#breadcrumb","itemListElement":[{"@type":"ListItem","position":1,"name":"Inicio","item":"https:\/\/riegos.com\/fr\/"},{"@type":"ListItem","position":2,"name":"Produits","item":"https:\/\/riegos.com\/fr\/produits\/"},{"@type":"ListItem","position":3,"name":"Y 3 RACCORDS &#8211; TUYAU EN ACETAL"}]},{"@type":"WebSite","@id":"https:\/\/riegos.com\/fr\/#website","url":"https:\/\/riegos.com\/fr\/","name":"Abrisa. La Casa del Riego","description":"","publisher":{"@id":"https:\/\/riegos.com\/fr\/#organization"},"potentialAction":[{"@type":"SearchAction","target":{"@type":"EntryPoint","urlTemplate":"https:\/\/riegos.com\/fr\/?s={search_term_string}"},"query-input":{"@type":"PropertyValueSpecification","valueRequired":true,"valueName":"search_term_string"}}],"inLanguage":"fr-FR"},{"@type":"Organization","@id":"https:\/\/riegos.com\/fr\/#organization","name":"ABANILLA RIEGOS SA","url":"https:\/\/riegos.com\/fr\/","logo":{"@type":"ImageObject","inLanguage":"fr-FR","@id":"https:\/\/riegos.com\/fr\/#\/schema\/logo\/image\/","url":"https:\/\/riegos.com\/wp-content\/uploads\/2021\/10\/logo_trim.png","contentUrl":"https:\/\/riegos.com\/wp-content\/uploads\/2021\/10\/logo_trim.png","width":217,"height":129,"caption":"ABANILLA RIEGOS SA"},"image":{"@id":"https:\/\/riegos.com\/fr\/#\/schema\/logo\/image\/"},"sameAs":["https:\/\/es-es.facebook.com\/AbrisaRiegos\/"]}]}},"_links":{"self":[{"href":"https:\/\/riegos.com\/fr\/wp-json\/wp\/v2\/product\/8465","targetHints":{"allow":["GET"]}}],"collection":[{"href":"https:\/\/riegos.com\/fr\/wp-json\/wp\/v2\/product"}],"about":[{"href":"https:\/\/riegos.com\/fr\/wp-json\/wp\/v2\/types\/product"}],"replies":[{"embeddable":true,"href":"https:\/\/riegos.com\/fr\/wp-json\/wp\/v2\/comments?post=8465"}],"wp:featuredmedia":[{"embeddable":true,"href":"https:\/\/riegos.com\/fr\/wp-json\/wp\/v2\/media\/7572"}],"wp:attachment":[{"href":"https:\/\/riegos.com\/fr\/wp-json\/wp\/v2\/media?parent=8465"}],"wp:term":[{"taxonomy":"product_cat","embeddable":true,"href":"https:\/\/riegos.com\/fr\/wp-json\/wp\/v2\/product_cat?post=8465"},{"taxonomy":"product_tag","embeddable":true,"href":"https:\/\/riegos.com\/fr\/wp-json\/wp\/v2\/product_tag?post=8465"}],"curies":[{"name":"wp","href":"https:\/\/api.w.org\/{rel}","templated":true}]}}