{"id":8382,"date":"2021-08-19T09:55:14","date_gmt":"2021-08-19T10:35:16","guid":{"rendered":"https:\/\/riegos.com\/producto\/depart\/"},"modified":"2024-03-21T10:16:59","modified_gmt":"2024-03-21T10:16:59","slug":"depart","status":"publish","type":"product","link":"https:\/\/riegos.com\/fr\/producto\/depart\/","title":{"rendered":"DEPART"},"content":{"rendered":"<p>[vc_row][vc_column][vc_column_text]<\/p>\n<table width=\"873\">\n<tbody>\n<tr>\n<td width=\"63\">R\u00e9f\u00e9rence<\/td>\n<td width=\"93\">Mesure<\/td>\n<td width=\"65\">P.V.P. (\u20ac)<\/td>\n<td width=\"105\">Poids Pi\u00e8ce (gr)<\/td>\n<td width=\"133\">Poids de la bo\u00eete (gr)<\/td>\n<td width=\"92\">Unit\u00e9s \/ Sac<\/td>\n<td width=\"95\">Unit\u00e9s \/ Bo\u00eete<\/td>\n<td width=\"123\">Type de conteneur<\/td>\n<td width=\"104\">Code EAN<\/td>\n<\/tr>\n<tr>\n<td>0951<\/td>\n<td>16 mm<\/td>\n<td>0,0751<\/td>\n<td>2.00<\/td>\n<td>5,100.00<\/td>\n<td>100<\/td>\n<td>2000<\/td>\n<td>2<\/td>\n<td>8435277909510<\/td>\n<\/tr>\n<tr>\n<td>1451<\/td>\n<td>17 mm<\/td>\n<td>0,1535<\/td>\n<td>&#8211;<\/td>\n<td>5,270.00<\/td>\n<td>100<\/td>\n<td>2000<\/td>\n<td>2<\/td>\n<td>8435277914514<\/td>\n<\/tr>\n<tr>\n<td>0952<\/td>\n<td>18 mm<\/td>\n<td>0,1518<\/td>\n<td>&#8211;<\/td>\n<td>7,400.00<\/td>\n<td>100<\/td>\n<td>2000<\/td>\n<td>4<\/td>\n<td>8435277909527<\/td>\n<\/tr>\n<tr>\n<td>0953<\/td>\n<td>20 mm<\/td>\n<td>0,1518<\/td>\n<td>&#8211;<\/td>\n<td>9,700.00<\/td>\n<td>100<\/td>\n<td>2000<\/td>\n<td>4<\/td>\n<td>8435277909534<\/td>\n<\/tr>\n<tr>\n<td>0956<\/td>\n<td>16 mm<\/td>\n<td>0,0911<\/td>\n<td>&#8211;<\/td>\n<td>3,000.00<\/td>\n<td>10<\/td>\n<td>1000<\/td>\n<td>2<\/td>\n<td>8435277909565<\/td>\n<\/tr>\n<\/tbody>\n<\/table>\n<p>[\/vc_column_text][\/vc_column][\/vc_row]<\/p>\n","protected":false},"excerpt":{"rendered":"<p>[vc_row][vc_column][vc_column_text] R\u00e9f\u00e9rence Mesure P.V.P. (\u20ac) Poids Pi\u00e8ce (gr) Poids de la bo\u00eete (gr) Unit\u00e9s \/ Sac Unit\u00e9s \/ Bo\u00eete Type de conteneur Code EAN 0951 16 mm 0,0751 2.00 5,100.00 100 2000 2 8435277909510 1451 17 mm 0,1535 &#8211; 5,270.00 100 2000 2 8435277914514 0952 18 mm 0,1518 &#8211; 7,400.00 100 2000 4 8435277909527 0953 [&hellip;]<\/p>\n","protected":false},"featured_media":7469,"comment_status":"closed","ping_status":"closed","template":"","meta":{"_acf_changed":false},"product_cat":[1109,1140],"product_tag":[],"class_list":{"0":"post-8382","1":"product","2":"type-product","3":"status-publish","4":"has-post-thumbnail","6":"product_cat-accessoires-pour-lirrigation","7":"product_cat-raccords-simple","9":"first","10":"instock","11":"purchasable","12":"product-type-variable"},"acf":[],"yoast_head":"<!-- This site is optimized with the Yoast SEO plugin v23.7 - https:\/\/yoast.com\/wordpress\/plugins\/seo\/ -->\n<title>DEPART - Abrisa. La Casa del Riego<\/title>\n<meta name=\"robots\" content=\"index, follow, max-snippet:-1, max-image-preview:large, max-video-preview:-1\" \/>\n<link rel=\"canonical\" href=\"https:\/\/riegos.com\/fr\/producto\/depart\/\" \/>\n<meta property=\"og:locale\" content=\"fr_FR\" \/>\n<meta property=\"og:type\" content=\"article\" \/>\n<meta property=\"og:title\" content=\"DEPART - Abrisa. La Casa del Riego\" \/>\n<meta property=\"og:description\" content=\"[vc_row][vc_column][vc_column_text] R\u00e9f\u00e9rence Mesure P.V.P. (\u20ac) Poids Pi\u00e8ce (gr) Poids de la bo\u00eete (gr) Unit\u00e9s \/ Sac Unit\u00e9s \/ Bo\u00eete Type de conteneur Code EAN 0951 16 mm 0,0751 2.00 5,100.00 100 2000 2 8435277909510 1451 17 mm 0,1535 &#8211; 5,270.00 100 2000 2 8435277914514 0952 18 mm 0,1518 &#8211; 7,400.00 100 2000 4 8435277909527 0953 [&hellip;]\" \/>\n<meta property=\"og:url\" content=\"https:\/\/riegos.com\/fr\/producto\/depart\/\" \/>\n<meta property=\"og:site_name\" content=\"Abrisa. La Casa del Riego\" \/>\n<meta property=\"article:publisher\" content=\"https:\/\/es-es.facebook.com\/AbrisaRiegos\/\" \/>\n<meta property=\"article:modified_time\" content=\"2024-03-21T10:16:59+00:00\" \/>\n<meta property=\"og:image\" content=\"https:\/\/riegos.com\/wp-content\/uploads\/2021\/08\/0950.jpg\" \/>\n\t<meta property=\"og:image:width\" content=\"1811\" \/>\n\t<meta property=\"og:image:height\" content=\"1106\" \/>\n\t<meta property=\"og:image:type\" content=\"image\/jpeg\" \/>\n<meta name=\"twitter:card\" content=\"summary_large_image\" \/>\n<meta name=\"twitter:label1\" content=\"Dur\u00e9e de lecture estim\u00e9e\" \/>\n\t<meta name=\"twitter:data1\" content=\"1 minute\" \/>\n<script type=\"application\/ld+json\" class=\"yoast-schema-graph\">{\"@context\":\"https:\/\/schema.org\",\"@graph\":[{\"@type\":\"WebPage\",\"@id\":\"https:\/\/riegos.com\/fr\/producto\/depart\/\",\"url\":\"https:\/\/riegos.com\/fr\/producto\/depart\/\",\"name\":\"DEPART - Abrisa. La Casa del Riego\",\"isPartOf\":{\"@id\":\"https:\/\/riegos.com\/fr\/#website\"},\"primaryImageOfPage\":{\"@id\":\"https:\/\/riegos.com\/fr\/producto\/depart\/#primaryimage\"},\"image\":{\"@id\":\"https:\/\/riegos.com\/fr\/producto\/depart\/#primaryimage\"},\"thumbnailUrl\":\"https:\/\/riegos.com\/wp-content\/uploads\/2021\/08\/0950.jpg\",\"datePublished\":\"2021-08-19T10:35:16+00:00\",\"dateModified\":\"2024-03-21T10:16:59+00:00\",\"breadcrumb\":{\"@id\":\"https:\/\/riegos.com\/fr\/producto\/depart\/#breadcrumb\"},\"inLanguage\":\"fr-FR\",\"potentialAction\":[{\"@type\":\"ReadAction\",\"target\":[\"https:\/\/riegos.com\/fr\/producto\/depart\/\"]}]},{\"@type\":\"ImageObject\",\"inLanguage\":\"fr-FR\",\"@id\":\"https:\/\/riegos.com\/fr\/producto\/depart\/#primaryimage\",\"url\":\"https:\/\/riegos.com\/wp-content\/uploads\/2021\/08\/0950.jpg\",\"contentUrl\":\"https:\/\/riegos.com\/wp-content\/uploads\/2021\/08\/0950.jpg\",\"width\":1811,\"height\":1106},{\"@type\":\"BreadcrumbList\",\"@id\":\"https:\/\/riegos.com\/fr\/producto\/depart\/#breadcrumb\",\"itemListElement\":[{\"@type\":\"ListItem\",\"position\":1,\"name\":\"Inicio\",\"item\":\"https:\/\/riegos.com\/fr\/\"},{\"@type\":\"ListItem\",\"position\":2,\"name\":\"Produits\",\"item\":\"https:\/\/riegos.com\/fr\/produits\/\"},{\"@type\":\"ListItem\",\"position\":3,\"name\":\"DEPART\"}]},{\"@type\":\"WebSite\",\"@id\":\"https:\/\/riegos.com\/fr\/#website\",\"url\":\"https:\/\/riegos.com\/fr\/\",\"name\":\"Abrisa. La Casa del Riego\",\"description\":\"\",\"publisher\":{\"@id\":\"https:\/\/riegos.com\/fr\/#organization\"},\"potentialAction\":[{\"@type\":\"SearchAction\",\"target\":{\"@type\":\"EntryPoint\",\"urlTemplate\":\"https:\/\/riegos.com\/fr\/?s={search_term_string}\"},\"query-input\":{\"@type\":\"PropertyValueSpecification\",\"valueRequired\":true,\"valueName\":\"search_term_string\"}}],\"inLanguage\":\"fr-FR\"},{\"@type\":\"Organization\",\"@id\":\"https:\/\/riegos.com\/fr\/#organization\",\"name\":\"ABANILLA RIEGOS SA\",\"url\":\"https:\/\/riegos.com\/fr\/\",\"logo\":{\"@type\":\"ImageObject\",\"inLanguage\":\"fr-FR\",\"@id\":\"https:\/\/riegos.com\/fr\/#\/schema\/logo\/image\/\",\"url\":\"https:\/\/riegos.com\/wp-content\/uploads\/2021\/10\/logo_trim.png\",\"contentUrl\":\"https:\/\/riegos.com\/wp-content\/uploads\/2021\/10\/logo_trim.png\",\"width\":217,\"height\":129,\"caption\":\"ABANILLA RIEGOS SA\"},\"image\":{\"@id\":\"https:\/\/riegos.com\/fr\/#\/schema\/logo\/image\/\"},\"sameAs\":[\"https:\/\/es-es.facebook.com\/AbrisaRiegos\/\"]}]}<\/script>\n<!-- \/ Yoast SEO plugin. -->","yoast_head_json":{"title":"DEPART - Abrisa. La Casa del Riego","robots":{"index":"index","follow":"follow","max-snippet":"max-snippet:-1","max-image-preview":"max-image-preview:large","max-video-preview":"max-video-preview:-1"},"canonical":"https:\/\/riegos.com\/fr\/producto\/depart\/","og_locale":"fr_FR","og_type":"article","og_title":"DEPART - Abrisa. La Casa del Riego","og_description":"[vc_row][vc_column][vc_column_text] R\u00e9f\u00e9rence Mesure P.V.P. (\u20ac) Poids Pi\u00e8ce (gr) Poids de la bo\u00eete (gr) Unit\u00e9s \/ Sac Unit\u00e9s \/ Bo\u00eete Type de conteneur Code EAN 0951 16 mm 0,0751 2.00 5,100.00 100 2000 2 8435277909510 1451 17 mm 0,1535 &#8211; 5,270.00 100 2000 2 8435277914514 0952 18 mm 0,1518 &#8211; 7,400.00 100 2000 4 8435277909527 0953 [&hellip;]","og_url":"https:\/\/riegos.com\/fr\/producto\/depart\/","og_site_name":"Abrisa. La Casa del Riego","article_publisher":"https:\/\/es-es.facebook.com\/AbrisaRiegos\/","article_modified_time":"2024-03-21T10:16:59+00:00","og_image":[{"width":1811,"height":1106,"url":"https:\/\/riegos.com\/wp-content\/uploads\/2021\/08\/0950.jpg","type":"image\/jpeg"}],"twitter_card":"summary_large_image","twitter_misc":{"Dur\u00e9e de lecture estim\u00e9e":"1 minute"},"schema":{"@context":"https:\/\/schema.org","@graph":[{"@type":"WebPage","@id":"https:\/\/riegos.com\/fr\/producto\/depart\/","url":"https:\/\/riegos.com\/fr\/producto\/depart\/","name":"DEPART - Abrisa. La Casa del Riego","isPartOf":{"@id":"https:\/\/riegos.com\/fr\/#website"},"primaryImageOfPage":{"@id":"https:\/\/riegos.com\/fr\/producto\/depart\/#primaryimage"},"image":{"@id":"https:\/\/riegos.com\/fr\/producto\/depart\/#primaryimage"},"thumbnailUrl":"https:\/\/riegos.com\/wp-content\/uploads\/2021\/08\/0950.jpg","datePublished":"2021-08-19T10:35:16+00:00","dateModified":"2024-03-21T10:16:59+00:00","breadcrumb":{"@id":"https:\/\/riegos.com\/fr\/producto\/depart\/#breadcrumb"},"inLanguage":"fr-FR","potentialAction":[{"@type":"ReadAction","target":["https:\/\/riegos.com\/fr\/producto\/depart\/"]}]},{"@type":"ImageObject","inLanguage":"fr-FR","@id":"https:\/\/riegos.com\/fr\/producto\/depart\/#primaryimage","url":"https:\/\/riegos.com\/wp-content\/uploads\/2021\/08\/0950.jpg","contentUrl":"https:\/\/riegos.com\/wp-content\/uploads\/2021\/08\/0950.jpg","width":1811,"height":1106},{"@type":"BreadcrumbList","@id":"https:\/\/riegos.com\/fr\/producto\/depart\/#breadcrumb","itemListElement":[{"@type":"ListItem","position":1,"name":"Inicio","item":"https:\/\/riegos.com\/fr\/"},{"@type":"ListItem","position":2,"name":"Produits","item":"https:\/\/riegos.com\/fr\/produits\/"},{"@type":"ListItem","position":3,"name":"DEPART"}]},{"@type":"WebSite","@id":"https:\/\/riegos.com\/fr\/#website","url":"https:\/\/riegos.com\/fr\/","name":"Abrisa. La Casa del Riego","description":"","publisher":{"@id":"https:\/\/riegos.com\/fr\/#organization"},"potentialAction":[{"@type":"SearchAction","target":{"@type":"EntryPoint","urlTemplate":"https:\/\/riegos.com\/fr\/?s={search_term_string}"},"query-input":{"@type":"PropertyValueSpecification","valueRequired":true,"valueName":"search_term_string"}}],"inLanguage":"fr-FR"},{"@type":"Organization","@id":"https:\/\/riegos.com\/fr\/#organization","name":"ABANILLA RIEGOS SA","url":"https:\/\/riegos.com\/fr\/","logo":{"@type":"ImageObject","inLanguage":"fr-FR","@id":"https:\/\/riegos.com\/fr\/#\/schema\/logo\/image\/","url":"https:\/\/riegos.com\/wp-content\/uploads\/2021\/10\/logo_trim.png","contentUrl":"https:\/\/riegos.com\/wp-content\/uploads\/2021\/10\/logo_trim.png","width":217,"height":129,"caption":"ABANILLA RIEGOS SA"},"image":{"@id":"https:\/\/riegos.com\/fr\/#\/schema\/logo\/image\/"},"sameAs":["https:\/\/es-es.facebook.com\/AbrisaRiegos\/"]}]}},"_links":{"self":[{"href":"https:\/\/riegos.com\/fr\/wp-json\/wp\/v2\/product\/8382","targetHints":{"allow":["GET"]}}],"collection":[{"href":"https:\/\/riegos.com\/fr\/wp-json\/wp\/v2\/product"}],"about":[{"href":"https:\/\/riegos.com\/fr\/wp-json\/wp\/v2\/types\/product"}],"replies":[{"embeddable":true,"href":"https:\/\/riegos.com\/fr\/wp-json\/wp\/v2\/comments?post=8382"}],"wp:featuredmedia":[{"embeddable":true,"href":"https:\/\/riegos.com\/fr\/wp-json\/wp\/v2\/media\/7469"}],"wp:attachment":[{"href":"https:\/\/riegos.com\/fr\/wp-json\/wp\/v2\/media?parent=8382"}],"wp:term":[{"taxonomy":"product_cat","embeddable":true,"href":"https:\/\/riegos.com\/fr\/wp-json\/wp\/v2\/product_cat?post=8382"},{"taxonomy":"product_tag","embeddable":true,"href":"https:\/\/riegos.com\/fr\/wp-json\/wp\/v2\/product_tag?post=8382"}],"curies":[{"name":"wp","href":"https:\/\/api.w.org\/{rel}","templated":true}]}}