{"id":8373,"date":"2021-08-19T09:55:14","date_gmt":"2021-08-19T10:35:16","guid":{"rendered":"https:\/\/riegos.com\/producto\/te\/"},"modified":"2024-02-21T14:51:09","modified_gmt":"2024-02-21T14:51:09","slug":"te","status":"publish","type":"product","link":"https:\/\/riegos.com\/fr\/producto\/te\/","title":{"rendered":"TE"},"content":{"rendered":"<p>[vc_row][vc_column][vc_column_text]<\/p>\n<table width=\"873\">\n<tbody>\n<tr>\n<td width=\"63\">R\u00e9f\u00e9rence<\/td>\n<td width=\"93\">Mesure<\/td>\n<td width=\"65\">P.V.P. (\u20ac)<\/td>\n<td width=\"105\">Poids Pi\u00e8ce (gr)<\/td>\n<td width=\"133\">Poids de la bo\u00eete (gr)<\/td>\n<td width=\"92\">Unit\u00e9s \/ Sac<\/td>\n<td width=\"95\">Unit\u00e9s \/ Bo\u00eete<\/td>\n<td width=\"123\">Type de conteneur<\/td>\n<td width=\"104\">Code EAN<\/td>\n<\/tr>\n<tr>\n<td>0941<\/td>\n<td>16 mm<\/td>\n<td>0,1652<\/td>\n<td>&#8211;<\/td>\n<td>5,200.00<\/td>\n<td>100<\/td>\n<td>1000<\/td>\n<td>2<\/td>\n<td>8435277909411<\/td>\n<\/tr>\n<tr>\n<td>0942<\/td>\n<td>18 mm<\/td>\n<td>0,2602<\/td>\n<td>&#8211;<\/td>\n<td>6,850.00<\/td>\n<td>100<\/td>\n<td>1000<\/td>\n<td>4<\/td>\n<td>8435277909428<\/td>\n<\/tr>\n<tr>\n<td>0944<\/td>\n<td>25 mm<\/td>\n<td>0,9240<\/td>\n<td>&#8211;<\/td>\n<td>4,630.00<\/td>\n<td>1<\/td>\n<td>200<\/td>\n<td>2<\/td>\n<td>8435277909442<\/td>\n<\/tr>\n<tr>\n<td>0945<\/td>\n<td>32 mm<\/td>\n<td>1,2936<\/td>\n<td>&#8211;<\/td>\n<td>6,675.00<\/td>\n<td>1<\/td>\n<td>200<\/td>\n<td>4<\/td>\n<td>8435277909459<\/td>\n<\/tr>\n<tr>\n<td>0946<\/td>\n<td>16 mm<\/td>\n<td>0,1987<\/td>\n<td>3.02<\/td>\n<td>2,880.00<\/td>\n<td>5<\/td>\n<td>500<\/td>\n<td>2<\/td>\n<td>8435277909466<\/td>\n<\/tr>\n<tr>\n<td>0947<\/td>\n<td>40 mm<\/td>\n<td>1,7325<\/td>\n<td>&#8211;<\/td>\n<td>8,915.00<\/td>\n<td>1<\/td>\n<td>150<\/td>\n<td>3<\/td>\n<td>8435277909473<\/td>\n<\/tr>\n<tr>\n<td>0948<\/td>\n<td>50 mm<\/td>\n<td>2,8875<\/td>\n<td>&#8211;<\/td>\n<td>10,800.00<\/td>\n<td>0<\/td>\n<td>100<\/td>\n<td>7<\/td>\n<td>843527790948<\/td>\n<\/tr>\n<tr>\n<td>0949<\/td>\n<td>63 mm<\/td>\n<td>4,0425<\/td>\n<td>187.22<\/td>\n<td>10,550.00<\/td>\n<td>1<\/td>\n<td>50<\/td>\n<td>3<\/td>\n<td>8435277909497<\/td>\n<\/tr>\n<\/tbody>\n<\/table>\n<p>[\/vc_column_text][\/vc_column][\/vc_row]<\/p>\n","protected":false},"excerpt":{"rendered":"<p>[vc_row][vc_column][vc_column_text] R\u00e9f\u00e9rence Mesure P.V.P. (\u20ac) Poids Pi\u00e8ce (gr) Poids de la bo\u00eete (gr) Unit\u00e9s \/ Sac Unit\u00e9s \/ Bo\u00eete Type de conteneur Code EAN 0941 16 mm 0,1652 &#8211; 5,200.00 100 1000 2 8435277909411 0942 18 mm 0,2602 &#8211; 6,850.00 100 1000 4 8435277909428 0944 25 mm 0,9240 &#8211; 4,630.00 1 200 2 8435277909442 0945 [&hellip;]<\/p>\n","protected":false},"featured_media":7458,"comment_status":"closed","ping_status":"closed","template":"","meta":{"_acf_changed":false},"product_brand":[],"product_cat":[1109,1140],"product_tag":[],"class_list":{"0":"post-8373","1":"product","2":"type-product","3":"status-publish","4":"has-post-thumbnail","6":"product_cat-accessoires-pour-lirrigation","7":"product_cat-raccords-simple","9":"first","10":"instock","11":"purchasable","12":"product-type-variable"},"acf":[],"yoast_head":"<!-- This site is optimized with the Yoast SEO plugin v27.4 - https:\/\/yoast.com\/product\/yoast-seo-wordpress\/ -->\n<title>TE - Abrisa. La Casa del Riego<\/title>\n<meta name=\"robots\" content=\"index, follow, max-snippet:-1, max-image-preview:large, max-video-preview:-1\" \/>\n<link rel=\"canonical\" href=\"https:\/\/riegos.com\/fr\/producto\/te\/\" \/>\n<meta property=\"og:locale\" content=\"fr_FR\" \/>\n<meta property=\"og:type\" content=\"article\" \/>\n<meta property=\"og:title\" content=\"TE - Abrisa. La Casa del Riego\" \/>\n<meta property=\"og:description\" content=\"[vc_row][vc_column][vc_column_text] R\u00e9f\u00e9rence Mesure P.V.P. (\u20ac) Poids Pi\u00e8ce (gr) Poids de la bo\u00eete (gr) Unit\u00e9s \/ Sac Unit\u00e9s \/ Bo\u00eete Type de conteneur Code EAN 0941 16 mm 0,1652 &#8211; 5,200.00 100 1000 2 8435277909411 0942 18 mm 0,2602 &#8211; 6,850.00 100 1000 4 8435277909428 0944 25 mm 0,9240 &#8211; 4,630.00 1 200 2 8435277909442 0945 [&hellip;]\" \/>\n<meta property=\"og:url\" content=\"https:\/\/riegos.com\/fr\/producto\/te\/\" \/>\n<meta property=\"og:site_name\" content=\"Abrisa. La Casa del Riego\" \/>\n<meta property=\"article:publisher\" content=\"https:\/\/es-es.facebook.com\/AbrisaRiegos\/\" \/>\n<meta property=\"article:modified_time\" content=\"2024-02-21T14:51:09+00:00\" \/>\n<meta property=\"og:image\" content=\"https:\/\/riegos.com\/wp-content\/uploads\/2021\/08\/0940.jpg\" \/>\n\t<meta property=\"og:image:width\" content=\"1300\" \/>\n\t<meta property=\"og:image:height\" content=\"798\" \/>\n\t<meta property=\"og:image:type\" content=\"image\/jpeg\" \/>\n<meta name=\"twitter:card\" content=\"summary_large_image\" \/>\n<meta name=\"twitter:label1\" content=\"Dur\u00e9e de lecture estim\u00e9e\" \/>\n\t<meta name=\"twitter:data1\" content=\"1 minute\" \/>\n<script type=\"application\/ld+json\" class=\"yoast-schema-graph\">{\"@context\":\"https:\\\/\\\/schema.org\",\"@graph\":[{\"@type\":\"WebPage\",\"@id\":\"https:\\\/\\\/riegos.com\\\/fr\\\/producto\\\/te\\\/\",\"url\":\"https:\\\/\\\/riegos.com\\\/fr\\\/producto\\\/te\\\/\",\"name\":\"TE - Abrisa. La Casa del Riego\",\"isPartOf\":{\"@id\":\"https:\\\/\\\/riegos.com\\\/fr\\\/#website\"},\"primaryImageOfPage\":{\"@id\":\"https:\\\/\\\/riegos.com\\\/fr\\\/producto\\\/te\\\/#primaryimage\"},\"image\":{\"@id\":\"https:\\\/\\\/riegos.com\\\/fr\\\/producto\\\/te\\\/#primaryimage\"},\"thumbnailUrl\":\"https:\\\/\\\/riegos.com\\\/wp-content\\\/uploads\\\/2021\\\/08\\\/0940.jpg\",\"datePublished\":\"2021-08-19T10:35:16+00:00\",\"dateModified\":\"2024-02-21T14:51:09+00:00\",\"breadcrumb\":{\"@id\":\"https:\\\/\\\/riegos.com\\\/fr\\\/producto\\\/te\\\/#breadcrumb\"},\"inLanguage\":\"fr-FR\",\"potentialAction\":[{\"@type\":\"ReadAction\",\"target\":[\"https:\\\/\\\/riegos.com\\\/fr\\\/producto\\\/te\\\/\"]}]},{\"@type\":\"ImageObject\",\"inLanguage\":\"fr-FR\",\"@id\":\"https:\\\/\\\/riegos.com\\\/fr\\\/producto\\\/te\\\/#primaryimage\",\"url\":\"https:\\\/\\\/riegos.com\\\/wp-content\\\/uploads\\\/2021\\\/08\\\/0940.jpg\",\"contentUrl\":\"https:\\\/\\\/riegos.com\\\/wp-content\\\/uploads\\\/2021\\\/08\\\/0940.jpg\",\"width\":1300,\"height\":798},{\"@type\":\"BreadcrumbList\",\"@id\":\"https:\\\/\\\/riegos.com\\\/fr\\\/producto\\\/te\\\/#breadcrumb\",\"itemListElement\":[{\"@type\":\"ListItem\",\"position\":1,\"name\":\"Inicio\",\"item\":\"https:\\\/\\\/riegos.com\\\/fr\\\/\"},{\"@type\":\"ListItem\",\"position\":2,\"name\":\"Productos\",\"item\":\"https:\\\/\\\/riegos.com\\\/productos\\\/\"},{\"@type\":\"ListItem\",\"position\":3,\"name\":\"TE\"}]},{\"@type\":\"WebSite\",\"@id\":\"https:\\\/\\\/riegos.com\\\/fr\\\/#website\",\"url\":\"https:\\\/\\\/riegos.com\\\/fr\\\/\",\"name\":\"Abrisa. La Casa del Riego\",\"description\":\"\",\"publisher\":{\"@id\":\"https:\\\/\\\/riegos.com\\\/fr\\\/#organization\"},\"potentialAction\":[{\"@type\":\"SearchAction\",\"target\":{\"@type\":\"EntryPoint\",\"urlTemplate\":\"https:\\\/\\\/riegos.com\\\/fr\\\/?s={search_term_string}\"},\"query-input\":{\"@type\":\"PropertyValueSpecification\",\"valueRequired\":true,\"valueName\":\"search_term_string\"}}],\"inLanguage\":\"fr-FR\"},{\"@type\":\"Organization\",\"@id\":\"https:\\\/\\\/riegos.com\\\/fr\\\/#organization\",\"name\":\"ABANILLA RIEGOS SA\",\"url\":\"https:\\\/\\\/riegos.com\\\/fr\\\/\",\"logo\":{\"@type\":\"ImageObject\",\"inLanguage\":\"fr-FR\",\"@id\":\"https:\\\/\\\/riegos.com\\\/fr\\\/#\\\/schema\\\/logo\\\/image\\\/\",\"url\":\"https:\\\/\\\/riegos.com\\\/wp-content\\\/uploads\\\/2021\\\/10\\\/logo_trim.png\",\"contentUrl\":\"https:\\\/\\\/riegos.com\\\/wp-content\\\/uploads\\\/2021\\\/10\\\/logo_trim.png\",\"width\":217,\"height\":129,\"caption\":\"ABANILLA RIEGOS SA\"},\"image\":{\"@id\":\"https:\\\/\\\/riegos.com\\\/fr\\\/#\\\/schema\\\/logo\\\/image\\\/\"},\"sameAs\":[\"https:\\\/\\\/es-es.facebook.com\\\/AbrisaRiegos\\\/\"]}]}<\/script>\n<!-- \/ Yoast SEO plugin. -->","yoast_head_json":{"title":"TE - Abrisa. La Casa del Riego","robots":{"index":"index","follow":"follow","max-snippet":"max-snippet:-1","max-image-preview":"max-image-preview:large","max-video-preview":"max-video-preview:-1"},"canonical":"https:\/\/riegos.com\/fr\/producto\/te\/","og_locale":"fr_FR","og_type":"article","og_title":"TE - Abrisa. La Casa del Riego","og_description":"[vc_row][vc_column][vc_column_text] R\u00e9f\u00e9rence Mesure P.V.P. (\u20ac) Poids Pi\u00e8ce (gr) Poids de la bo\u00eete (gr) Unit\u00e9s \/ Sac Unit\u00e9s \/ Bo\u00eete Type de conteneur Code EAN 0941 16 mm 0,1652 &#8211; 5,200.00 100 1000 2 8435277909411 0942 18 mm 0,2602 &#8211; 6,850.00 100 1000 4 8435277909428 0944 25 mm 0,9240 &#8211; 4,630.00 1 200 2 8435277909442 0945 [&hellip;]","og_url":"https:\/\/riegos.com\/fr\/producto\/te\/","og_site_name":"Abrisa. La Casa del Riego","article_publisher":"https:\/\/es-es.facebook.com\/AbrisaRiegos\/","article_modified_time":"2024-02-21T14:51:09+00:00","og_image":[{"width":1300,"height":798,"url":"https:\/\/riegos.com\/wp-content\/uploads\/2021\/08\/0940.jpg","type":"image\/jpeg"}],"twitter_card":"summary_large_image","twitter_misc":{"Dur\u00e9e de lecture estim\u00e9e":"1 minute"},"schema":{"@context":"https:\/\/schema.org","@graph":[{"@type":"WebPage","@id":"https:\/\/riegos.com\/fr\/producto\/te\/","url":"https:\/\/riegos.com\/fr\/producto\/te\/","name":"TE - Abrisa. La Casa del Riego","isPartOf":{"@id":"https:\/\/riegos.com\/fr\/#website"},"primaryImageOfPage":{"@id":"https:\/\/riegos.com\/fr\/producto\/te\/#primaryimage"},"image":{"@id":"https:\/\/riegos.com\/fr\/producto\/te\/#primaryimage"},"thumbnailUrl":"https:\/\/riegos.com\/wp-content\/uploads\/2021\/08\/0940.jpg","datePublished":"2021-08-19T10:35:16+00:00","dateModified":"2024-02-21T14:51:09+00:00","breadcrumb":{"@id":"https:\/\/riegos.com\/fr\/producto\/te\/#breadcrumb"},"inLanguage":"fr-FR","potentialAction":[{"@type":"ReadAction","target":["https:\/\/riegos.com\/fr\/producto\/te\/"]}]},{"@type":"ImageObject","inLanguage":"fr-FR","@id":"https:\/\/riegos.com\/fr\/producto\/te\/#primaryimage","url":"https:\/\/riegos.com\/wp-content\/uploads\/2021\/08\/0940.jpg","contentUrl":"https:\/\/riegos.com\/wp-content\/uploads\/2021\/08\/0940.jpg","width":1300,"height":798},{"@type":"BreadcrumbList","@id":"https:\/\/riegos.com\/fr\/producto\/te\/#breadcrumb","itemListElement":[{"@type":"ListItem","position":1,"name":"Inicio","item":"https:\/\/riegos.com\/fr\/"},{"@type":"ListItem","position":2,"name":"Productos","item":"https:\/\/riegos.com\/productos\/"},{"@type":"ListItem","position":3,"name":"TE"}]},{"@type":"WebSite","@id":"https:\/\/riegos.com\/fr\/#website","url":"https:\/\/riegos.com\/fr\/","name":"Abrisa. La Casa del Riego","description":"","publisher":{"@id":"https:\/\/riegos.com\/fr\/#organization"},"potentialAction":[{"@type":"SearchAction","target":{"@type":"EntryPoint","urlTemplate":"https:\/\/riegos.com\/fr\/?s={search_term_string}"},"query-input":{"@type":"PropertyValueSpecification","valueRequired":true,"valueName":"search_term_string"}}],"inLanguage":"fr-FR"},{"@type":"Organization","@id":"https:\/\/riegos.com\/fr\/#organization","name":"ABANILLA RIEGOS SA","url":"https:\/\/riegos.com\/fr\/","logo":{"@type":"ImageObject","inLanguage":"fr-FR","@id":"https:\/\/riegos.com\/fr\/#\/schema\/logo\/image\/","url":"https:\/\/riegos.com\/wp-content\/uploads\/2021\/10\/logo_trim.png","contentUrl":"https:\/\/riegos.com\/wp-content\/uploads\/2021\/10\/logo_trim.png","width":217,"height":129,"caption":"ABANILLA RIEGOS SA"},"image":{"@id":"https:\/\/riegos.com\/fr\/#\/schema\/logo\/image\/"},"sameAs":["https:\/\/es-es.facebook.com\/AbrisaRiegos\/"]}]}},"_links":{"self":[{"href":"https:\/\/riegos.com\/fr\/wp-json\/wp\/v2\/product\/8373","targetHints":{"allow":["GET"]}}],"collection":[{"href":"https:\/\/riegos.com\/fr\/wp-json\/wp\/v2\/product"}],"about":[{"href":"https:\/\/riegos.com\/fr\/wp-json\/wp\/v2\/types\/product"}],"replies":[{"embeddable":true,"href":"https:\/\/riegos.com\/fr\/wp-json\/wp\/v2\/comments?post=8373"}],"wp:featuredmedia":[{"embeddable":true,"href":"https:\/\/riegos.com\/fr\/wp-json\/wp\/v2\/media\/7458"}],"wp:attachment":[{"href":"https:\/\/riegos.com\/fr\/wp-json\/wp\/v2\/media?parent=8373"}],"wp:term":[{"taxonomy":"product_brand","embeddable":true,"href":"https:\/\/riegos.com\/fr\/wp-json\/wp\/v2\/product_brand?post=8373"},{"taxonomy":"product_cat","embeddable":true,"href":"https:\/\/riegos.com\/fr\/wp-json\/wp\/v2\/product_cat?post=8373"},{"taxonomy":"product_tag","embeddable":true,"href":"https:\/\/riegos.com\/fr\/wp-json\/wp\/v2\/product_tag?post=8373"}],"curies":[{"name":"wp","href":"https:\/\/api.w.org\/{rel}","templated":true}]}}