{"id":8196,"date":"2021-08-19T09:52:48","date_gmt":"2021-08-19T10:32:01","guid":{"rendered":"https:\/\/riegos.com\/producto\/filtre-a-tamis\/"},"modified":"2024-03-12T14:02:56","modified_gmt":"2024-03-12T14:02:56","slug":"filtre-a-tamis","status":"publish","type":"product","link":"https:\/\/riegos.com\/fr\/producto\/filtre-a-tamis\/","title":{"rendered":"FILTRE A TAMIS"},"content":{"rendered":"<p>[vc_row][vc_column][vc_column_text]<\/p>\n<table width=\"873\">\n<tbody>\n<tr>\n<td width=\"63\">R\u00e9f\u00e9rence<\/td>\n<td width=\"300\">Mesure<\/td>\n<td width=\"65\">P.V.P. (\u20ac)<\/td>\n<td width=\"105\">Poids Pi\u00e8ce (gr)<\/td>\n<td width=\"133\">Poids de la bo\u00eete (gr)<\/td>\n<td width=\"92\">Unit\u00e9s \/ Sac<\/td>\n<td width=\"95\">Unit\u00e9s \/ Bo\u00eete<\/td>\n<td width=\"123\">Type de conteneur<\/td>\n<td width=\"104\">Code EAN<\/td>\n<\/tr>\n<tr>\n<td>0230<\/td>\n<td>1\/2&#8243; (50 MESH)<\/td>\n<td>14,2834<\/td>\n<td>&#8211;<\/td>\n<td>5,100.00<\/td>\n<td>1<\/td>\n<td>20<\/td>\n<td>2<\/td>\n<td>8435277902306<\/td>\n<\/tr>\n<tr>\n<td>0231<\/td>\n<td>3\/4 (50 MESH)<\/td>\n<td>14,2834<\/td>\n<td>233.20<\/td>\n<td>5,200.00<\/td>\n<td>1<\/td>\n<td>20<\/td>\n<td>2<\/td>\n<td>8435277902313<\/td>\n<\/tr>\n<tr>\n<td>0232<\/td>\n<td>1&#8243; (50 MESH)<\/td>\n<td>15,5938<\/td>\n<td>267.20<\/td>\n<td>5,900.00<\/td>\n<td>1<\/td>\n<td>20<\/td>\n<td>2<\/td>\n<td>8435277902320<\/td>\n<\/tr>\n<tr>\n<td>0233<\/td>\n<td>1 1\/4&#8243; (50MESH)<\/td>\n<td>20,9795<\/td>\n<td>281.20<\/td>\n<td>6,200.00<\/td>\n<td>1<\/td>\n<td>20<\/td>\n<td>2<\/td>\n<td>8435277902337<\/td>\n<\/tr>\n<tr>\n<td>0234<\/td>\n<td>1 1\/2&#8243; (50MESH)<\/td>\n<td>26,8108<\/td>\n<td>&#8211;<\/td>\n<td>7,100.00<\/td>\n<td>1<\/td>\n<td>10<\/td>\n<td>4<\/td>\n<td>8435277902344<\/td>\n<\/tr>\n<tr>\n<td>0235<\/td>\n<td>2&#8243; (50MESH)<\/td>\n<td>46,2571<\/td>\n<td>&#8211;<\/td>\n<td>7,100.00<\/td>\n<td>1<\/td>\n<td>10<\/td>\n<td>3<\/td>\n<td>8435277902351<\/td>\n<\/tr>\n<tr>\n<td>0240<\/td>\n<td>1\/2&#8243; (100 MESH)<\/td>\n<td>14,2834<\/td>\n<td>&#8211;<\/td>\n<td>5,100.00<\/td>\n<td>1<\/td>\n<td>20<\/td>\n<td>2<\/td>\n<td>8435277902405<\/td>\n<\/tr>\n<tr>\n<td>0241<\/td>\n<td>3\/4&#8243; (100 MESH)<\/td>\n<td>14,2834<\/td>\n<td>&#8211;<\/td>\n<td>5,200.00<\/td>\n<td>1<\/td>\n<td>20<\/td>\n<td>2<\/td>\n<td>8435277902412<\/td>\n<\/tr>\n<tr>\n<td>0242<\/td>\n<td>1&#8243; (100 MESH)<\/td>\n<td>15,5938<\/td>\n<td>260.78<\/td>\n<td>5,900.00<\/td>\n<td>1<\/td>\n<td>20<\/td>\n<td>2<\/td>\n<td>8435277902429<\/td>\n<\/tr>\n<tr>\n<td>0243<\/td>\n<td>1 1\/4&#8243; (100 MESH)<\/td>\n<td>20,9795<\/td>\n<td>271.42<\/td>\n<td>6,200.00<\/td>\n<td>1<\/td>\n<td>20<\/td>\n<td>2<\/td>\n<td>8435277902436<\/td>\n<\/tr>\n<tr>\n<td>0244<\/td>\n<td>1 1\/2&#8243; (100 MESH)<\/td>\n<td>26,8108<\/td>\n<td>&#8211;<\/td>\n<td>7,100.00<\/td>\n<td>1<\/td>\n<td>10<\/td>\n<td>4<\/td>\n<td>8435277902443<\/td>\n<\/tr>\n<tr>\n<td>0245<\/td>\n<td>2&#8243; (100 MESH)<\/td>\n<td>46,2571<\/td>\n<td>&#8211;<\/td>\n<td>7,100.00<\/td>\n<td>1<\/td>\n<td>10<\/td>\n<td>3<\/td>\n<td>8435277902450<\/td>\n<\/tr>\n<tr>\n<td>0250<\/td>\n<td>1\/2&#8243; (120 MESH)<\/td>\n<td>14,2834<\/td>\n<td>&#8211;<\/td>\n<td>5,100.00<\/td>\n<td>1<\/td>\n<td>20<\/td>\n<td>2<\/td>\n<td>8435277902504<\/td>\n<\/tr>\n<tr>\n<td>0251<\/td>\n<td>3\/4&#8243; (120 MESH)<\/td>\n<td>14,2834<\/td>\n<td>&#8211;<\/td>\n<td>5,200.00<\/td>\n<td>1<\/td>\n<td>20<\/td>\n<td>2<\/td>\n<td>8435277902511<\/td>\n<\/tr>\n<tr>\n<td>0252<\/td>\n<td>1&#8243; (120 MESH)<\/td>\n<td>15,5938<\/td>\n<td>&#8211;<\/td>\n<td>5,900.00<\/td>\n<td>1<\/td>\n<td>20<\/td>\n<td>2<\/td>\n<td>8435277902528<\/td>\n<\/tr>\n<tr>\n<td>0253<\/td>\n<td>1 1\/4&#8243; (120 MESH)<\/td>\n<td>20,9795<\/td>\n<td>&#8211;<\/td>\n<td>6,020.00<\/td>\n<td>1<\/td>\n<td>20<\/td>\n<td>2<\/td>\n<td>8435277902535<\/td>\n<\/tr>\n<tr>\n<td>0254<\/td>\n<td>1 1\/2&#8243; (120 MESH)<\/td>\n<td>26,8108<\/td>\n<td>&#8211;<\/td>\n<td>7,210.00<\/td>\n<td>1<\/td>\n<td>10<\/td>\n<td>4<\/td>\n<td>8435277902542<\/td>\n<\/tr>\n<tr>\n<td>0255<\/td>\n<td>2&#8243; (120 MESH)<\/td>\n<td>46,2571<\/td>\n<td>&#8211;<\/td>\n<td>7,300.00<\/td>\n<td>1<\/td>\n<td>10<\/td>\n<td>3<\/td>\n<td>8435277902559<\/td>\n<\/tr>\n<\/tbody>\n<\/table>\n<p>[\/vc_column_text][\/vc_column][\/vc_row]<\/p>\n","protected":false},"excerpt":{"rendered":"<p>[vc_row][vc_column][vc_column_text] R\u00e9f\u00e9rence Mesure P.V.P. (\u20ac) Poids Pi\u00e8ce (gr) Poids de la bo\u00eete (gr) Unit\u00e9s \/ Sac Unit\u00e9s \/ Bo\u00eete Type de conteneur Code EAN 0230 1\/2&#8243; (50 MESH) 14,2834 &#8211; 5,100.00 1 20 2 8435277902306 0231 3\/4 (50 MESH) 14,2834 233.20 5,200.00 1 20 2 8435277902313 0232 1&#8243; (50 MESH) 15,5938 267.20 5,900.00 1 20 [&hellip;]<\/p>\n","protected":false},"featured_media":5923,"comment_status":"closed","ping_status":"closed","template":"","meta":{"_acf_changed":false},"product_brand":[],"product_cat":[1113,1109,1110],"product_tag":[],"class_list":{"0":"post-8196","1":"product","2":"type-product","3":"status-publish","4":"has-post-thumbnail","6":"product_cat-filtre-a-tamis","7":"product_cat-accessoires-pour-lirrigation","8":"product_cat-fertilisation","10":"first","11":"instock","12":"purchasable","13":"product-type-variable"},"acf":[],"yoast_head":"<!-- This site is optimized with the Yoast SEO plugin v27.4 - https:\/\/yoast.com\/product\/yoast-seo-wordpress\/ -->\n<title>FILTRE A TAMIS - Abrisa. La Casa del Riego<\/title>\n<meta name=\"robots\" content=\"index, follow, max-snippet:-1, max-image-preview:large, max-video-preview:-1\" \/>\n<link rel=\"canonical\" href=\"https:\/\/riegos.com\/fr\/producto\/filtre-a-tamis\/\" \/>\n<meta property=\"og:locale\" content=\"fr_FR\" \/>\n<meta property=\"og:type\" content=\"article\" \/>\n<meta property=\"og:title\" content=\"FILTRE A TAMIS - Abrisa. La Casa del Riego\" \/>\n<meta property=\"og:description\" content=\"[vc_row][vc_column][vc_column_text] R\u00e9f\u00e9rence Mesure P.V.P. (\u20ac) Poids Pi\u00e8ce (gr) Poids de la bo\u00eete (gr) Unit\u00e9s \/ Sac Unit\u00e9s \/ Bo\u00eete Type de conteneur Code EAN 0230 1\/2&#8243; (50 MESH) 14,2834 &#8211; 5,100.00 1 20 2 8435277902306 0231 3\/4 (50 MESH) 14,2834 233.20 5,200.00 1 20 2 8435277902313 0232 1&#8243; (50 MESH) 15,5938 267.20 5,900.00 1 20 [&hellip;]\" \/>\n<meta property=\"og:url\" content=\"https:\/\/riegos.com\/fr\/producto\/filtre-a-tamis\/\" \/>\n<meta property=\"og:site_name\" content=\"Abrisa. La Casa del Riego\" \/>\n<meta property=\"article:publisher\" content=\"https:\/\/es-es.facebook.com\/AbrisaRiegos\/\" \/>\n<meta property=\"article:modified_time\" content=\"2024-03-12T14:02:56+00:00\" \/>\n<meta property=\"og:image\" content=\"https:\/\/riegos.com\/wp-content\/uploads\/2021\/08\/0230.jpg\" \/>\n\t<meta property=\"og:image:width\" content=\"613\" \/>\n\t<meta property=\"og:image:height\" content=\"1239\" \/>\n\t<meta property=\"og:image:type\" content=\"image\/jpeg\" \/>\n<meta name=\"twitter:card\" content=\"summary_large_image\" \/>\n<meta name=\"twitter:label1\" content=\"Dur\u00e9e de lecture estim\u00e9e\" \/>\n\t<meta name=\"twitter:data1\" content=\"1 minute\" \/>\n<script type=\"application\/ld+json\" class=\"yoast-schema-graph\">{\"@context\":\"https:\\\/\\\/schema.org\",\"@graph\":[{\"@type\":\"WebPage\",\"@id\":\"https:\\\/\\\/riegos.com\\\/fr\\\/producto\\\/filtre-a-tamis\\\/\",\"url\":\"https:\\\/\\\/riegos.com\\\/fr\\\/producto\\\/filtre-a-tamis\\\/\",\"name\":\"FILTRE A TAMIS - Abrisa. La Casa del Riego\",\"isPartOf\":{\"@id\":\"https:\\\/\\\/riegos.com\\\/fr\\\/#website\"},\"primaryImageOfPage\":{\"@id\":\"https:\\\/\\\/riegos.com\\\/fr\\\/producto\\\/filtre-a-tamis\\\/#primaryimage\"},\"image\":{\"@id\":\"https:\\\/\\\/riegos.com\\\/fr\\\/producto\\\/filtre-a-tamis\\\/#primaryimage\"},\"thumbnailUrl\":\"https:\\\/\\\/riegos.com\\\/wp-content\\\/uploads\\\/2021\\\/08\\\/0230.jpg\",\"datePublished\":\"2021-08-19T10:32:01+00:00\",\"dateModified\":\"2024-03-12T14:02:56+00:00\",\"breadcrumb\":{\"@id\":\"https:\\\/\\\/riegos.com\\\/fr\\\/producto\\\/filtre-a-tamis\\\/#breadcrumb\"},\"inLanguage\":\"fr-FR\",\"potentialAction\":[{\"@type\":\"ReadAction\",\"target\":[\"https:\\\/\\\/riegos.com\\\/fr\\\/producto\\\/filtre-a-tamis\\\/\"]}]},{\"@type\":\"ImageObject\",\"inLanguage\":\"fr-FR\",\"@id\":\"https:\\\/\\\/riegos.com\\\/fr\\\/producto\\\/filtre-a-tamis\\\/#primaryimage\",\"url\":\"https:\\\/\\\/riegos.com\\\/wp-content\\\/uploads\\\/2021\\\/08\\\/0230.jpg\",\"contentUrl\":\"https:\\\/\\\/riegos.com\\\/wp-content\\\/uploads\\\/2021\\\/08\\\/0230.jpg\",\"width\":613,\"height\":1239},{\"@type\":\"BreadcrumbList\",\"@id\":\"https:\\\/\\\/riegos.com\\\/fr\\\/producto\\\/filtre-a-tamis\\\/#breadcrumb\",\"itemListElement\":[{\"@type\":\"ListItem\",\"position\":1,\"name\":\"Inicio\",\"item\":\"https:\\\/\\\/riegos.com\\\/fr\\\/\"},{\"@type\":\"ListItem\",\"position\":2,\"name\":\"Productos\",\"item\":\"https:\\\/\\\/riegos.com\\\/productos\\\/\"},{\"@type\":\"ListItem\",\"position\":3,\"name\":\"FILTRE A TAMIS\"}]},{\"@type\":\"WebSite\",\"@id\":\"https:\\\/\\\/riegos.com\\\/fr\\\/#website\",\"url\":\"https:\\\/\\\/riegos.com\\\/fr\\\/\",\"name\":\"Abrisa. La Casa del Riego\",\"description\":\"\",\"publisher\":{\"@id\":\"https:\\\/\\\/riegos.com\\\/fr\\\/#organization\"},\"potentialAction\":[{\"@type\":\"SearchAction\",\"target\":{\"@type\":\"EntryPoint\",\"urlTemplate\":\"https:\\\/\\\/riegos.com\\\/fr\\\/?s={search_term_string}\"},\"query-input\":{\"@type\":\"PropertyValueSpecification\",\"valueRequired\":true,\"valueName\":\"search_term_string\"}}],\"inLanguage\":\"fr-FR\"},{\"@type\":\"Organization\",\"@id\":\"https:\\\/\\\/riegos.com\\\/fr\\\/#organization\",\"name\":\"ABANILLA RIEGOS SA\",\"url\":\"https:\\\/\\\/riegos.com\\\/fr\\\/\",\"logo\":{\"@type\":\"ImageObject\",\"inLanguage\":\"fr-FR\",\"@id\":\"https:\\\/\\\/riegos.com\\\/fr\\\/#\\\/schema\\\/logo\\\/image\\\/\",\"url\":\"https:\\\/\\\/riegos.com\\\/wp-content\\\/uploads\\\/2021\\\/10\\\/logo_trim.png\",\"contentUrl\":\"https:\\\/\\\/riegos.com\\\/wp-content\\\/uploads\\\/2021\\\/10\\\/logo_trim.png\",\"width\":217,\"height\":129,\"caption\":\"ABANILLA RIEGOS SA\"},\"image\":{\"@id\":\"https:\\\/\\\/riegos.com\\\/fr\\\/#\\\/schema\\\/logo\\\/image\\\/\"},\"sameAs\":[\"https:\\\/\\\/es-es.facebook.com\\\/AbrisaRiegos\\\/\"]}]}<\/script>\n<!-- \/ Yoast SEO plugin. -->","yoast_head_json":{"title":"FILTRE A TAMIS - Abrisa. La Casa del Riego","robots":{"index":"index","follow":"follow","max-snippet":"max-snippet:-1","max-image-preview":"max-image-preview:large","max-video-preview":"max-video-preview:-1"},"canonical":"https:\/\/riegos.com\/fr\/producto\/filtre-a-tamis\/","og_locale":"fr_FR","og_type":"article","og_title":"FILTRE A TAMIS - Abrisa. La Casa del Riego","og_description":"[vc_row][vc_column][vc_column_text] R\u00e9f\u00e9rence Mesure P.V.P. (\u20ac) Poids Pi\u00e8ce (gr) Poids de la bo\u00eete (gr) Unit\u00e9s \/ Sac Unit\u00e9s \/ Bo\u00eete Type de conteneur Code EAN 0230 1\/2&#8243; (50 MESH) 14,2834 &#8211; 5,100.00 1 20 2 8435277902306 0231 3\/4 (50 MESH) 14,2834 233.20 5,200.00 1 20 2 8435277902313 0232 1&#8243; (50 MESH) 15,5938 267.20 5,900.00 1 20 [&hellip;]","og_url":"https:\/\/riegos.com\/fr\/producto\/filtre-a-tamis\/","og_site_name":"Abrisa. La Casa del Riego","article_publisher":"https:\/\/es-es.facebook.com\/AbrisaRiegos\/","article_modified_time":"2024-03-12T14:02:56+00:00","og_image":[{"width":613,"height":1239,"url":"https:\/\/riegos.com\/wp-content\/uploads\/2021\/08\/0230.jpg","type":"image\/jpeg"}],"twitter_card":"summary_large_image","twitter_misc":{"Dur\u00e9e de lecture estim\u00e9e":"1 minute"},"schema":{"@context":"https:\/\/schema.org","@graph":[{"@type":"WebPage","@id":"https:\/\/riegos.com\/fr\/producto\/filtre-a-tamis\/","url":"https:\/\/riegos.com\/fr\/producto\/filtre-a-tamis\/","name":"FILTRE A TAMIS - Abrisa. La Casa del Riego","isPartOf":{"@id":"https:\/\/riegos.com\/fr\/#website"},"primaryImageOfPage":{"@id":"https:\/\/riegos.com\/fr\/producto\/filtre-a-tamis\/#primaryimage"},"image":{"@id":"https:\/\/riegos.com\/fr\/producto\/filtre-a-tamis\/#primaryimage"},"thumbnailUrl":"https:\/\/riegos.com\/wp-content\/uploads\/2021\/08\/0230.jpg","datePublished":"2021-08-19T10:32:01+00:00","dateModified":"2024-03-12T14:02:56+00:00","breadcrumb":{"@id":"https:\/\/riegos.com\/fr\/producto\/filtre-a-tamis\/#breadcrumb"},"inLanguage":"fr-FR","potentialAction":[{"@type":"ReadAction","target":["https:\/\/riegos.com\/fr\/producto\/filtre-a-tamis\/"]}]},{"@type":"ImageObject","inLanguage":"fr-FR","@id":"https:\/\/riegos.com\/fr\/producto\/filtre-a-tamis\/#primaryimage","url":"https:\/\/riegos.com\/wp-content\/uploads\/2021\/08\/0230.jpg","contentUrl":"https:\/\/riegos.com\/wp-content\/uploads\/2021\/08\/0230.jpg","width":613,"height":1239},{"@type":"BreadcrumbList","@id":"https:\/\/riegos.com\/fr\/producto\/filtre-a-tamis\/#breadcrumb","itemListElement":[{"@type":"ListItem","position":1,"name":"Inicio","item":"https:\/\/riegos.com\/fr\/"},{"@type":"ListItem","position":2,"name":"Productos","item":"https:\/\/riegos.com\/productos\/"},{"@type":"ListItem","position":3,"name":"FILTRE A TAMIS"}]},{"@type":"WebSite","@id":"https:\/\/riegos.com\/fr\/#website","url":"https:\/\/riegos.com\/fr\/","name":"Abrisa. La Casa del Riego","description":"","publisher":{"@id":"https:\/\/riegos.com\/fr\/#organization"},"potentialAction":[{"@type":"SearchAction","target":{"@type":"EntryPoint","urlTemplate":"https:\/\/riegos.com\/fr\/?s={search_term_string}"},"query-input":{"@type":"PropertyValueSpecification","valueRequired":true,"valueName":"search_term_string"}}],"inLanguage":"fr-FR"},{"@type":"Organization","@id":"https:\/\/riegos.com\/fr\/#organization","name":"ABANILLA RIEGOS SA","url":"https:\/\/riegos.com\/fr\/","logo":{"@type":"ImageObject","inLanguage":"fr-FR","@id":"https:\/\/riegos.com\/fr\/#\/schema\/logo\/image\/","url":"https:\/\/riegos.com\/wp-content\/uploads\/2021\/10\/logo_trim.png","contentUrl":"https:\/\/riegos.com\/wp-content\/uploads\/2021\/10\/logo_trim.png","width":217,"height":129,"caption":"ABANILLA RIEGOS SA"},"image":{"@id":"https:\/\/riegos.com\/fr\/#\/schema\/logo\/image\/"},"sameAs":["https:\/\/es-es.facebook.com\/AbrisaRiegos\/"]}]}},"_links":{"self":[{"href":"https:\/\/riegos.com\/fr\/wp-json\/wp\/v2\/product\/8196","targetHints":{"allow":["GET"]}}],"collection":[{"href":"https:\/\/riegos.com\/fr\/wp-json\/wp\/v2\/product"}],"about":[{"href":"https:\/\/riegos.com\/fr\/wp-json\/wp\/v2\/types\/product"}],"replies":[{"embeddable":true,"href":"https:\/\/riegos.com\/fr\/wp-json\/wp\/v2\/comments?post=8196"}],"wp:featuredmedia":[{"embeddable":true,"href":"https:\/\/riegos.com\/fr\/wp-json\/wp\/v2\/media\/5923"}],"wp:attachment":[{"href":"https:\/\/riegos.com\/fr\/wp-json\/wp\/v2\/media?parent=8196"}],"wp:term":[{"taxonomy":"product_brand","embeddable":true,"href":"https:\/\/riegos.com\/fr\/wp-json\/wp\/v2\/product_brand?post=8196"},{"taxonomy":"product_cat","embeddable":true,"href":"https:\/\/riegos.com\/fr\/wp-json\/wp\/v2\/product_cat?post=8196"},{"taxonomy":"product_tag","embeddable":true,"href":"https:\/\/riegos.com\/fr\/wp-json\/wp\/v2\/product_tag?post=8196"}],"curies":[{"name":"wp","href":"https:\/\/api.w.org\/{rel}","templated":true}]}}