{"id":17970,"date":"2021-08-21T13:51:13","date_gmt":"2021-08-21T14:05:31","guid":{"rendered":"https:\/\/riegos.com\/producto\/l-20-siphon-courbe-extensible-double-evacuation-avec-vanne-extensible-et-bouchon\/"},"modified":"2024-03-21T09:29:37","modified_gmt":"2024-03-21T09:29:37","slug":"l-20-siphon-courbe-extensible-double-evacuation-avec-vanne-extensible-et-bouchon","status":"publish","type":"product","link":"https:\/\/riegos.com\/fr\/producto\/l-20-siphon-courbe-extensible-double-evacuation-avec-vanne-extensible-et-bouchon\/","title":{"rendered":"L-20 SIPHON COURBE EXTENSIBLE DOUBLE EVACUATION AVEC VANNE EXTENSIBLE ET BOUCHON"},"content":{"rendered":"<p>[vc_row][vc_column][vc_column_text]<\/p>\n<table style=\"height: 142px;\" width=\"941\">\n<tbody>\n<tr>\n<td width=\"65\">R\u00e9f\u00e9rence<\/td>\n<td width=\"300\">Mesure<\/td>\n<td width=\"66\">P.V.P. (\u20ac)<\/td>\n<td width=\"108\">Poids Pi\u00e8ce (gr)<\/td>\n<td width=\"137\">Poids de la bo\u00eete (gr)<\/td>\n<td width=\"94\">Unit\u00e9s \/ Sac<\/td>\n<td width=\"98\">Unit\u00e9s \/ Bo\u00eete<\/td>\n<td width=\"126\">Type de conteneur<\/td>\n<td width=\"107\">Code EAN<\/td>\n<\/tr>\n<tr>\n<td>6622<\/td>\n<td>(1\u00a0 1\/2&#8243; &#8211; 40 mm) &#8211; 70 mm<\/td>\n<td>16,9697<\/td>\n<td>&#8211;<\/td>\n<td>9,900.00<\/td>\n<td>1<\/td>\n<td>15<\/td>\n<td>3<\/td>\n<td>8435277966223<\/td>\n<\/tr>\n<tr>\n<td>6623<\/td>\n<td>(1\u00a0 1\/2&#8243; &#8211; 40 mm) &#8211; 85 mm<\/td>\n<td>17,9656<\/td>\n<td>&#8211;<\/td>\n<td>1.00<\/td>\n<td>1<\/td>\n<td>15<\/td>\n<td>7<\/td>\n<td>8435277966230<\/td>\n<\/tr>\n<tr>\n<td>6624<\/td>\n<td>(1\u00a0 1\/2&#8243; &#8211; 40 mm) &#8211; 115 mm<\/td>\n<td>20,1671<\/td>\n<td>&#8211;<\/td>\n<td>9,900.00<\/td>\n<td>1<\/td>\n<td>15<\/td>\n<td>7<\/td>\n<td>8435277966247<\/td>\n<\/tr>\n<\/tbody>\n<\/table>\n<p>[\/vc_column_text][\/vc_column][\/vc_row]<\/p>\n","protected":false},"excerpt":{"rendered":"<p>[vc_row][vc_column][vc_column_text] R\u00e9f\u00e9rence Mesure P.V.P. (\u20ac) Poids Pi\u00e8ce (gr) Poids de la bo\u00eete (gr) Unit\u00e9s \/ Sac Unit\u00e9s \/ Bo\u00eete Type de conteneur Code EAN 6622 (1\u00a0 1\/2&#8243; &#8211; 40 mm) &#8211; 70 mm 16,9697 &#8211; 9,900.00 1 15 3 8435277966223 6623 (1\u00a0 1\/2&#8243; &#8211; 40 mm) &#8211; 85 mm 17,9656 &#8211; 1.00 1 15 7 [&hellip;]<\/p>\n","protected":false},"featured_media":7075,"comment_status":"closed","ping_status":"closed","template":"","meta":{"_acf_changed":false},"product_cat":[1235,1246],"product_tag":[],"class_list":{"0":"post-17970","1":"product","2":"type-product","3":"status-publish","4":"has-post-thumbnail","6":"product_cat-accessoires-pour-levacuation","7":"product_cat-siphons","9":"first","10":"instock","11":"purchasable","12":"product-type-variable"},"acf":[],"yoast_head":"<!-- This site is optimized with the Yoast SEO plugin v23.7 - https:\/\/yoast.com\/wordpress\/plugins\/seo\/ -->\n<title>L-20 SIPHON COURBE EXTENSIBLE DOUBLE EVACUATION AVEC VANNE EXTENSIBLE ET BOUCHON - Abrisa. La Casa del Riego<\/title>\n<meta name=\"robots\" content=\"index, follow, max-snippet:-1, max-image-preview:large, max-video-preview:-1\" \/>\n<link rel=\"canonical\" href=\"https:\/\/riegos.com\/fr\/producto\/l-20-siphon-courbe-extensible-double-evacuation-avec-vanne-extensible-et-bouchon\/\" \/>\n<meta property=\"og:locale\" content=\"fr_FR\" \/>\n<meta property=\"og:type\" content=\"article\" \/>\n<meta property=\"og:title\" content=\"L-20 SIPHON COURBE EXTENSIBLE DOUBLE EVACUATION AVEC VANNE EXTENSIBLE ET BOUCHON - Abrisa. La Casa del Riego\" \/>\n<meta property=\"og:description\" content=\"[vc_row][vc_column][vc_column_text] R\u00e9f\u00e9rence Mesure P.V.P. (\u20ac) Poids Pi\u00e8ce (gr) Poids de la bo\u00eete (gr) Unit\u00e9s \/ Sac Unit\u00e9s \/ Bo\u00eete Type de conteneur Code EAN 6622 (1\u00a0 1\/2&#8243; &#8211; 40 mm) &#8211; 70 mm 16,9697 &#8211; 9,900.00 1 15 3 8435277966223 6623 (1\u00a0 1\/2&#8243; &#8211; 40 mm) &#8211; 85 mm 17,9656 &#8211; 1.00 1 15 7 [&hellip;]\" \/>\n<meta property=\"og:url\" content=\"https:\/\/riegos.com\/fr\/producto\/l-20-siphon-courbe-extensible-double-evacuation-avec-vanne-extensible-et-bouchon\/\" \/>\n<meta property=\"og:site_name\" content=\"Abrisa. La Casa del Riego\" \/>\n<meta property=\"article:publisher\" content=\"https:\/\/es-es.facebook.com\/AbrisaRiegos\/\" \/>\n<meta property=\"article:modified_time\" content=\"2024-03-21T09:29:37+00:00\" \/>\n<meta property=\"og:image\" content=\"https:\/\/riegos.com\/wp-content\/uploads\/2021\/08\/6622.jpg\" \/>\n\t<meta property=\"og:image:width\" content=\"1001\" \/>\n\t<meta property=\"og:image:height\" content=\"791\" \/>\n\t<meta property=\"og:image:type\" content=\"image\/jpeg\" \/>\n<meta name=\"twitter:card\" content=\"summary_large_image\" \/>\n<meta name=\"twitter:label1\" content=\"Dur\u00e9e de lecture estim\u00e9e\" \/>\n\t<meta name=\"twitter:data1\" content=\"1 minute\" \/>\n<script type=\"application\/ld+json\" class=\"yoast-schema-graph\">{\"@context\":\"https:\/\/schema.org\",\"@graph\":[{\"@type\":\"WebPage\",\"@id\":\"https:\/\/riegos.com\/fr\/producto\/l-20-siphon-courbe-extensible-double-evacuation-avec-vanne-extensible-et-bouchon\/\",\"url\":\"https:\/\/riegos.com\/fr\/producto\/l-20-siphon-courbe-extensible-double-evacuation-avec-vanne-extensible-et-bouchon\/\",\"name\":\"L-20 SIPHON COURBE EXTENSIBLE DOUBLE EVACUATION AVEC VANNE EXTENSIBLE ET BOUCHON - Abrisa. La Casa del Riego\",\"isPartOf\":{\"@id\":\"https:\/\/riegos.com\/fr\/#website\"},\"primaryImageOfPage\":{\"@id\":\"https:\/\/riegos.com\/fr\/producto\/l-20-siphon-courbe-extensible-double-evacuation-avec-vanne-extensible-et-bouchon\/#primaryimage\"},\"image\":{\"@id\":\"https:\/\/riegos.com\/fr\/producto\/l-20-siphon-courbe-extensible-double-evacuation-avec-vanne-extensible-et-bouchon\/#primaryimage\"},\"thumbnailUrl\":\"https:\/\/riegos.com\/wp-content\/uploads\/2021\/08\/6622.jpg\",\"datePublished\":\"2021-08-21T14:05:31+00:00\",\"dateModified\":\"2024-03-21T09:29:37+00:00\",\"breadcrumb\":{\"@id\":\"https:\/\/riegos.com\/fr\/producto\/l-20-siphon-courbe-extensible-double-evacuation-avec-vanne-extensible-et-bouchon\/#breadcrumb\"},\"inLanguage\":\"fr-FR\",\"potentialAction\":[{\"@type\":\"ReadAction\",\"target\":[\"https:\/\/riegos.com\/fr\/producto\/l-20-siphon-courbe-extensible-double-evacuation-avec-vanne-extensible-et-bouchon\/\"]}]},{\"@type\":\"ImageObject\",\"inLanguage\":\"fr-FR\",\"@id\":\"https:\/\/riegos.com\/fr\/producto\/l-20-siphon-courbe-extensible-double-evacuation-avec-vanne-extensible-et-bouchon\/#primaryimage\",\"url\":\"https:\/\/riegos.com\/wp-content\/uploads\/2021\/08\/6622.jpg\",\"contentUrl\":\"https:\/\/riegos.com\/wp-content\/uploads\/2021\/08\/6622.jpg\",\"width\":1001,\"height\":791},{\"@type\":\"BreadcrumbList\",\"@id\":\"https:\/\/riegos.com\/fr\/producto\/l-20-siphon-courbe-extensible-double-evacuation-avec-vanne-extensible-et-bouchon\/#breadcrumb\",\"itemListElement\":[{\"@type\":\"ListItem\",\"position\":1,\"name\":\"Inicio\",\"item\":\"https:\/\/riegos.com\/fr\/\"},{\"@type\":\"ListItem\",\"position\":2,\"name\":\"Produits\",\"item\":\"https:\/\/riegos.com\/fr\/produits\/\"},{\"@type\":\"ListItem\",\"position\":3,\"name\":\"L-20 SIPHON COURBE EXTENSIBLE DOUBLE EVACUATION AVEC VANNE EXTENSIBLE ET BOUCHON\"}]},{\"@type\":\"WebSite\",\"@id\":\"https:\/\/riegos.com\/fr\/#website\",\"url\":\"https:\/\/riegos.com\/fr\/\",\"name\":\"Abrisa. La Casa del Riego\",\"description\":\"\",\"publisher\":{\"@id\":\"https:\/\/riegos.com\/fr\/#organization\"},\"potentialAction\":[{\"@type\":\"SearchAction\",\"target\":{\"@type\":\"EntryPoint\",\"urlTemplate\":\"https:\/\/riegos.com\/fr\/?s={search_term_string}\"},\"query-input\":{\"@type\":\"PropertyValueSpecification\",\"valueRequired\":true,\"valueName\":\"search_term_string\"}}],\"inLanguage\":\"fr-FR\"},{\"@type\":\"Organization\",\"@id\":\"https:\/\/riegos.com\/fr\/#organization\",\"name\":\"ABANILLA RIEGOS SA\",\"url\":\"https:\/\/riegos.com\/fr\/\",\"logo\":{\"@type\":\"ImageObject\",\"inLanguage\":\"fr-FR\",\"@id\":\"https:\/\/riegos.com\/fr\/#\/schema\/logo\/image\/\",\"url\":\"https:\/\/riegos.com\/wp-content\/uploads\/2021\/10\/logo_trim.png\",\"contentUrl\":\"https:\/\/riegos.com\/wp-content\/uploads\/2021\/10\/logo_trim.png\",\"width\":217,\"height\":129,\"caption\":\"ABANILLA RIEGOS SA\"},\"image\":{\"@id\":\"https:\/\/riegos.com\/fr\/#\/schema\/logo\/image\/\"},\"sameAs\":[\"https:\/\/es-es.facebook.com\/AbrisaRiegos\/\"]}]}<\/script>\n<!-- \/ Yoast SEO plugin. -->","yoast_head_json":{"title":"L-20 SIPHON COURBE EXTENSIBLE DOUBLE EVACUATION AVEC VANNE EXTENSIBLE ET BOUCHON - Abrisa. La Casa del Riego","robots":{"index":"index","follow":"follow","max-snippet":"max-snippet:-1","max-image-preview":"max-image-preview:large","max-video-preview":"max-video-preview:-1"},"canonical":"https:\/\/riegos.com\/fr\/producto\/l-20-siphon-courbe-extensible-double-evacuation-avec-vanne-extensible-et-bouchon\/","og_locale":"fr_FR","og_type":"article","og_title":"L-20 SIPHON COURBE EXTENSIBLE DOUBLE EVACUATION AVEC VANNE EXTENSIBLE ET BOUCHON - Abrisa. La Casa del Riego","og_description":"[vc_row][vc_column][vc_column_text] R\u00e9f\u00e9rence Mesure P.V.P. (\u20ac) Poids Pi\u00e8ce (gr) Poids de la bo\u00eete (gr) Unit\u00e9s \/ Sac Unit\u00e9s \/ Bo\u00eete Type de conteneur Code EAN 6622 (1\u00a0 1\/2&#8243; &#8211; 40 mm) &#8211; 70 mm 16,9697 &#8211; 9,900.00 1 15 3 8435277966223 6623 (1\u00a0 1\/2&#8243; &#8211; 40 mm) &#8211; 85 mm 17,9656 &#8211; 1.00 1 15 7 [&hellip;]","og_url":"https:\/\/riegos.com\/fr\/producto\/l-20-siphon-courbe-extensible-double-evacuation-avec-vanne-extensible-et-bouchon\/","og_site_name":"Abrisa. La Casa del Riego","article_publisher":"https:\/\/es-es.facebook.com\/AbrisaRiegos\/","article_modified_time":"2024-03-21T09:29:37+00:00","og_image":[{"width":1001,"height":791,"url":"https:\/\/riegos.com\/wp-content\/uploads\/2021\/08\/6622.jpg","type":"image\/jpeg"}],"twitter_card":"summary_large_image","twitter_misc":{"Dur\u00e9e de lecture estim\u00e9e":"1 minute"},"schema":{"@context":"https:\/\/schema.org","@graph":[{"@type":"WebPage","@id":"https:\/\/riegos.com\/fr\/producto\/l-20-siphon-courbe-extensible-double-evacuation-avec-vanne-extensible-et-bouchon\/","url":"https:\/\/riegos.com\/fr\/producto\/l-20-siphon-courbe-extensible-double-evacuation-avec-vanne-extensible-et-bouchon\/","name":"L-20 SIPHON COURBE EXTENSIBLE DOUBLE EVACUATION AVEC VANNE EXTENSIBLE ET BOUCHON - Abrisa. La Casa del Riego","isPartOf":{"@id":"https:\/\/riegos.com\/fr\/#website"},"primaryImageOfPage":{"@id":"https:\/\/riegos.com\/fr\/producto\/l-20-siphon-courbe-extensible-double-evacuation-avec-vanne-extensible-et-bouchon\/#primaryimage"},"image":{"@id":"https:\/\/riegos.com\/fr\/producto\/l-20-siphon-courbe-extensible-double-evacuation-avec-vanne-extensible-et-bouchon\/#primaryimage"},"thumbnailUrl":"https:\/\/riegos.com\/wp-content\/uploads\/2021\/08\/6622.jpg","datePublished":"2021-08-21T14:05:31+00:00","dateModified":"2024-03-21T09:29:37+00:00","breadcrumb":{"@id":"https:\/\/riegos.com\/fr\/producto\/l-20-siphon-courbe-extensible-double-evacuation-avec-vanne-extensible-et-bouchon\/#breadcrumb"},"inLanguage":"fr-FR","potentialAction":[{"@type":"ReadAction","target":["https:\/\/riegos.com\/fr\/producto\/l-20-siphon-courbe-extensible-double-evacuation-avec-vanne-extensible-et-bouchon\/"]}]},{"@type":"ImageObject","inLanguage":"fr-FR","@id":"https:\/\/riegos.com\/fr\/producto\/l-20-siphon-courbe-extensible-double-evacuation-avec-vanne-extensible-et-bouchon\/#primaryimage","url":"https:\/\/riegos.com\/wp-content\/uploads\/2021\/08\/6622.jpg","contentUrl":"https:\/\/riegos.com\/wp-content\/uploads\/2021\/08\/6622.jpg","width":1001,"height":791},{"@type":"BreadcrumbList","@id":"https:\/\/riegos.com\/fr\/producto\/l-20-siphon-courbe-extensible-double-evacuation-avec-vanne-extensible-et-bouchon\/#breadcrumb","itemListElement":[{"@type":"ListItem","position":1,"name":"Inicio","item":"https:\/\/riegos.com\/fr\/"},{"@type":"ListItem","position":2,"name":"Produits","item":"https:\/\/riegos.com\/fr\/produits\/"},{"@type":"ListItem","position":3,"name":"L-20 SIPHON COURBE EXTENSIBLE DOUBLE EVACUATION AVEC VANNE EXTENSIBLE ET BOUCHON"}]},{"@type":"WebSite","@id":"https:\/\/riegos.com\/fr\/#website","url":"https:\/\/riegos.com\/fr\/","name":"Abrisa. La Casa del Riego","description":"","publisher":{"@id":"https:\/\/riegos.com\/fr\/#organization"},"potentialAction":[{"@type":"SearchAction","target":{"@type":"EntryPoint","urlTemplate":"https:\/\/riegos.com\/fr\/?s={search_term_string}"},"query-input":{"@type":"PropertyValueSpecification","valueRequired":true,"valueName":"search_term_string"}}],"inLanguage":"fr-FR"},{"@type":"Organization","@id":"https:\/\/riegos.com\/fr\/#organization","name":"ABANILLA RIEGOS SA","url":"https:\/\/riegos.com\/fr\/","logo":{"@type":"ImageObject","inLanguage":"fr-FR","@id":"https:\/\/riegos.com\/fr\/#\/schema\/logo\/image\/","url":"https:\/\/riegos.com\/wp-content\/uploads\/2021\/10\/logo_trim.png","contentUrl":"https:\/\/riegos.com\/wp-content\/uploads\/2021\/10\/logo_trim.png","width":217,"height":129,"caption":"ABANILLA RIEGOS SA"},"image":{"@id":"https:\/\/riegos.com\/fr\/#\/schema\/logo\/image\/"},"sameAs":["https:\/\/es-es.facebook.com\/AbrisaRiegos\/"]}]}},"_links":{"self":[{"href":"https:\/\/riegos.com\/fr\/wp-json\/wp\/v2\/product\/17970","targetHints":{"allow":["GET"]}}],"collection":[{"href":"https:\/\/riegos.com\/fr\/wp-json\/wp\/v2\/product"}],"about":[{"href":"https:\/\/riegos.com\/fr\/wp-json\/wp\/v2\/types\/product"}],"replies":[{"embeddable":true,"href":"https:\/\/riegos.com\/fr\/wp-json\/wp\/v2\/comments?post=17970"}],"wp:featuredmedia":[{"embeddable":true,"href":"https:\/\/riegos.com\/fr\/wp-json\/wp\/v2\/media\/7075"}],"wp:attachment":[{"href":"https:\/\/riegos.com\/fr\/wp-json\/wp\/v2\/media?parent=17970"}],"wp:term":[{"taxonomy":"product_cat","embeddable":true,"href":"https:\/\/riegos.com\/fr\/wp-json\/wp\/v2\/product_cat?post=17970"},{"taxonomy":"product_tag","embeddable":true,"href":"https:\/\/riegos.com\/fr\/wp-json\/wp\/v2\/product_tag?post=17970"}],"curies":[{"name":"wp","href":"https:\/\/api.w.org\/{rel}","templated":true}]}}