{"id":17506,"date":"2021-08-21T12:39:39","date_gmt":"2021-08-21T13:41:34","guid":{"rendered":"https:\/\/riegos.com\/producto\/te-pvc-a-bille-a-coller-taraude\/"},"modified":"2024-03-18T15:44:32","modified_gmt":"2024-03-18T15:44:32","slug":"te-pvc-a-bille-a-coller-taraude","status":"publish","type":"product","link":"https:\/\/riegos.com\/fr\/producto\/te-pvc-a-bille-a-coller-taraude\/","title":{"rendered":"TE PVC A BILLE A COLLER &#8211; TARAUDE"},"content":{"rendered":"<p>[vc_row][vc_column][vc_column_text]<\/p>\n<table width=\"896\">\n<tbody>\n<tr>\n<td width=\"65\">R\u00e9f\u00e9rence<\/td>\n<td width=\"145\">Mesure<\/td>\n<td width=\"66\">P.V.P. (\u20ac)<\/td>\n<td width=\"108\">Poids Pi\u00e8ce (gr)<\/td>\n<td width=\"137\">Poids de la bo\u00eete (gr)<\/td>\n<td width=\"94\">Unit\u00e9s \/ Sac<\/td>\n<td width=\"98\">Unit\u00e9s \/ Bo\u00eete<\/td>\n<td width=\"126\">Type de conteneur<\/td>\n<td width=\"107\">Code EAN<\/td>\n<\/tr>\n<tr>\n<td>5141<\/td>\n<td>20 mm &#8211; 1\/2&#8243;<\/td>\n<td>1,7297<\/td>\n<td>&#8211;<\/td>\n<td>0.00<\/td>\n<td>1<\/td>\n<td>100<\/td>\n<td>-1<\/td>\n<td>8435277951410<\/td>\n<\/tr>\n<tr>\n<td>5142<\/td>\n<td>25 mm &#8211; 3\/4&#8243;<\/td>\n<td>1,8979<\/td>\n<td>&#8211;<\/td>\n<td>7,025.00<\/td>\n<td>1<\/td>\n<td>100<\/td>\n<td>2<\/td>\n<td>8435277951427<\/td>\n<\/tr>\n<tr>\n<td>5143<\/td>\n<td>32 mm &#8211; 1&#8243;<\/td>\n<td>2,4985<\/td>\n<td>&#8211;<\/td>\n<td>9,335.00<\/td>\n<td>1<\/td>\n<td>100<\/td>\n<td>4<\/td>\n<td>8435277951434<\/td>\n<\/tr>\n<tr>\n<td>5144<\/td>\n<td>40 mm &#8211; 1 1\/4&#8243;<\/td>\n<td>3,7958<\/td>\n<td>&#8211;<\/td>\n<td>0.00<\/td>\n<td>1<\/td>\n<td>80<\/td>\n<td>-1<\/td>\n<td>8435277951441<\/td>\n<\/tr>\n<tr>\n<td>5145<\/td>\n<td>50 mm &#8211; 1 1\/2&#8243;<\/td>\n<td>5,5255<\/td>\n<td>&#8211;<\/td>\n<td>0.00<\/td>\n<td>1<\/td>\n<td>40<\/td>\n<td>-1<\/td>\n<td>8435277951458<\/td>\n<\/tr>\n<tr>\n<td>5146<\/td>\n<td>63 mm &#8211; 2&#8243;<\/td>\n<td>7,0390<\/td>\n<td>&#8211;<\/td>\n<td>0.00<\/td>\n<td>1<\/td>\n<td>40<\/td>\n<td>-1<\/td>\n<td>8435277951465<\/td>\n<\/tr>\n<tr>\n<td>5147<\/td>\n<td>75 mm &#8211; 2 1\/2&#8243;<\/td>\n<td>7,0390<\/td>\n<td>&#8211;<\/td>\n<td>0.00<\/td>\n<td>1<\/td>\n<td>25<\/td>\n<td>-1<\/td>\n<td>8435277951472<\/td>\n<\/tr>\n<tr>\n<td>5148<\/td>\n<td>90 mm &#8211; 3&#8243;<\/td>\n<td>7,0390<\/td>\n<td>&#8211;<\/td>\n<td>0.00<\/td>\n<td>1<\/td>\n<td>25<\/td>\n<td>-1<\/td>\n<td>8435277951489<\/td>\n<\/tr>\n<tr>\n<td>5149<\/td>\n<td>110 mm &#8211; 4&#8243;<\/td>\n<td>7,0390<\/td>\n<td>&#8211;<\/td>\n<td>0.00<\/td>\n<td>1<\/td>\n<td>15<\/td>\n<td>-1<\/td>\n<td>8435277951496<\/td>\n<\/tr>\n<\/tbody>\n<\/table>\n<p>[\/vc_column_text][\/vc_column][\/vc_row]<\/p>\n","protected":false},"excerpt":{"rendered":"<p>[vc_row][vc_column][vc_column_text] R\u00e9f\u00e9rence Mesure P.V.P. (\u20ac) Poids Pi\u00e8ce (gr) Poids de la bo\u00eete (gr) Unit\u00e9s \/ Sac Unit\u00e9s \/ Bo\u00eete Type de conteneur Code EAN 5141 20 mm &#8211; 1\/2&#8243; 1,7297 &#8211; 0.00 1 100 -1 8435277951410 5142 25 mm &#8211; 3\/4&#8243; 1,8979 &#8211; 7,025.00 1 100 2 8435277951427 5143 32 mm &#8211; 1&#8243; 2,4985 &#8211; [&hellip;]<\/p>\n","protected":false},"featured_media":6883,"comment_status":"closed","ping_status":"closed","template":"","meta":{"_acf_changed":false},"product_cat":[1213,1231],"product_tag":[],"class_list":{"0":"post-17506","1":"product","2":"type-product","3":"status-publish","4":"has-post-thumbnail","6":"product_cat-accessoires-pour-presion","7":"product_cat-raccords-pvc","9":"first","10":"instock","11":"purchasable","12":"product-type-variable"},"acf":[],"yoast_head":"<!-- This site is optimized with the Yoast SEO plugin v23.7 - https:\/\/yoast.com\/wordpress\/plugins\/seo\/ -->\n<title>TE PVC A BILLE A COLLER - TARAUDE - Abrisa. La Casa del Riego<\/title>\n<meta name=\"robots\" content=\"index, follow, max-snippet:-1, max-image-preview:large, max-video-preview:-1\" \/>\n<link rel=\"canonical\" href=\"https:\/\/riegos.com\/fr\/producto\/te-pvc-a-bille-a-coller-taraude\/\" \/>\n<meta property=\"og:locale\" content=\"fr_FR\" \/>\n<meta property=\"og:type\" content=\"article\" \/>\n<meta property=\"og:title\" content=\"TE PVC A BILLE A COLLER - TARAUDE - Abrisa. La Casa del Riego\" \/>\n<meta property=\"og:description\" content=\"[vc_row][vc_column][vc_column_text] R\u00e9f\u00e9rence Mesure P.V.P. (\u20ac) Poids Pi\u00e8ce (gr) Poids de la bo\u00eete (gr) Unit\u00e9s \/ Sac Unit\u00e9s \/ Bo\u00eete Type de conteneur Code EAN 5141 20 mm &#8211; 1\/2&#8243; 1,7297 &#8211; 0.00 1 100 -1 8435277951410 5142 25 mm &#8211; 3\/4&#8243; 1,8979 &#8211; 7,025.00 1 100 2 8435277951427 5143 32 mm &#8211; 1&#8243; 2,4985 &#8211; [&hellip;]\" \/>\n<meta property=\"og:url\" content=\"https:\/\/riegos.com\/fr\/producto\/te-pvc-a-bille-a-coller-taraude\/\" \/>\n<meta property=\"og:site_name\" content=\"Abrisa. La Casa del Riego\" \/>\n<meta property=\"article:publisher\" content=\"https:\/\/es-es.facebook.com\/AbrisaRiegos\/\" \/>\n<meta property=\"article:modified_time\" content=\"2024-03-18T15:44:32+00:00\" \/>\n<meta property=\"og:image\" content=\"https:\/\/riegos.com\/wp-content\/uploads\/2021\/08\/5140.jpg\" \/>\n\t<meta property=\"og:image:width\" content=\"2362\" \/>\n\t<meta property=\"og:image:height\" content=\"2362\" \/>\n\t<meta property=\"og:image:type\" content=\"image\/jpeg\" \/>\n<meta name=\"twitter:card\" content=\"summary_large_image\" \/>\n<meta name=\"twitter:label1\" content=\"Dur\u00e9e de lecture estim\u00e9e\" \/>\n\t<meta name=\"twitter:data1\" content=\"1 minute\" \/>\n<script type=\"application\/ld+json\" class=\"yoast-schema-graph\">{\"@context\":\"https:\/\/schema.org\",\"@graph\":[{\"@type\":\"WebPage\",\"@id\":\"https:\/\/riegos.com\/fr\/producto\/te-pvc-a-bille-a-coller-taraude\/\",\"url\":\"https:\/\/riegos.com\/fr\/producto\/te-pvc-a-bille-a-coller-taraude\/\",\"name\":\"TE PVC A BILLE A COLLER - TARAUDE - Abrisa. La Casa del Riego\",\"isPartOf\":{\"@id\":\"https:\/\/riegos.com\/fr\/#website\"},\"primaryImageOfPage\":{\"@id\":\"https:\/\/riegos.com\/fr\/producto\/te-pvc-a-bille-a-coller-taraude\/#primaryimage\"},\"image\":{\"@id\":\"https:\/\/riegos.com\/fr\/producto\/te-pvc-a-bille-a-coller-taraude\/#primaryimage\"},\"thumbnailUrl\":\"https:\/\/riegos.com\/wp-content\/uploads\/2021\/08\/5140.jpg\",\"datePublished\":\"2021-08-21T13:41:34+00:00\",\"dateModified\":\"2024-03-18T15:44:32+00:00\",\"breadcrumb\":{\"@id\":\"https:\/\/riegos.com\/fr\/producto\/te-pvc-a-bille-a-coller-taraude\/#breadcrumb\"},\"inLanguage\":\"fr-FR\",\"potentialAction\":[{\"@type\":\"ReadAction\",\"target\":[\"https:\/\/riegos.com\/fr\/producto\/te-pvc-a-bille-a-coller-taraude\/\"]}]},{\"@type\":\"ImageObject\",\"inLanguage\":\"fr-FR\",\"@id\":\"https:\/\/riegos.com\/fr\/producto\/te-pvc-a-bille-a-coller-taraude\/#primaryimage\",\"url\":\"https:\/\/riegos.com\/wp-content\/uploads\/2021\/08\/5140.jpg\",\"contentUrl\":\"https:\/\/riegos.com\/wp-content\/uploads\/2021\/08\/5140.jpg\",\"width\":2362,\"height\":2362},{\"@type\":\"BreadcrumbList\",\"@id\":\"https:\/\/riegos.com\/fr\/producto\/te-pvc-a-bille-a-coller-taraude\/#breadcrumb\",\"itemListElement\":[{\"@type\":\"ListItem\",\"position\":1,\"name\":\"Inicio\",\"item\":\"https:\/\/riegos.com\/fr\/\"},{\"@type\":\"ListItem\",\"position\":2,\"name\":\"Produits\",\"item\":\"https:\/\/riegos.com\/fr\/produits\/\"},{\"@type\":\"ListItem\",\"position\":3,\"name\":\"TE PVC A BILLE A COLLER &#8211; TARAUDE\"}]},{\"@type\":\"WebSite\",\"@id\":\"https:\/\/riegos.com\/fr\/#website\",\"url\":\"https:\/\/riegos.com\/fr\/\",\"name\":\"Abrisa. La Casa del Riego\",\"description\":\"\",\"publisher\":{\"@id\":\"https:\/\/riegos.com\/fr\/#organization\"},\"potentialAction\":[{\"@type\":\"SearchAction\",\"target\":{\"@type\":\"EntryPoint\",\"urlTemplate\":\"https:\/\/riegos.com\/fr\/?s={search_term_string}\"},\"query-input\":{\"@type\":\"PropertyValueSpecification\",\"valueRequired\":true,\"valueName\":\"search_term_string\"}}],\"inLanguage\":\"fr-FR\"},{\"@type\":\"Organization\",\"@id\":\"https:\/\/riegos.com\/fr\/#organization\",\"name\":\"ABANILLA RIEGOS SA\",\"url\":\"https:\/\/riegos.com\/fr\/\",\"logo\":{\"@type\":\"ImageObject\",\"inLanguage\":\"fr-FR\",\"@id\":\"https:\/\/riegos.com\/fr\/#\/schema\/logo\/image\/\",\"url\":\"https:\/\/riegos.com\/wp-content\/uploads\/2021\/10\/logo_trim.png\",\"contentUrl\":\"https:\/\/riegos.com\/wp-content\/uploads\/2021\/10\/logo_trim.png\",\"width\":217,\"height\":129,\"caption\":\"ABANILLA RIEGOS SA\"},\"image\":{\"@id\":\"https:\/\/riegos.com\/fr\/#\/schema\/logo\/image\/\"},\"sameAs\":[\"https:\/\/es-es.facebook.com\/AbrisaRiegos\/\"]}]}<\/script>\n<!-- \/ Yoast SEO plugin. -->","yoast_head_json":{"title":"TE PVC A BILLE A COLLER - TARAUDE - Abrisa. La Casa del Riego","robots":{"index":"index","follow":"follow","max-snippet":"max-snippet:-1","max-image-preview":"max-image-preview:large","max-video-preview":"max-video-preview:-1"},"canonical":"https:\/\/riegos.com\/fr\/producto\/te-pvc-a-bille-a-coller-taraude\/","og_locale":"fr_FR","og_type":"article","og_title":"TE PVC A BILLE A COLLER - TARAUDE - Abrisa. La Casa del Riego","og_description":"[vc_row][vc_column][vc_column_text] R\u00e9f\u00e9rence Mesure P.V.P. (\u20ac) Poids Pi\u00e8ce (gr) Poids de la bo\u00eete (gr) Unit\u00e9s \/ Sac Unit\u00e9s \/ Bo\u00eete Type de conteneur Code EAN 5141 20 mm &#8211; 1\/2&#8243; 1,7297 &#8211; 0.00 1 100 -1 8435277951410 5142 25 mm &#8211; 3\/4&#8243; 1,8979 &#8211; 7,025.00 1 100 2 8435277951427 5143 32 mm &#8211; 1&#8243; 2,4985 &#8211; [&hellip;]","og_url":"https:\/\/riegos.com\/fr\/producto\/te-pvc-a-bille-a-coller-taraude\/","og_site_name":"Abrisa. La Casa del Riego","article_publisher":"https:\/\/es-es.facebook.com\/AbrisaRiegos\/","article_modified_time":"2024-03-18T15:44:32+00:00","og_image":[{"width":2362,"height":2362,"url":"https:\/\/riegos.com\/wp-content\/uploads\/2021\/08\/5140.jpg","type":"image\/jpeg"}],"twitter_card":"summary_large_image","twitter_misc":{"Dur\u00e9e de lecture estim\u00e9e":"1 minute"},"schema":{"@context":"https:\/\/schema.org","@graph":[{"@type":"WebPage","@id":"https:\/\/riegos.com\/fr\/producto\/te-pvc-a-bille-a-coller-taraude\/","url":"https:\/\/riegos.com\/fr\/producto\/te-pvc-a-bille-a-coller-taraude\/","name":"TE PVC A BILLE A COLLER - TARAUDE - Abrisa. La Casa del Riego","isPartOf":{"@id":"https:\/\/riegos.com\/fr\/#website"},"primaryImageOfPage":{"@id":"https:\/\/riegos.com\/fr\/producto\/te-pvc-a-bille-a-coller-taraude\/#primaryimage"},"image":{"@id":"https:\/\/riegos.com\/fr\/producto\/te-pvc-a-bille-a-coller-taraude\/#primaryimage"},"thumbnailUrl":"https:\/\/riegos.com\/wp-content\/uploads\/2021\/08\/5140.jpg","datePublished":"2021-08-21T13:41:34+00:00","dateModified":"2024-03-18T15:44:32+00:00","breadcrumb":{"@id":"https:\/\/riegos.com\/fr\/producto\/te-pvc-a-bille-a-coller-taraude\/#breadcrumb"},"inLanguage":"fr-FR","potentialAction":[{"@type":"ReadAction","target":["https:\/\/riegos.com\/fr\/producto\/te-pvc-a-bille-a-coller-taraude\/"]}]},{"@type":"ImageObject","inLanguage":"fr-FR","@id":"https:\/\/riegos.com\/fr\/producto\/te-pvc-a-bille-a-coller-taraude\/#primaryimage","url":"https:\/\/riegos.com\/wp-content\/uploads\/2021\/08\/5140.jpg","contentUrl":"https:\/\/riegos.com\/wp-content\/uploads\/2021\/08\/5140.jpg","width":2362,"height":2362},{"@type":"BreadcrumbList","@id":"https:\/\/riegos.com\/fr\/producto\/te-pvc-a-bille-a-coller-taraude\/#breadcrumb","itemListElement":[{"@type":"ListItem","position":1,"name":"Inicio","item":"https:\/\/riegos.com\/fr\/"},{"@type":"ListItem","position":2,"name":"Produits","item":"https:\/\/riegos.com\/fr\/produits\/"},{"@type":"ListItem","position":3,"name":"TE PVC A BILLE A COLLER &#8211; TARAUDE"}]},{"@type":"WebSite","@id":"https:\/\/riegos.com\/fr\/#website","url":"https:\/\/riegos.com\/fr\/","name":"Abrisa. La Casa del Riego","description":"","publisher":{"@id":"https:\/\/riegos.com\/fr\/#organization"},"potentialAction":[{"@type":"SearchAction","target":{"@type":"EntryPoint","urlTemplate":"https:\/\/riegos.com\/fr\/?s={search_term_string}"},"query-input":{"@type":"PropertyValueSpecification","valueRequired":true,"valueName":"search_term_string"}}],"inLanguage":"fr-FR"},{"@type":"Organization","@id":"https:\/\/riegos.com\/fr\/#organization","name":"ABANILLA RIEGOS SA","url":"https:\/\/riegos.com\/fr\/","logo":{"@type":"ImageObject","inLanguage":"fr-FR","@id":"https:\/\/riegos.com\/fr\/#\/schema\/logo\/image\/","url":"https:\/\/riegos.com\/wp-content\/uploads\/2021\/10\/logo_trim.png","contentUrl":"https:\/\/riegos.com\/wp-content\/uploads\/2021\/10\/logo_trim.png","width":217,"height":129,"caption":"ABANILLA RIEGOS SA"},"image":{"@id":"https:\/\/riegos.com\/fr\/#\/schema\/logo\/image\/"},"sameAs":["https:\/\/es-es.facebook.com\/AbrisaRiegos\/"]}]}},"_links":{"self":[{"href":"https:\/\/riegos.com\/fr\/wp-json\/wp\/v2\/product\/17506","targetHints":{"allow":["GET"]}}],"collection":[{"href":"https:\/\/riegos.com\/fr\/wp-json\/wp\/v2\/product"}],"about":[{"href":"https:\/\/riegos.com\/fr\/wp-json\/wp\/v2\/types\/product"}],"replies":[{"embeddable":true,"href":"https:\/\/riegos.com\/fr\/wp-json\/wp\/v2\/comments?post=17506"}],"wp:featuredmedia":[{"embeddable":true,"href":"https:\/\/riegos.com\/fr\/wp-json\/wp\/v2\/media\/6883"}],"wp:attachment":[{"href":"https:\/\/riegos.com\/fr\/wp-json\/wp\/v2\/media?parent=17506"}],"wp:term":[{"taxonomy":"product_cat","embeddable":true,"href":"https:\/\/riegos.com\/fr\/wp-json\/wp\/v2\/product_cat?post=17506"},{"taxonomy":"product_tag","embeddable":true,"href":"https:\/\/riegos.com\/fr\/wp-json\/wp\/v2\/product_tag?post=17506"}],"curies":[{"name":"wp","href":"https:\/\/api.w.org\/{rel}","templated":true}]}}