{"id":17380,"date":"2021-08-21T12:37:18","date_gmt":"2021-08-21T13:38:22","guid":{"rendered":"https:\/\/riegos.com\/producto\/raccord-marsella\/"},"modified":"2024-02-14T15:47:06","modified_gmt":"2024-02-14T15:47:06","slug":"raccord-marsella","status":"publish","type":"product","link":"https:\/\/riegos.com\/fr\/producto\/raccord-marsella\/","title":{"rendered":"RACCORD MARSELLA"},"content":{"rendered":"<p>[vc_row][vc_column][vc_column_text]<\/p>\n<table width=\"896\">\n<tbody>\n<tr>\n<td width=\"65\">R\u00e9f\u00e9rence<\/td>\n<td width=\"95\">Mesure<\/td>\n<td width=\"66\">P.V.P. (\u20ac)<\/td>\n<td width=\"108\">Poids Pi\u00e8ce (gr)<\/td>\n<td width=\"137\">Poids de la bo\u00eete (gr)<\/td>\n<td width=\"94\">Unit\u00e9s \/ Sac<\/td>\n<td width=\"98\">Unit\u00e9s \/ Bo\u00eete<\/td>\n<td width=\"126\">Type de conteneur<\/td>\n<td width=\"107\">Code EAN<\/td>\n<\/tr>\n<tr>\n<td>4730<\/td>\n<td>1\/2&#8243; &#8211; 3\/4&#8243;<\/td>\n<td>1,0741<\/td>\n<td>&#8211;<\/td>\n<td>3,300.00<\/td>\n<td>1<\/td>\n<td>200<\/td>\n<td>1<\/td>\n<td>8435277947307<\/td>\n<\/tr>\n<tr>\n<td>4731<\/td>\n<td>1\/2&#8243; &#8211; 1&#8243;<\/td>\n<td>1,3375<\/td>\n<td>&#8211;<\/td>\n<td>5,845.00<\/td>\n<td>1<\/td>\n<td>200<\/td>\n<td>1<\/td>\n<td>8435277947314<\/td>\n<\/tr>\n<tr>\n<td>4732<\/td>\n<td>1\/2&#8243; &#8211; 1 1\/4&#8243;<\/td>\n<td>1,8037<\/td>\n<td>36.92<\/td>\n<td>4,000.00<\/td>\n<td>1<\/td>\n<td>100<\/td>\n<td>1<\/td>\n<td>8435277947321<\/td>\n<\/tr>\n<tr>\n<td>4733<\/td>\n<td>3\/4&#8243; &#8211; 1&#8243;<\/td>\n<td>1,4714<\/td>\n<td>&#8211;<\/td>\n<td>6,000.00<\/td>\n<td>1<\/td>\n<td>200<\/td>\n<td>2<\/td>\n<td>8435277947338<\/td>\n<\/tr>\n<tr>\n<td>4734<\/td>\n<td>3\/4&#8243; &#8211; 1 1\/4&#8243;<\/td>\n<td>1,8037<\/td>\n<td>&#8211;<\/td>\n<td>4,200.00<\/td>\n<td>1<\/td>\n<td>100<\/td>\n<td>1<\/td>\n<td>8435277947345<\/td>\n<\/tr>\n<tr>\n<td>4735<\/td>\n<td>3\/4&#8243; &#8211; 1 1\/2&#8243;<\/td>\n<td>2,7764<\/td>\n<td>&#8211;<\/td>\n<td>12,500.00<\/td>\n<td>1<\/td>\n<td>200<\/td>\n<td>4<\/td>\n<td>8435277947352<\/td>\n<\/tr>\n<tr>\n<td>4736<\/td>\n<td>1&#8243; &#8211; 1 1\/4&#8243;<\/td>\n<td>1,8037<\/td>\n<td>40.37<\/td>\n<td>8,700.00<\/td>\n<td>1<\/td>\n<td>200<\/td>\n<td>2<\/td>\n<td>8435277947369<\/td>\n<\/tr>\n<tr>\n<td>4737<\/td>\n<td>1&#8243; &#8211; 1 1\/2&#8243;<\/td>\n<td>2,7764<\/td>\n<td>58.92<\/td>\n<td>13,000.00<\/td>\n<td>1<\/td>\n<td>200<\/td>\n<td>4<\/td>\n<td>8435277947376<\/td>\n<\/tr>\n<tr>\n<td>4738<\/td>\n<td>1&#8243; &#8211; 2&#8243;<\/td>\n<td>4,1645<\/td>\n<td>110.68<\/td>\n<td>12,000.00<\/td>\n<td>1<\/td>\n<td>100<\/td>\n<td>4<\/td>\n<td>8435277947383<\/td>\n<\/tr>\n<\/tbody>\n<\/table>\n<p>[\/vc_column_text][\/vc_column][\/vc_row]<\/p>\n","protected":false},"excerpt":{"rendered":"<p>[vc_row][vc_column][vc_column_text] R\u00e9f\u00e9rence Mesure P.V.P. (\u20ac) Poids Pi\u00e8ce (gr) Poids de la bo\u00eete (gr) Unit\u00e9s \/ Sac Unit\u00e9s \/ Bo\u00eete Type de conteneur Code EAN 4730 1\/2&#8243; &#8211; 3\/4&#8243; 1,0741 &#8211; 3,300.00 1 200 1 8435277947307 4731 1\/2&#8243; &#8211; 1&#8243; 1,3375 &#8211; 5,845.00 1 200 1 8435277947314 4732 1\/2&#8243; &#8211; 1 1\/4&#8243; 1,8037 36.92 4,000.00 1 [&hellip;]<\/p>\n","protected":false},"featured_media":10024,"comment_status":"closed","ping_status":"closed","template":"","meta":{"_acf_changed":false},"product_brand":[],"product_cat":[1213,1228],"product_tag":[],"class_list":{"0":"post-17380","1":"product","2":"type-product","3":"status-publish","4":"has-post-thumbnail","6":"product_cat-accessoires-pour-presion","7":"product_cat-filetes","9":"first","10":"instock","11":"purchasable","12":"product-type-variable"},"acf":[],"yoast_head":"<!-- This site is optimized with the Yoast SEO plugin v27.4 - https:\/\/yoast.com\/product\/yoast-seo-wordpress\/ -->\n<title>RACCORD MARSELLA - Abrisa. La Casa del Riego<\/title>\n<meta name=\"robots\" content=\"index, follow, max-snippet:-1, max-image-preview:large, max-video-preview:-1\" \/>\n<link rel=\"canonical\" href=\"https:\/\/riegos.com\/fr\/producto\/raccord-marsella\/\" \/>\n<meta property=\"og:locale\" content=\"fr_FR\" \/>\n<meta property=\"og:type\" content=\"article\" \/>\n<meta property=\"og:title\" content=\"RACCORD MARSELLA - Abrisa. La Casa del Riego\" \/>\n<meta property=\"og:description\" content=\"[vc_row][vc_column][vc_column_text] R\u00e9f\u00e9rence Mesure P.V.P. (\u20ac) Poids Pi\u00e8ce (gr) Poids de la bo\u00eete (gr) Unit\u00e9s \/ Sac Unit\u00e9s \/ Bo\u00eete Type de conteneur Code EAN 4730 1\/2&#8243; &#8211; 3\/4&#8243; 1,0741 &#8211; 3,300.00 1 200 1 8435277947307 4731 1\/2&#8243; &#8211; 1&#8243; 1,3375 &#8211; 5,845.00 1 200 1 8435277947314 4732 1\/2&#8243; &#8211; 1 1\/4&#8243; 1,8037 36.92 4,000.00 1 [&hellip;]\" \/>\n<meta property=\"og:url\" content=\"https:\/\/riegos.com\/fr\/producto\/raccord-marsella\/\" \/>\n<meta property=\"og:site_name\" content=\"Abrisa. La Casa del Riego\" \/>\n<meta property=\"article:publisher\" content=\"https:\/\/es-es.facebook.com\/AbrisaRiegos\/\" \/>\n<meta property=\"article:modified_time\" content=\"2024-02-14T15:47:06+00:00\" \/>\n<meta property=\"og:image\" content=\"https:\/\/riegos.com\/wp-content\/uploads\/2021\/08\/4730.jpg\" \/>\n\t<meta property=\"og:image:width\" content=\"596\" \/>\n\t<meta property=\"og:image:height\" content=\"437\" \/>\n\t<meta property=\"og:image:type\" content=\"image\/jpeg\" \/>\n<meta name=\"twitter:card\" content=\"summary_large_image\" \/>\n<meta name=\"twitter:label1\" content=\"Dur\u00e9e de lecture estim\u00e9e\" \/>\n\t<meta name=\"twitter:data1\" content=\"1 minute\" \/>\n<script type=\"application\/ld+json\" class=\"yoast-schema-graph\">{\"@context\":\"https:\\\/\\\/schema.org\",\"@graph\":[{\"@type\":\"WebPage\",\"@id\":\"https:\\\/\\\/riegos.com\\\/fr\\\/producto\\\/raccord-marsella\\\/\",\"url\":\"https:\\\/\\\/riegos.com\\\/fr\\\/producto\\\/raccord-marsella\\\/\",\"name\":\"RACCORD MARSELLA - Abrisa. La Casa del Riego\",\"isPartOf\":{\"@id\":\"https:\\\/\\\/riegos.com\\\/fr\\\/#website\"},\"primaryImageOfPage\":{\"@id\":\"https:\\\/\\\/riegos.com\\\/fr\\\/producto\\\/raccord-marsella\\\/#primaryimage\"},\"image\":{\"@id\":\"https:\\\/\\\/riegos.com\\\/fr\\\/producto\\\/raccord-marsella\\\/#primaryimage\"},\"thumbnailUrl\":\"https:\\\/\\\/riegos.com\\\/wp-content\\\/uploads\\\/2021\\\/08\\\/4730.jpg\",\"datePublished\":\"2021-08-21T13:38:22+00:00\",\"dateModified\":\"2024-02-14T15:47:06+00:00\",\"breadcrumb\":{\"@id\":\"https:\\\/\\\/riegos.com\\\/fr\\\/producto\\\/raccord-marsella\\\/#breadcrumb\"},\"inLanguage\":\"fr-FR\",\"potentialAction\":[{\"@type\":\"ReadAction\",\"target\":[\"https:\\\/\\\/riegos.com\\\/fr\\\/producto\\\/raccord-marsella\\\/\"]}]},{\"@type\":\"ImageObject\",\"inLanguage\":\"fr-FR\",\"@id\":\"https:\\\/\\\/riegos.com\\\/fr\\\/producto\\\/raccord-marsella\\\/#primaryimage\",\"url\":\"https:\\\/\\\/riegos.com\\\/wp-content\\\/uploads\\\/2021\\\/08\\\/4730.jpg\",\"contentUrl\":\"https:\\\/\\\/riegos.com\\\/wp-content\\\/uploads\\\/2021\\\/08\\\/4730.jpg\",\"width\":596,\"height\":437},{\"@type\":\"BreadcrumbList\",\"@id\":\"https:\\\/\\\/riegos.com\\\/fr\\\/producto\\\/raccord-marsella\\\/#breadcrumb\",\"itemListElement\":[{\"@type\":\"ListItem\",\"position\":1,\"name\":\"Inicio\",\"item\":\"https:\\\/\\\/riegos.com\\\/fr\\\/\"},{\"@type\":\"ListItem\",\"position\":2,\"name\":\"Productos\",\"item\":\"https:\\\/\\\/riegos.com\\\/productos\\\/\"},{\"@type\":\"ListItem\",\"position\":3,\"name\":\"RACCORD MARSELLA\"}]},{\"@type\":\"WebSite\",\"@id\":\"https:\\\/\\\/riegos.com\\\/fr\\\/#website\",\"url\":\"https:\\\/\\\/riegos.com\\\/fr\\\/\",\"name\":\"Abrisa. La Casa del Riego\",\"description\":\"\",\"publisher\":{\"@id\":\"https:\\\/\\\/riegos.com\\\/fr\\\/#organization\"},\"potentialAction\":[{\"@type\":\"SearchAction\",\"target\":{\"@type\":\"EntryPoint\",\"urlTemplate\":\"https:\\\/\\\/riegos.com\\\/fr\\\/?s={search_term_string}\"},\"query-input\":{\"@type\":\"PropertyValueSpecification\",\"valueRequired\":true,\"valueName\":\"search_term_string\"}}],\"inLanguage\":\"fr-FR\"},{\"@type\":\"Organization\",\"@id\":\"https:\\\/\\\/riegos.com\\\/fr\\\/#organization\",\"name\":\"ABANILLA RIEGOS SA\",\"url\":\"https:\\\/\\\/riegos.com\\\/fr\\\/\",\"logo\":{\"@type\":\"ImageObject\",\"inLanguage\":\"fr-FR\",\"@id\":\"https:\\\/\\\/riegos.com\\\/fr\\\/#\\\/schema\\\/logo\\\/image\\\/\",\"url\":\"https:\\\/\\\/riegos.com\\\/wp-content\\\/uploads\\\/2021\\\/10\\\/logo_trim.png\",\"contentUrl\":\"https:\\\/\\\/riegos.com\\\/wp-content\\\/uploads\\\/2021\\\/10\\\/logo_trim.png\",\"width\":217,\"height\":129,\"caption\":\"ABANILLA RIEGOS SA\"},\"image\":{\"@id\":\"https:\\\/\\\/riegos.com\\\/fr\\\/#\\\/schema\\\/logo\\\/image\\\/\"},\"sameAs\":[\"https:\\\/\\\/es-es.facebook.com\\\/AbrisaRiegos\\\/\"]}]}<\/script>\n<!-- \/ Yoast SEO plugin. -->","yoast_head_json":{"title":"RACCORD MARSELLA - Abrisa. La Casa del Riego","robots":{"index":"index","follow":"follow","max-snippet":"max-snippet:-1","max-image-preview":"max-image-preview:large","max-video-preview":"max-video-preview:-1"},"canonical":"https:\/\/riegos.com\/fr\/producto\/raccord-marsella\/","og_locale":"fr_FR","og_type":"article","og_title":"RACCORD MARSELLA - Abrisa. La Casa del Riego","og_description":"[vc_row][vc_column][vc_column_text] R\u00e9f\u00e9rence Mesure P.V.P. (\u20ac) Poids Pi\u00e8ce (gr) Poids de la bo\u00eete (gr) Unit\u00e9s \/ Sac Unit\u00e9s \/ Bo\u00eete Type de conteneur Code EAN 4730 1\/2&#8243; &#8211; 3\/4&#8243; 1,0741 &#8211; 3,300.00 1 200 1 8435277947307 4731 1\/2&#8243; &#8211; 1&#8243; 1,3375 &#8211; 5,845.00 1 200 1 8435277947314 4732 1\/2&#8243; &#8211; 1 1\/4&#8243; 1,8037 36.92 4,000.00 1 [&hellip;]","og_url":"https:\/\/riegos.com\/fr\/producto\/raccord-marsella\/","og_site_name":"Abrisa. La Casa del Riego","article_publisher":"https:\/\/es-es.facebook.com\/AbrisaRiegos\/","article_modified_time":"2024-02-14T15:47:06+00:00","og_image":[{"width":596,"height":437,"url":"https:\/\/riegos.com\/wp-content\/uploads\/2021\/08\/4730.jpg","type":"image\/jpeg"}],"twitter_card":"summary_large_image","twitter_misc":{"Dur\u00e9e de lecture estim\u00e9e":"1 minute"},"schema":{"@context":"https:\/\/schema.org","@graph":[{"@type":"WebPage","@id":"https:\/\/riegos.com\/fr\/producto\/raccord-marsella\/","url":"https:\/\/riegos.com\/fr\/producto\/raccord-marsella\/","name":"RACCORD MARSELLA - Abrisa. La Casa del Riego","isPartOf":{"@id":"https:\/\/riegos.com\/fr\/#website"},"primaryImageOfPage":{"@id":"https:\/\/riegos.com\/fr\/producto\/raccord-marsella\/#primaryimage"},"image":{"@id":"https:\/\/riegos.com\/fr\/producto\/raccord-marsella\/#primaryimage"},"thumbnailUrl":"https:\/\/riegos.com\/wp-content\/uploads\/2021\/08\/4730.jpg","datePublished":"2021-08-21T13:38:22+00:00","dateModified":"2024-02-14T15:47:06+00:00","breadcrumb":{"@id":"https:\/\/riegos.com\/fr\/producto\/raccord-marsella\/#breadcrumb"},"inLanguage":"fr-FR","potentialAction":[{"@type":"ReadAction","target":["https:\/\/riegos.com\/fr\/producto\/raccord-marsella\/"]}]},{"@type":"ImageObject","inLanguage":"fr-FR","@id":"https:\/\/riegos.com\/fr\/producto\/raccord-marsella\/#primaryimage","url":"https:\/\/riegos.com\/wp-content\/uploads\/2021\/08\/4730.jpg","contentUrl":"https:\/\/riegos.com\/wp-content\/uploads\/2021\/08\/4730.jpg","width":596,"height":437},{"@type":"BreadcrumbList","@id":"https:\/\/riegos.com\/fr\/producto\/raccord-marsella\/#breadcrumb","itemListElement":[{"@type":"ListItem","position":1,"name":"Inicio","item":"https:\/\/riegos.com\/fr\/"},{"@type":"ListItem","position":2,"name":"Productos","item":"https:\/\/riegos.com\/productos\/"},{"@type":"ListItem","position":3,"name":"RACCORD MARSELLA"}]},{"@type":"WebSite","@id":"https:\/\/riegos.com\/fr\/#website","url":"https:\/\/riegos.com\/fr\/","name":"Abrisa. La Casa del Riego","description":"","publisher":{"@id":"https:\/\/riegos.com\/fr\/#organization"},"potentialAction":[{"@type":"SearchAction","target":{"@type":"EntryPoint","urlTemplate":"https:\/\/riegos.com\/fr\/?s={search_term_string}"},"query-input":{"@type":"PropertyValueSpecification","valueRequired":true,"valueName":"search_term_string"}}],"inLanguage":"fr-FR"},{"@type":"Organization","@id":"https:\/\/riegos.com\/fr\/#organization","name":"ABANILLA RIEGOS SA","url":"https:\/\/riegos.com\/fr\/","logo":{"@type":"ImageObject","inLanguage":"fr-FR","@id":"https:\/\/riegos.com\/fr\/#\/schema\/logo\/image\/","url":"https:\/\/riegos.com\/wp-content\/uploads\/2021\/10\/logo_trim.png","contentUrl":"https:\/\/riegos.com\/wp-content\/uploads\/2021\/10\/logo_trim.png","width":217,"height":129,"caption":"ABANILLA RIEGOS SA"},"image":{"@id":"https:\/\/riegos.com\/fr\/#\/schema\/logo\/image\/"},"sameAs":["https:\/\/es-es.facebook.com\/AbrisaRiegos\/"]}]}},"_links":{"self":[{"href":"https:\/\/riegos.com\/fr\/wp-json\/wp\/v2\/product\/17380","targetHints":{"allow":["GET"]}}],"collection":[{"href":"https:\/\/riegos.com\/fr\/wp-json\/wp\/v2\/product"}],"about":[{"href":"https:\/\/riegos.com\/fr\/wp-json\/wp\/v2\/types\/product"}],"replies":[{"embeddable":true,"href":"https:\/\/riegos.com\/fr\/wp-json\/wp\/v2\/comments?post=17380"}],"wp:featuredmedia":[{"embeddable":true,"href":"https:\/\/riegos.com\/fr\/wp-json\/wp\/v2\/media\/10024"}],"wp:attachment":[{"href":"https:\/\/riegos.com\/fr\/wp-json\/wp\/v2\/media?parent=17380"}],"wp:term":[{"taxonomy":"product_brand","embeddable":true,"href":"https:\/\/riegos.com\/fr\/wp-json\/wp\/v2\/product_brand?post=17380"},{"taxonomy":"product_cat","embeddable":true,"href":"https:\/\/riegos.com\/fr\/wp-json\/wp\/v2\/product_cat?post=17380"},{"taxonomy":"product_tag","embeddable":true,"href":"https:\/\/riegos.com\/fr\/wp-json\/wp\/v2\/product_tag?post=17380"}],"curies":[{"name":"wp","href":"https:\/\/api.w.org\/{rel}","templated":true}]}}