{"id":17372,"date":"2021-08-21T12:37:18","date_gmt":"2021-08-21T13:38:22","guid":{"rendered":"https:\/\/riegos.com\/producto\/manchon-femelle-reduit\/"},"modified":"2024-03-18T13:06:22","modified_gmt":"2024-03-18T13:06:22","slug":"manchon-femelle-reduit","status":"publish","type":"product","link":"https:\/\/riegos.com\/fr\/producto\/manchon-femelle-reduit\/","title":{"rendered":"MANCHON FEMELLE REDUIT"},"content":{"rendered":"<p>[vc_row][vc_column][vc_column_text]<\/p>\n<table width=\"896\">\n<tbody>\n<tr>\n<td width=\"65\">R\u00e9f\u00e9rence<\/td>\n<td width=\"145\">Mesure<\/td>\n<td width=\"66\">P.V.P. (\u20ac)<\/td>\n<td width=\"108\">Poids Pi\u00e8ce (gr)<\/td>\n<td width=\"137\">Poids de la bo\u00eete (gr)<\/td>\n<td width=\"94\">Unit\u00e9s \/ Sac<\/td>\n<td width=\"98\">Unit\u00e9s \/ Bo\u00eete<\/td>\n<td width=\"126\">Type de conteneur<\/td>\n<td width=\"107\">Code EAN<\/td>\n<\/tr>\n<tr>\n<td>4722<\/td>\n<td>3\/4&#8243; &#8211; 1\/2&#8243;<\/td>\n<td>0,5710<\/td>\n<td>&#8211;<\/td>\n<td>4,100.00<\/td>\n<td>1<\/td>\n<td>200<\/td>\n<td>1<\/td>\n<td>8435277947222<\/td>\n<\/tr>\n<tr>\n<td>4723<\/td>\n<td>1&#8243; &#8211; 3\/4&#8243;<\/td>\n<td>1,5392<\/td>\n<td>&#8211;<\/td>\n<td>3,380.00<\/td>\n<td>1<\/td>\n<td>100<\/td>\n<td>1<\/td>\n<td>8435277947239<\/td>\n<\/tr>\n<tr>\n<td>4724<\/td>\n<td>1 1\/4&#8243; &#8211; 1&#8243;<\/td>\n<td>1,7378<\/td>\n<td>&#8211;<\/td>\n<td>4,320.00<\/td>\n<td>1<\/td>\n<td>100<\/td>\n<td>2<\/td>\n<td>8435277947246<\/td>\n<\/tr>\n<tr>\n<td>4725<\/td>\n<td>1 1\/2&#8243; &#8211; 1 1\/4&#8243;<\/td>\n<td>2,4581<\/td>\n<td>&#8211;<\/td>\n<td>8,490.00<\/td>\n<td>1<\/td>\n<td>100<\/td>\n<td>2<\/td>\n<td>8435277947253<\/td>\n<\/tr>\n<tr>\n<td>4726<\/td>\n<td>2&#8243; &#8211; 1 1\/2&#8243;<\/td>\n<td>3,9229<\/td>\n<td>&#8211;<\/td>\n<td>15,060.00<\/td>\n<td>1<\/td>\n<td>100<\/td>\n<td>4<\/td>\n<td>8435277947260<\/td>\n<\/tr>\n<tr>\n<td>4727<\/td>\n<td>2 1\/2&#8243; &#8211; 2&#8243;<\/td>\n<td>11,7931<\/td>\n<td>&#8211;<\/td>\n<td>6,940.00<\/td>\n<td>1<\/td>\n<td>20<\/td>\n<td>2<\/td>\n<td>8435277947277<\/td>\n<\/tr>\n<tr>\n<td>4728<\/td>\n<td>3&#8243; &#8211; 2 1\/2&#8243;<\/td>\n<td>13,0347<\/td>\n<td>&#8211;<\/td>\n<td>5,520.00<\/td>\n<td>1<\/td>\n<td>10<\/td>\n<td>2<\/td>\n<td>8435277947284<\/td>\n<\/tr>\n<\/tbody>\n<\/table>\n<p>[\/vc_column_text][\/vc_column][\/vc_row]<\/p>\n","protected":false},"excerpt":{"rendered":"<p>[vc_row][vc_column][vc_column_text] R\u00e9f\u00e9rence Mesure P.V.P. (\u20ac) Poids Pi\u00e8ce (gr) Poids de la bo\u00eete (gr) Unit\u00e9s \/ Sac Unit\u00e9s \/ Bo\u00eete Type de conteneur Code EAN 4722 3\/4&#8243; &#8211; 1\/2&#8243; 0,5710 &#8211; 4,100.00 1 200 1 8435277947222 4723 1&#8243; &#8211; 3\/4&#8243; 1,5392 &#8211; 3,380.00 1 100 1 8435277947239 4724 1 1\/4&#8243; &#8211; 1&#8243; 1,7378 &#8211; 4,320.00 1 [&hellip;]<\/p>\n","protected":false},"featured_media":10014,"comment_status":"closed","ping_status":"closed","template":"","meta":{"_acf_changed":false},"product_brand":[],"product_cat":[1213,1228],"product_tag":[],"class_list":{"0":"post-17372","1":"product","2":"type-product","3":"status-publish","4":"has-post-thumbnail","6":"product_cat-accessoires-pour-presion","7":"product_cat-filetes","9":"first","10":"instock","11":"purchasable","12":"product-type-variable"},"acf":[],"yoast_head":"<!-- This site is optimized with the Yoast SEO plugin v27.4 - https:\/\/yoast.com\/product\/yoast-seo-wordpress\/ -->\n<title>MANCHON FEMELLE REDUIT - Abrisa. La Casa del Riego<\/title>\n<meta name=\"robots\" content=\"index, follow, max-snippet:-1, max-image-preview:large, max-video-preview:-1\" \/>\n<link rel=\"canonical\" href=\"https:\/\/riegos.com\/fr\/producto\/manchon-femelle-reduit\/\" \/>\n<meta property=\"og:locale\" content=\"fr_FR\" \/>\n<meta property=\"og:type\" content=\"article\" \/>\n<meta property=\"og:title\" content=\"MANCHON FEMELLE REDUIT - Abrisa. La Casa del Riego\" \/>\n<meta property=\"og:description\" content=\"[vc_row][vc_column][vc_column_text] R\u00e9f\u00e9rence Mesure P.V.P. (\u20ac) Poids Pi\u00e8ce (gr) Poids de la bo\u00eete (gr) Unit\u00e9s \/ Sac Unit\u00e9s \/ Bo\u00eete Type de conteneur Code EAN 4722 3\/4&#8243; &#8211; 1\/2&#8243; 0,5710 &#8211; 4,100.00 1 200 1 8435277947222 4723 1&#8243; &#8211; 3\/4&#8243; 1,5392 &#8211; 3,380.00 1 100 1 8435277947239 4724 1 1\/4&#8243; &#8211; 1&#8243; 1,7378 &#8211; 4,320.00 1 [&hellip;]\" \/>\n<meta property=\"og:url\" content=\"https:\/\/riegos.com\/fr\/producto\/manchon-femelle-reduit\/\" \/>\n<meta property=\"og:site_name\" content=\"Abrisa. La Casa del Riego\" \/>\n<meta property=\"article:publisher\" content=\"https:\/\/es-es.facebook.com\/AbrisaRiegos\/\" \/>\n<meta property=\"article:modified_time\" content=\"2024-03-18T13:06:22+00:00\" \/>\n<meta property=\"og:image\" content=\"https:\/\/riegos.com\/wp-content\/uploads\/2021\/08\/4720.jpg\" \/>\n\t<meta property=\"og:image:width\" content=\"1123\" \/>\n\t<meta property=\"og:image:height\" content=\"891\" \/>\n\t<meta property=\"og:image:type\" content=\"image\/jpeg\" \/>\n<meta name=\"twitter:card\" content=\"summary_large_image\" \/>\n<meta name=\"twitter:label1\" content=\"Dur\u00e9e de lecture estim\u00e9e\" \/>\n\t<meta name=\"twitter:data1\" content=\"1 minute\" \/>\n<script type=\"application\/ld+json\" class=\"yoast-schema-graph\">{\"@context\":\"https:\\\/\\\/schema.org\",\"@graph\":[{\"@type\":\"WebPage\",\"@id\":\"https:\\\/\\\/riegos.com\\\/fr\\\/producto\\\/manchon-femelle-reduit\\\/\",\"url\":\"https:\\\/\\\/riegos.com\\\/fr\\\/producto\\\/manchon-femelle-reduit\\\/\",\"name\":\"MANCHON FEMELLE REDUIT - Abrisa. La Casa del Riego\",\"isPartOf\":{\"@id\":\"https:\\\/\\\/riegos.com\\\/fr\\\/#website\"},\"primaryImageOfPage\":{\"@id\":\"https:\\\/\\\/riegos.com\\\/fr\\\/producto\\\/manchon-femelle-reduit\\\/#primaryimage\"},\"image\":{\"@id\":\"https:\\\/\\\/riegos.com\\\/fr\\\/producto\\\/manchon-femelle-reduit\\\/#primaryimage\"},\"thumbnailUrl\":\"https:\\\/\\\/riegos.com\\\/wp-content\\\/uploads\\\/2021\\\/08\\\/4720.jpg\",\"datePublished\":\"2021-08-21T13:38:22+00:00\",\"dateModified\":\"2024-03-18T13:06:22+00:00\",\"breadcrumb\":{\"@id\":\"https:\\\/\\\/riegos.com\\\/fr\\\/producto\\\/manchon-femelle-reduit\\\/#breadcrumb\"},\"inLanguage\":\"fr-FR\",\"potentialAction\":[{\"@type\":\"ReadAction\",\"target\":[\"https:\\\/\\\/riegos.com\\\/fr\\\/producto\\\/manchon-femelle-reduit\\\/\"]}]},{\"@type\":\"ImageObject\",\"inLanguage\":\"fr-FR\",\"@id\":\"https:\\\/\\\/riegos.com\\\/fr\\\/producto\\\/manchon-femelle-reduit\\\/#primaryimage\",\"url\":\"https:\\\/\\\/riegos.com\\\/wp-content\\\/uploads\\\/2021\\\/08\\\/4720.jpg\",\"contentUrl\":\"https:\\\/\\\/riegos.com\\\/wp-content\\\/uploads\\\/2021\\\/08\\\/4720.jpg\",\"width\":1123,\"height\":891},{\"@type\":\"BreadcrumbList\",\"@id\":\"https:\\\/\\\/riegos.com\\\/fr\\\/producto\\\/manchon-femelle-reduit\\\/#breadcrumb\",\"itemListElement\":[{\"@type\":\"ListItem\",\"position\":1,\"name\":\"Inicio\",\"item\":\"https:\\\/\\\/riegos.com\\\/fr\\\/\"},{\"@type\":\"ListItem\",\"position\":2,\"name\":\"Productos\",\"item\":\"https:\\\/\\\/riegos.com\\\/productos\\\/\"},{\"@type\":\"ListItem\",\"position\":3,\"name\":\"MANCHON FEMELLE REDUIT\"}]},{\"@type\":\"WebSite\",\"@id\":\"https:\\\/\\\/riegos.com\\\/fr\\\/#website\",\"url\":\"https:\\\/\\\/riegos.com\\\/fr\\\/\",\"name\":\"Abrisa. La Casa del Riego\",\"description\":\"\",\"publisher\":{\"@id\":\"https:\\\/\\\/riegos.com\\\/fr\\\/#organization\"},\"potentialAction\":[{\"@type\":\"SearchAction\",\"target\":{\"@type\":\"EntryPoint\",\"urlTemplate\":\"https:\\\/\\\/riegos.com\\\/fr\\\/?s={search_term_string}\"},\"query-input\":{\"@type\":\"PropertyValueSpecification\",\"valueRequired\":true,\"valueName\":\"search_term_string\"}}],\"inLanguage\":\"fr-FR\"},{\"@type\":\"Organization\",\"@id\":\"https:\\\/\\\/riegos.com\\\/fr\\\/#organization\",\"name\":\"ABANILLA RIEGOS SA\",\"url\":\"https:\\\/\\\/riegos.com\\\/fr\\\/\",\"logo\":{\"@type\":\"ImageObject\",\"inLanguage\":\"fr-FR\",\"@id\":\"https:\\\/\\\/riegos.com\\\/fr\\\/#\\\/schema\\\/logo\\\/image\\\/\",\"url\":\"https:\\\/\\\/riegos.com\\\/wp-content\\\/uploads\\\/2021\\\/10\\\/logo_trim.png\",\"contentUrl\":\"https:\\\/\\\/riegos.com\\\/wp-content\\\/uploads\\\/2021\\\/10\\\/logo_trim.png\",\"width\":217,\"height\":129,\"caption\":\"ABANILLA RIEGOS SA\"},\"image\":{\"@id\":\"https:\\\/\\\/riegos.com\\\/fr\\\/#\\\/schema\\\/logo\\\/image\\\/\"},\"sameAs\":[\"https:\\\/\\\/es-es.facebook.com\\\/AbrisaRiegos\\\/\"]}]}<\/script>\n<!-- \/ Yoast SEO plugin. -->","yoast_head_json":{"title":"MANCHON FEMELLE REDUIT - Abrisa. La Casa del Riego","robots":{"index":"index","follow":"follow","max-snippet":"max-snippet:-1","max-image-preview":"max-image-preview:large","max-video-preview":"max-video-preview:-1"},"canonical":"https:\/\/riegos.com\/fr\/producto\/manchon-femelle-reduit\/","og_locale":"fr_FR","og_type":"article","og_title":"MANCHON FEMELLE REDUIT - Abrisa. La Casa del Riego","og_description":"[vc_row][vc_column][vc_column_text] R\u00e9f\u00e9rence Mesure P.V.P. (\u20ac) Poids Pi\u00e8ce (gr) Poids de la bo\u00eete (gr) Unit\u00e9s \/ Sac Unit\u00e9s \/ Bo\u00eete Type de conteneur Code EAN 4722 3\/4&#8243; &#8211; 1\/2&#8243; 0,5710 &#8211; 4,100.00 1 200 1 8435277947222 4723 1&#8243; &#8211; 3\/4&#8243; 1,5392 &#8211; 3,380.00 1 100 1 8435277947239 4724 1 1\/4&#8243; &#8211; 1&#8243; 1,7378 &#8211; 4,320.00 1 [&hellip;]","og_url":"https:\/\/riegos.com\/fr\/producto\/manchon-femelle-reduit\/","og_site_name":"Abrisa. La Casa del Riego","article_publisher":"https:\/\/es-es.facebook.com\/AbrisaRiegos\/","article_modified_time":"2024-03-18T13:06:22+00:00","og_image":[{"width":1123,"height":891,"url":"https:\/\/riegos.com\/wp-content\/uploads\/2021\/08\/4720.jpg","type":"image\/jpeg"}],"twitter_card":"summary_large_image","twitter_misc":{"Dur\u00e9e de lecture estim\u00e9e":"1 minute"},"schema":{"@context":"https:\/\/schema.org","@graph":[{"@type":"WebPage","@id":"https:\/\/riegos.com\/fr\/producto\/manchon-femelle-reduit\/","url":"https:\/\/riegos.com\/fr\/producto\/manchon-femelle-reduit\/","name":"MANCHON FEMELLE REDUIT - Abrisa. La Casa del Riego","isPartOf":{"@id":"https:\/\/riegos.com\/fr\/#website"},"primaryImageOfPage":{"@id":"https:\/\/riegos.com\/fr\/producto\/manchon-femelle-reduit\/#primaryimage"},"image":{"@id":"https:\/\/riegos.com\/fr\/producto\/manchon-femelle-reduit\/#primaryimage"},"thumbnailUrl":"https:\/\/riegos.com\/wp-content\/uploads\/2021\/08\/4720.jpg","datePublished":"2021-08-21T13:38:22+00:00","dateModified":"2024-03-18T13:06:22+00:00","breadcrumb":{"@id":"https:\/\/riegos.com\/fr\/producto\/manchon-femelle-reduit\/#breadcrumb"},"inLanguage":"fr-FR","potentialAction":[{"@type":"ReadAction","target":["https:\/\/riegos.com\/fr\/producto\/manchon-femelle-reduit\/"]}]},{"@type":"ImageObject","inLanguage":"fr-FR","@id":"https:\/\/riegos.com\/fr\/producto\/manchon-femelle-reduit\/#primaryimage","url":"https:\/\/riegos.com\/wp-content\/uploads\/2021\/08\/4720.jpg","contentUrl":"https:\/\/riegos.com\/wp-content\/uploads\/2021\/08\/4720.jpg","width":1123,"height":891},{"@type":"BreadcrumbList","@id":"https:\/\/riegos.com\/fr\/producto\/manchon-femelle-reduit\/#breadcrumb","itemListElement":[{"@type":"ListItem","position":1,"name":"Inicio","item":"https:\/\/riegos.com\/fr\/"},{"@type":"ListItem","position":2,"name":"Productos","item":"https:\/\/riegos.com\/productos\/"},{"@type":"ListItem","position":3,"name":"MANCHON FEMELLE REDUIT"}]},{"@type":"WebSite","@id":"https:\/\/riegos.com\/fr\/#website","url":"https:\/\/riegos.com\/fr\/","name":"Abrisa. La Casa del Riego","description":"","publisher":{"@id":"https:\/\/riegos.com\/fr\/#organization"},"potentialAction":[{"@type":"SearchAction","target":{"@type":"EntryPoint","urlTemplate":"https:\/\/riegos.com\/fr\/?s={search_term_string}"},"query-input":{"@type":"PropertyValueSpecification","valueRequired":true,"valueName":"search_term_string"}}],"inLanguage":"fr-FR"},{"@type":"Organization","@id":"https:\/\/riegos.com\/fr\/#organization","name":"ABANILLA RIEGOS SA","url":"https:\/\/riegos.com\/fr\/","logo":{"@type":"ImageObject","inLanguage":"fr-FR","@id":"https:\/\/riegos.com\/fr\/#\/schema\/logo\/image\/","url":"https:\/\/riegos.com\/wp-content\/uploads\/2021\/10\/logo_trim.png","contentUrl":"https:\/\/riegos.com\/wp-content\/uploads\/2021\/10\/logo_trim.png","width":217,"height":129,"caption":"ABANILLA RIEGOS SA"},"image":{"@id":"https:\/\/riegos.com\/fr\/#\/schema\/logo\/image\/"},"sameAs":["https:\/\/es-es.facebook.com\/AbrisaRiegos\/"]}]}},"_links":{"self":[{"href":"https:\/\/riegos.com\/fr\/wp-json\/wp\/v2\/product\/17372","targetHints":{"allow":["GET"]}}],"collection":[{"href":"https:\/\/riegos.com\/fr\/wp-json\/wp\/v2\/product"}],"about":[{"href":"https:\/\/riegos.com\/fr\/wp-json\/wp\/v2\/types\/product"}],"replies":[{"embeddable":true,"href":"https:\/\/riegos.com\/fr\/wp-json\/wp\/v2\/comments?post=17372"}],"wp:featuredmedia":[{"embeddable":true,"href":"https:\/\/riegos.com\/fr\/wp-json\/wp\/v2\/media\/10014"}],"wp:attachment":[{"href":"https:\/\/riegos.com\/fr\/wp-json\/wp\/v2\/media?parent=17372"}],"wp:term":[{"taxonomy":"product_brand","embeddable":true,"href":"https:\/\/riegos.com\/fr\/wp-json\/wp\/v2\/product_brand?post=17372"},{"taxonomy":"product_cat","embeddable":true,"href":"https:\/\/riegos.com\/fr\/wp-json\/wp\/v2\/product_cat?post=17372"},{"taxonomy":"product_tag","embeddable":true,"href":"https:\/\/riegos.com\/fr\/wp-json\/wp\/v2\/product_tag?post=17372"}],"curies":[{"name":"wp","href":"https:\/\/api.w.org\/{rel}","templated":true}]}}