{"id":17324,"date":"2021-08-21T12:36:09","date_gmt":"2021-08-21T13:36:48","guid":{"rendered":"https:\/\/riegos.com\/producto\/coude-pression-p-e\/"},"modified":"2024-02-16T14:27:35","modified_gmt":"2024-02-16T14:27:35","slug":"coude-pression-p-e","status":"publish","type":"product","link":"https:\/\/riegos.com\/fr\/producto\/coude-pression-p-e\/","title":{"rendered":"COUDE PRESSION P.E."},"content":{"rendered":"<p>[vc_row][vc_column][vc_column_text]<\/p>\n<table width=\"896\">\n<tbody>\n<tr>\n<td width=\"65\">R\u00e9f\u00e9rence<\/td>\n<td width=\"95\">Mesure<\/td>\n<td width=\"66\">P.V.P. (\u20ac)<\/td>\n<td width=\"108\">Poids Pi\u00e8ce (gr)<\/td>\n<td width=\"137\">Poids de la bo\u00eete (gr)<\/td>\n<td width=\"94\">Unit\u00e9s \/ Sac<\/td>\n<td width=\"98\">Unit\u00e9s \/ Bo\u00eete<\/td>\n<td width=\"126\">Type de conteneur<\/td>\n<td width=\"107\">Code EAN<\/td>\n<\/tr>\n<tr>\n<td>4610<\/td>\n<td>16 mm<\/td>\n<td>2.0901<\/td>\n<td>55.00<\/td>\n<td>5,658.00<\/td>\n<td>1<\/td>\n<td>100<\/td>\n<td>2<\/td>\n<td>8435277946102<\/td>\n<\/tr>\n<tr>\n<td>4611<\/td>\n<td>20 mm<\/td>\n<td>2.0901<\/td>\n<td>65.00<\/td>\n<td>7,380.00<\/td>\n<td>1<\/td>\n<td>100<\/td>\n<td>4<\/td>\n<td>8435277946119<\/td>\n<\/tr>\n<tr>\n<td>4612<\/td>\n<td>25 mm<\/td>\n<td>2.4745<\/td>\n<td>95.00<\/td>\n<td>10,505.00<\/td>\n<td>1<\/td>\n<td>100<\/td>\n<td>4<\/td>\n<td>8435277946126<\/td>\n<\/tr>\n<tr>\n<td>4613<\/td>\n<td>32 mm<\/td>\n<td>3.5676<\/td>\n<td>165.00<\/td>\n<td>17,660.00<\/td>\n<td>1<\/td>\n<td>100<\/td>\n<td>7<\/td>\n<td>8435277946133<\/td>\n<\/tr>\n<tr>\n<td>4614<\/td>\n<td>40 mm<\/td>\n<td>5.7177<\/td>\n<td>&#8211;<\/td>\n<td>10,170.00<\/td>\n<td>1<\/td>\n<td>40<\/td>\n<td>4<\/td>\n<td>8435277946140<\/td>\n<\/tr>\n<tr>\n<td>4615<\/td>\n<td>50 mm<\/td>\n<td>8.1201<\/td>\n<td>&#8211;<\/td>\n<td>9,100.00<\/td>\n<td>1<\/td>\n<td>20<\/td>\n<td>4<\/td>\n<td>8435277946157<\/td>\n<\/tr>\n<tr>\n<td>4616<\/td>\n<td>63 mm<\/td>\n<td>12.5405<\/td>\n<td>&#8211;<\/td>\n<td>9,590.00<\/td>\n<td>1<\/td>\n<td>12<\/td>\n<td>4<\/td>\n<td>8435277946164<\/td>\n<\/tr>\n<tr>\n<td>4617<\/td>\n<td>75 mm<\/td>\n<td>29.9260<\/td>\n<td>&#8211;<\/td>\n<td>6,300.00<\/td>\n<td>1<\/td>\n<td>6<\/td>\n<td>4<\/td>\n<td>8435277946171<\/td>\n<\/tr>\n<tr>\n<td>4618<\/td>\n<td>90 mm<\/td>\n<td>43.2432<\/td>\n<td>&#8211;<\/td>\n<td>10,190.00<\/td>\n<td>1<\/td>\n<td>6<\/td>\n<td>3<\/td>\n<td>8435277946188<\/td>\n<\/tr>\n<\/tbody>\n<\/table>\n<p>[\/vc_column_text][\/vc_column][\/vc_row]<\/p>\n","protected":false},"excerpt":{"rendered":"<p>[vc_row][vc_column][vc_column_text] R\u00e9f\u00e9rence Mesure P.V.P. (\u20ac) Poids Pi\u00e8ce (gr) Poids de la bo\u00eete (gr) Unit\u00e9s \/ Sac Unit\u00e9s \/ Bo\u00eete Type de conteneur Code EAN 4610 16 mm 2.0901 55.00 5,658.00 1 100 2 8435277946102 4611 20 mm 2.0901 65.00 7,380.00 1 100 4 8435277946119 4612 25 mm 2.4745 95.00 10,505.00 1 100 4 8435277946126 4613 [&hellip;]<\/p>\n","protected":false},"featured_media":9950,"comment_status":"closed","ping_status":"closed","template":"","meta":{"_acf_changed":false},"product_brand":[],"product_cat":[1213,1225],"product_tag":[],"class_list":{"0":"post-17324","1":"product","2":"type-product","3":"status-publish","4":"has-post-thumbnail","6":"product_cat-accessoires-pour-presion","7":"product_cat-raccords-de-compression-pour-p-e","9":"first","10":"instock","11":"purchasable","12":"product-type-variable"},"acf":[],"yoast_head":"<!-- This site is optimized with the Yoast SEO plugin v27.4 - https:\/\/yoast.com\/product\/yoast-seo-wordpress\/ -->\n<title>COUDE PRESSION P.E. - Abrisa. La Casa del Riego<\/title>\n<meta name=\"robots\" content=\"index, follow, max-snippet:-1, max-image-preview:large, max-video-preview:-1\" \/>\n<link rel=\"canonical\" href=\"https:\/\/riegos.com\/fr\/producto\/coude-pression-p-e\/\" \/>\n<meta property=\"og:locale\" content=\"fr_FR\" \/>\n<meta property=\"og:type\" content=\"article\" \/>\n<meta property=\"og:title\" content=\"COUDE PRESSION P.E. - Abrisa. La Casa del Riego\" \/>\n<meta property=\"og:description\" content=\"[vc_row][vc_column][vc_column_text] R\u00e9f\u00e9rence Mesure P.V.P. (\u20ac) Poids Pi\u00e8ce (gr) Poids de la bo\u00eete (gr) Unit\u00e9s \/ Sac Unit\u00e9s \/ Bo\u00eete Type de conteneur Code EAN 4610 16 mm 2.0901 55.00 5,658.00 1 100 2 8435277946102 4611 20 mm 2.0901 65.00 7,380.00 1 100 4 8435277946119 4612 25 mm 2.4745 95.00 10,505.00 1 100 4 8435277946126 4613 [&hellip;]\" \/>\n<meta property=\"og:url\" content=\"https:\/\/riegos.com\/fr\/producto\/coude-pression-p-e\/\" \/>\n<meta property=\"og:site_name\" content=\"Abrisa. La Casa del Riego\" \/>\n<meta property=\"article:publisher\" content=\"https:\/\/es-es.facebook.com\/AbrisaRiegos\/\" \/>\n<meta property=\"article:modified_time\" content=\"2024-02-16T14:27:35+00:00\" \/>\n<meta property=\"og:image\" content=\"https:\/\/riegos.com\/wp-content\/uploads\/2021\/08\/4610.jpg\" \/>\n\t<meta property=\"og:image:width\" content=\"740\" \/>\n\t<meta property=\"og:image:height\" content=\"455\" \/>\n\t<meta property=\"og:image:type\" content=\"image\/jpeg\" \/>\n<meta name=\"twitter:card\" content=\"summary_large_image\" \/>\n<meta name=\"twitter:label1\" content=\"Dur\u00e9e de lecture estim\u00e9e\" \/>\n\t<meta name=\"twitter:data1\" content=\"1 minute\" \/>\n<script type=\"application\/ld+json\" class=\"yoast-schema-graph\">{\"@context\":\"https:\\\/\\\/schema.org\",\"@graph\":[{\"@type\":\"WebPage\",\"@id\":\"https:\\\/\\\/riegos.com\\\/fr\\\/producto\\\/coude-pression-p-e\\\/\",\"url\":\"https:\\\/\\\/riegos.com\\\/fr\\\/producto\\\/coude-pression-p-e\\\/\",\"name\":\"COUDE PRESSION P.E. - Abrisa. La Casa del Riego\",\"isPartOf\":{\"@id\":\"https:\\\/\\\/riegos.com\\\/fr\\\/#website\"},\"primaryImageOfPage\":{\"@id\":\"https:\\\/\\\/riegos.com\\\/fr\\\/producto\\\/coude-pression-p-e\\\/#primaryimage\"},\"image\":{\"@id\":\"https:\\\/\\\/riegos.com\\\/fr\\\/producto\\\/coude-pression-p-e\\\/#primaryimage\"},\"thumbnailUrl\":\"https:\\\/\\\/riegos.com\\\/wp-content\\\/uploads\\\/2021\\\/08\\\/4610.jpg\",\"datePublished\":\"2021-08-21T13:36:48+00:00\",\"dateModified\":\"2024-02-16T14:27:35+00:00\",\"breadcrumb\":{\"@id\":\"https:\\\/\\\/riegos.com\\\/fr\\\/producto\\\/coude-pression-p-e\\\/#breadcrumb\"},\"inLanguage\":\"fr-FR\",\"potentialAction\":[{\"@type\":\"ReadAction\",\"target\":[\"https:\\\/\\\/riegos.com\\\/fr\\\/producto\\\/coude-pression-p-e\\\/\"]}]},{\"@type\":\"ImageObject\",\"inLanguage\":\"fr-FR\",\"@id\":\"https:\\\/\\\/riegos.com\\\/fr\\\/producto\\\/coude-pression-p-e\\\/#primaryimage\",\"url\":\"https:\\\/\\\/riegos.com\\\/wp-content\\\/uploads\\\/2021\\\/08\\\/4610.jpg\",\"contentUrl\":\"https:\\\/\\\/riegos.com\\\/wp-content\\\/uploads\\\/2021\\\/08\\\/4610.jpg\",\"width\":740,\"height\":455},{\"@type\":\"BreadcrumbList\",\"@id\":\"https:\\\/\\\/riegos.com\\\/fr\\\/producto\\\/coude-pression-p-e\\\/#breadcrumb\",\"itemListElement\":[{\"@type\":\"ListItem\",\"position\":1,\"name\":\"Inicio\",\"item\":\"https:\\\/\\\/riegos.com\\\/fr\\\/\"},{\"@type\":\"ListItem\",\"position\":2,\"name\":\"Productos\",\"item\":\"https:\\\/\\\/riegos.com\\\/productos\\\/\"},{\"@type\":\"ListItem\",\"position\":3,\"name\":\"COUDE PRESSION P.E.\"}]},{\"@type\":\"WebSite\",\"@id\":\"https:\\\/\\\/riegos.com\\\/fr\\\/#website\",\"url\":\"https:\\\/\\\/riegos.com\\\/fr\\\/\",\"name\":\"Abrisa. La Casa del Riego\",\"description\":\"\",\"publisher\":{\"@id\":\"https:\\\/\\\/riegos.com\\\/fr\\\/#organization\"},\"potentialAction\":[{\"@type\":\"SearchAction\",\"target\":{\"@type\":\"EntryPoint\",\"urlTemplate\":\"https:\\\/\\\/riegos.com\\\/fr\\\/?s={search_term_string}\"},\"query-input\":{\"@type\":\"PropertyValueSpecification\",\"valueRequired\":true,\"valueName\":\"search_term_string\"}}],\"inLanguage\":\"fr-FR\"},{\"@type\":\"Organization\",\"@id\":\"https:\\\/\\\/riegos.com\\\/fr\\\/#organization\",\"name\":\"ABANILLA RIEGOS SA\",\"url\":\"https:\\\/\\\/riegos.com\\\/fr\\\/\",\"logo\":{\"@type\":\"ImageObject\",\"inLanguage\":\"fr-FR\",\"@id\":\"https:\\\/\\\/riegos.com\\\/fr\\\/#\\\/schema\\\/logo\\\/image\\\/\",\"url\":\"https:\\\/\\\/riegos.com\\\/wp-content\\\/uploads\\\/2021\\\/10\\\/logo_trim.png\",\"contentUrl\":\"https:\\\/\\\/riegos.com\\\/wp-content\\\/uploads\\\/2021\\\/10\\\/logo_trim.png\",\"width\":217,\"height\":129,\"caption\":\"ABANILLA RIEGOS SA\"},\"image\":{\"@id\":\"https:\\\/\\\/riegos.com\\\/fr\\\/#\\\/schema\\\/logo\\\/image\\\/\"},\"sameAs\":[\"https:\\\/\\\/es-es.facebook.com\\\/AbrisaRiegos\\\/\"]}]}<\/script>\n<!-- \/ Yoast SEO plugin. -->","yoast_head_json":{"title":"COUDE PRESSION P.E. - Abrisa. La Casa del Riego","robots":{"index":"index","follow":"follow","max-snippet":"max-snippet:-1","max-image-preview":"max-image-preview:large","max-video-preview":"max-video-preview:-1"},"canonical":"https:\/\/riegos.com\/fr\/producto\/coude-pression-p-e\/","og_locale":"fr_FR","og_type":"article","og_title":"COUDE PRESSION P.E. - Abrisa. La Casa del Riego","og_description":"[vc_row][vc_column][vc_column_text] R\u00e9f\u00e9rence Mesure P.V.P. (\u20ac) Poids Pi\u00e8ce (gr) Poids de la bo\u00eete (gr) Unit\u00e9s \/ Sac Unit\u00e9s \/ Bo\u00eete Type de conteneur Code EAN 4610 16 mm 2.0901 55.00 5,658.00 1 100 2 8435277946102 4611 20 mm 2.0901 65.00 7,380.00 1 100 4 8435277946119 4612 25 mm 2.4745 95.00 10,505.00 1 100 4 8435277946126 4613 [&hellip;]","og_url":"https:\/\/riegos.com\/fr\/producto\/coude-pression-p-e\/","og_site_name":"Abrisa. La Casa del Riego","article_publisher":"https:\/\/es-es.facebook.com\/AbrisaRiegos\/","article_modified_time":"2024-02-16T14:27:35+00:00","og_image":[{"width":740,"height":455,"url":"https:\/\/riegos.com\/wp-content\/uploads\/2021\/08\/4610.jpg","type":"image\/jpeg"}],"twitter_card":"summary_large_image","twitter_misc":{"Dur\u00e9e de lecture estim\u00e9e":"1 minute"},"schema":{"@context":"https:\/\/schema.org","@graph":[{"@type":"WebPage","@id":"https:\/\/riegos.com\/fr\/producto\/coude-pression-p-e\/","url":"https:\/\/riegos.com\/fr\/producto\/coude-pression-p-e\/","name":"COUDE PRESSION P.E. - Abrisa. La Casa del Riego","isPartOf":{"@id":"https:\/\/riegos.com\/fr\/#website"},"primaryImageOfPage":{"@id":"https:\/\/riegos.com\/fr\/producto\/coude-pression-p-e\/#primaryimage"},"image":{"@id":"https:\/\/riegos.com\/fr\/producto\/coude-pression-p-e\/#primaryimage"},"thumbnailUrl":"https:\/\/riegos.com\/wp-content\/uploads\/2021\/08\/4610.jpg","datePublished":"2021-08-21T13:36:48+00:00","dateModified":"2024-02-16T14:27:35+00:00","breadcrumb":{"@id":"https:\/\/riegos.com\/fr\/producto\/coude-pression-p-e\/#breadcrumb"},"inLanguage":"fr-FR","potentialAction":[{"@type":"ReadAction","target":["https:\/\/riegos.com\/fr\/producto\/coude-pression-p-e\/"]}]},{"@type":"ImageObject","inLanguage":"fr-FR","@id":"https:\/\/riegos.com\/fr\/producto\/coude-pression-p-e\/#primaryimage","url":"https:\/\/riegos.com\/wp-content\/uploads\/2021\/08\/4610.jpg","contentUrl":"https:\/\/riegos.com\/wp-content\/uploads\/2021\/08\/4610.jpg","width":740,"height":455},{"@type":"BreadcrumbList","@id":"https:\/\/riegos.com\/fr\/producto\/coude-pression-p-e\/#breadcrumb","itemListElement":[{"@type":"ListItem","position":1,"name":"Inicio","item":"https:\/\/riegos.com\/fr\/"},{"@type":"ListItem","position":2,"name":"Productos","item":"https:\/\/riegos.com\/productos\/"},{"@type":"ListItem","position":3,"name":"COUDE PRESSION P.E."}]},{"@type":"WebSite","@id":"https:\/\/riegos.com\/fr\/#website","url":"https:\/\/riegos.com\/fr\/","name":"Abrisa. La Casa del Riego","description":"","publisher":{"@id":"https:\/\/riegos.com\/fr\/#organization"},"potentialAction":[{"@type":"SearchAction","target":{"@type":"EntryPoint","urlTemplate":"https:\/\/riegos.com\/fr\/?s={search_term_string}"},"query-input":{"@type":"PropertyValueSpecification","valueRequired":true,"valueName":"search_term_string"}}],"inLanguage":"fr-FR"},{"@type":"Organization","@id":"https:\/\/riegos.com\/fr\/#organization","name":"ABANILLA RIEGOS SA","url":"https:\/\/riegos.com\/fr\/","logo":{"@type":"ImageObject","inLanguage":"fr-FR","@id":"https:\/\/riegos.com\/fr\/#\/schema\/logo\/image\/","url":"https:\/\/riegos.com\/wp-content\/uploads\/2021\/10\/logo_trim.png","contentUrl":"https:\/\/riegos.com\/wp-content\/uploads\/2021\/10\/logo_trim.png","width":217,"height":129,"caption":"ABANILLA RIEGOS SA"},"image":{"@id":"https:\/\/riegos.com\/fr\/#\/schema\/logo\/image\/"},"sameAs":["https:\/\/es-es.facebook.com\/AbrisaRiegos\/"]}]}},"_links":{"self":[{"href":"https:\/\/riegos.com\/fr\/wp-json\/wp\/v2\/product\/17324","targetHints":{"allow":["GET"]}}],"collection":[{"href":"https:\/\/riegos.com\/fr\/wp-json\/wp\/v2\/product"}],"about":[{"href":"https:\/\/riegos.com\/fr\/wp-json\/wp\/v2\/types\/product"}],"replies":[{"embeddable":true,"href":"https:\/\/riegos.com\/fr\/wp-json\/wp\/v2\/comments?post=17324"}],"wp:featuredmedia":[{"embeddable":true,"href":"https:\/\/riegos.com\/fr\/wp-json\/wp\/v2\/media\/9950"}],"wp:attachment":[{"href":"https:\/\/riegos.com\/fr\/wp-json\/wp\/v2\/media?parent=17324"}],"wp:term":[{"taxonomy":"product_brand","embeddable":true,"href":"https:\/\/riegos.com\/fr\/wp-json\/wp\/v2\/product_brand?post=17324"},{"taxonomy":"product_cat","embeddable":true,"href":"https:\/\/riegos.com\/fr\/wp-json\/wp\/v2\/product_cat?post=17324"},{"taxonomy":"product_tag","embeddable":true,"href":"https:\/\/riegos.com\/fr\/wp-json\/wp\/v2\/product_tag?post=17324"}],"curies":[{"name":"wp","href":"https:\/\/api.w.org\/{rel}","templated":true}]}}