{"id":17308,"date":"2021-08-21T12:35:47","date_gmt":"2021-08-21T13:36:16","guid":{"rendered":"https:\/\/riegos.com\/producto\/te-pression-filete-p-e\/"},"modified":"2024-03-18T11:23:07","modified_gmt":"2024-03-18T11:23:07","slug":"te-pression-filete-p-e","status":"publish","type":"product","link":"https:\/\/riegos.com\/fr\/producto\/te-pression-filete-p-e\/","title":{"rendered":"TE PRESSION FILET\u00c9 P.E."},"content":{"rendered":"<p>[vc_row][vc_column][vc_column_text]<\/p>\n<table width=\"896\">\n<tbody>\n<tr>\n<td width=\"65\">R\u00e9f\u00e9rence<\/td>\n<td width=\"145\">Mesure<\/td>\n<td width=\"66\">P.V.P. (\u20ac)<\/td>\n<td width=\"108\">Poids Pi\u00e8ce (gr)<\/td>\n<td width=\"137\">Poids de la bo\u00eete (gr)<\/td>\n<td width=\"94\">Unit\u00e9s \/ Sac<\/td>\n<td width=\"98\">Unit\u00e9s \/ Bo\u00eete<\/td>\n<td width=\"126\">Type de conteneur<\/td>\n<td width=\"107\">Code EAN<\/td>\n<\/tr>\n<tr>\n<td>4530<\/td>\n<td>16 mm &#8211; 1\/2&#8243;<\/td>\n<td>2.5345<\/td>\n<td>&#8211;<\/td>\n<td>1,500.00<\/td>\n<td>1<\/td>\n<td>100<\/td>\n<td>2<\/td>\n<td>8435277945303<\/td>\n<\/tr>\n<tr>\n<td>4531<\/td>\n<td>20 mm &#8211; 1\/2&#8243;<\/td>\n<td>2.5345<\/td>\n<td>75.00<\/td>\n<td>8,240.00<\/td>\n<td>1<\/td>\n<td>100<\/td>\n<td>4<\/td>\n<td>8435277945310<\/td>\n<\/tr>\n<tr>\n<td>4532<\/td>\n<td>25 mm &#8211; 3\/4&#8243;<\/td>\n<td>3.5435<\/td>\n<td>90.00<\/td>\n<td>11,830.00<\/td>\n<td>1<\/td>\n<td>100<\/td>\n<td>3<\/td>\n<td>8435277945327<\/td>\n<\/tr>\n<tr>\n<td>4533<\/td>\n<td>32 mm &#8211; 1&#8243;<\/td>\n<td>4.4444<\/td>\n<td>&#8211;<\/td>\n<td>14,690.00<\/td>\n<td>1<\/td>\n<td>80<\/td>\n<td>3<\/td>\n<td>8435277945334<\/td>\n<\/tr>\n<tr>\n<td>4534<\/td>\n<td>40 mm &#8211; 1 1\/4&#8243;<\/td>\n<td>5.8018<\/td>\n<td>&#8211;<\/td>\n<td>11,710.00<\/td>\n<td>1<\/td>\n<td>40<\/td>\n<td>4<\/td>\n<td>8435277945341<\/td>\n<\/tr>\n<tr>\n<td>4535<\/td>\n<td>50 mm &#8211; 1 1\/2&#8243;<\/td>\n<td>8.1081<\/td>\n<td>&#8211;<\/td>\n<td>8,040.00<\/td>\n<td>1<\/td>\n<td>16<\/td>\n<td>4<\/td>\n<td>8435277945358<\/td>\n<\/tr>\n<tr>\n<td>4536<\/td>\n<td>63 mm &#8211; 2&#8243;<\/td>\n<td>12.7567<\/td>\n<td>&#8211;<\/td>\n<td>8,820.00<\/td>\n<td>1<\/td>\n<td>10<\/td>\n<td>4<\/td>\n<td>8435277945365<\/td>\n<\/tr>\n<tr>\n<td>4537<\/td>\n<td>75 mm &#8211; 2 1\/2&#8243;<\/td>\n<td>31.2312<\/td>\n<td>&#8211;<\/td>\n<td>10,000.00<\/td>\n<td>1<\/td>\n<td>6<\/td>\n<td>4<\/td>\n<td>8435277945372<\/td>\n<\/tr>\n<tr>\n<td>4538<\/td>\n<td>90 mm &#8211; 3&#8243;<\/td>\n<td>42.0420<\/td>\n<td>&#8211;<\/td>\n<td>10,540.00<\/td>\n<td>1<\/td>\n<td>3<\/td>\n<td>4<\/td>\n<td>8435277945389<\/td>\n<\/tr>\n<\/tbody>\n<\/table>\n<p>[\/vc_column_text][\/vc_column][\/vc_row]<\/p>\n","protected":false},"excerpt":{"rendered":"<p>[vc_row][vc_column][vc_column_text] R\u00e9f\u00e9rence Mesure P.V.P. (\u20ac) Poids Pi\u00e8ce (gr) Poids de la bo\u00eete (gr) Unit\u00e9s \/ Sac Unit\u00e9s \/ Bo\u00eete Type de conteneur Code EAN 4530 16 mm &#8211; 1\/2&#8243; 2.5345 &#8211; 1,500.00 1 100 2 8435277945303 4531 20 mm &#8211; 1\/2&#8243; 2.5345 75.00 8,240.00 1 100 4 8435277945310 4532 25 mm &#8211; 3\/4&#8243; 3.5435 90.00 [&hellip;]<\/p>\n","protected":false},"featured_media":9930,"comment_status":"closed","ping_status":"closed","template":"","meta":{"_acf_changed":false},"product_brand":[],"product_cat":[1213,1225],"product_tag":[],"class_list":{"0":"post-17308","1":"product","2":"type-product","3":"status-publish","4":"has-post-thumbnail","6":"product_cat-accessoires-pour-presion","7":"product_cat-raccords-de-compression-pour-p-e","9":"first","10":"instock","11":"purchasable","12":"product-type-variable"},"acf":[],"yoast_head":"<!-- This site is optimized with the Yoast SEO plugin v27.4 - https:\/\/yoast.com\/product\/yoast-seo-wordpress\/ -->\n<title>TE PRESSION FILET\u00c9 P.E. - Abrisa. La Casa del Riego<\/title>\n<meta name=\"robots\" content=\"index, follow, max-snippet:-1, max-image-preview:large, max-video-preview:-1\" \/>\n<link rel=\"canonical\" href=\"https:\/\/riegos.com\/fr\/producto\/te-pression-filete-p-e\/\" \/>\n<meta property=\"og:locale\" content=\"fr_FR\" \/>\n<meta property=\"og:type\" content=\"article\" \/>\n<meta property=\"og:title\" content=\"TE PRESSION FILET\u00c9 P.E. - Abrisa. La Casa del Riego\" \/>\n<meta property=\"og:description\" content=\"[vc_row][vc_column][vc_column_text] R\u00e9f\u00e9rence Mesure P.V.P. (\u20ac) Poids Pi\u00e8ce (gr) Poids de la bo\u00eete (gr) Unit\u00e9s \/ Sac Unit\u00e9s \/ Bo\u00eete Type de conteneur Code EAN 4530 16 mm &#8211; 1\/2&#8243; 2.5345 &#8211; 1,500.00 1 100 2 8435277945303 4531 20 mm &#8211; 1\/2&#8243; 2.5345 75.00 8,240.00 1 100 4 8435277945310 4532 25 mm &#8211; 3\/4&#8243; 3.5435 90.00 [&hellip;]\" \/>\n<meta property=\"og:url\" content=\"https:\/\/riegos.com\/fr\/producto\/te-pression-filete-p-e\/\" \/>\n<meta property=\"og:site_name\" content=\"Abrisa. La Casa del Riego\" \/>\n<meta property=\"article:publisher\" content=\"https:\/\/es-es.facebook.com\/AbrisaRiegos\/\" \/>\n<meta property=\"article:modified_time\" content=\"2024-03-18T11:23:07+00:00\" \/>\n<meta property=\"og:image\" content=\"https:\/\/riegos.com\/wp-content\/uploads\/2021\/08\/4530.jpg\" \/>\n\t<meta property=\"og:image:width\" content=\"704\" \/>\n\t<meta property=\"og:image:height\" content=\"508\" \/>\n\t<meta property=\"og:image:type\" content=\"image\/jpeg\" \/>\n<meta name=\"twitter:card\" content=\"summary_large_image\" \/>\n<meta name=\"twitter:label1\" content=\"Dur\u00e9e de lecture estim\u00e9e\" \/>\n\t<meta name=\"twitter:data1\" content=\"1 minute\" \/>\n<script type=\"application\/ld+json\" class=\"yoast-schema-graph\">{\"@context\":\"https:\\\/\\\/schema.org\",\"@graph\":[{\"@type\":\"WebPage\",\"@id\":\"https:\\\/\\\/riegos.com\\\/fr\\\/producto\\\/te-pression-filete-p-e\\\/\",\"url\":\"https:\\\/\\\/riegos.com\\\/fr\\\/producto\\\/te-pression-filete-p-e\\\/\",\"name\":\"TE PRESSION FILET\u00c9 P.E. - Abrisa. La Casa del Riego\",\"isPartOf\":{\"@id\":\"https:\\\/\\\/riegos.com\\\/fr\\\/#website\"},\"primaryImageOfPage\":{\"@id\":\"https:\\\/\\\/riegos.com\\\/fr\\\/producto\\\/te-pression-filete-p-e\\\/#primaryimage\"},\"image\":{\"@id\":\"https:\\\/\\\/riegos.com\\\/fr\\\/producto\\\/te-pression-filete-p-e\\\/#primaryimage\"},\"thumbnailUrl\":\"https:\\\/\\\/riegos.com\\\/wp-content\\\/uploads\\\/2021\\\/08\\\/4530.jpg\",\"datePublished\":\"2021-08-21T13:36:16+00:00\",\"dateModified\":\"2024-03-18T11:23:07+00:00\",\"breadcrumb\":{\"@id\":\"https:\\\/\\\/riegos.com\\\/fr\\\/producto\\\/te-pression-filete-p-e\\\/#breadcrumb\"},\"inLanguage\":\"fr-FR\",\"potentialAction\":[{\"@type\":\"ReadAction\",\"target\":[\"https:\\\/\\\/riegos.com\\\/fr\\\/producto\\\/te-pression-filete-p-e\\\/\"]}]},{\"@type\":\"ImageObject\",\"inLanguage\":\"fr-FR\",\"@id\":\"https:\\\/\\\/riegos.com\\\/fr\\\/producto\\\/te-pression-filete-p-e\\\/#primaryimage\",\"url\":\"https:\\\/\\\/riegos.com\\\/wp-content\\\/uploads\\\/2021\\\/08\\\/4530.jpg\",\"contentUrl\":\"https:\\\/\\\/riegos.com\\\/wp-content\\\/uploads\\\/2021\\\/08\\\/4530.jpg\",\"width\":704,\"height\":508},{\"@type\":\"BreadcrumbList\",\"@id\":\"https:\\\/\\\/riegos.com\\\/fr\\\/producto\\\/te-pression-filete-p-e\\\/#breadcrumb\",\"itemListElement\":[{\"@type\":\"ListItem\",\"position\":1,\"name\":\"Inicio\",\"item\":\"https:\\\/\\\/riegos.com\\\/fr\\\/\"},{\"@type\":\"ListItem\",\"position\":2,\"name\":\"Productos\",\"item\":\"https:\\\/\\\/riegos.com\\\/productos\\\/\"},{\"@type\":\"ListItem\",\"position\":3,\"name\":\"TE PRESSION FILET\u00c9 P.E.\"}]},{\"@type\":\"WebSite\",\"@id\":\"https:\\\/\\\/riegos.com\\\/fr\\\/#website\",\"url\":\"https:\\\/\\\/riegos.com\\\/fr\\\/\",\"name\":\"Abrisa. La Casa del Riego\",\"description\":\"\",\"publisher\":{\"@id\":\"https:\\\/\\\/riegos.com\\\/fr\\\/#organization\"},\"potentialAction\":[{\"@type\":\"SearchAction\",\"target\":{\"@type\":\"EntryPoint\",\"urlTemplate\":\"https:\\\/\\\/riegos.com\\\/fr\\\/?s={search_term_string}\"},\"query-input\":{\"@type\":\"PropertyValueSpecification\",\"valueRequired\":true,\"valueName\":\"search_term_string\"}}],\"inLanguage\":\"fr-FR\"},{\"@type\":\"Organization\",\"@id\":\"https:\\\/\\\/riegos.com\\\/fr\\\/#organization\",\"name\":\"ABANILLA RIEGOS SA\",\"url\":\"https:\\\/\\\/riegos.com\\\/fr\\\/\",\"logo\":{\"@type\":\"ImageObject\",\"inLanguage\":\"fr-FR\",\"@id\":\"https:\\\/\\\/riegos.com\\\/fr\\\/#\\\/schema\\\/logo\\\/image\\\/\",\"url\":\"https:\\\/\\\/riegos.com\\\/wp-content\\\/uploads\\\/2021\\\/10\\\/logo_trim.png\",\"contentUrl\":\"https:\\\/\\\/riegos.com\\\/wp-content\\\/uploads\\\/2021\\\/10\\\/logo_trim.png\",\"width\":217,\"height\":129,\"caption\":\"ABANILLA RIEGOS SA\"},\"image\":{\"@id\":\"https:\\\/\\\/riegos.com\\\/fr\\\/#\\\/schema\\\/logo\\\/image\\\/\"},\"sameAs\":[\"https:\\\/\\\/es-es.facebook.com\\\/AbrisaRiegos\\\/\"]}]}<\/script>\n<!-- \/ Yoast SEO plugin. -->","yoast_head_json":{"title":"TE PRESSION FILET\u00c9 P.E. - Abrisa. La Casa del Riego","robots":{"index":"index","follow":"follow","max-snippet":"max-snippet:-1","max-image-preview":"max-image-preview:large","max-video-preview":"max-video-preview:-1"},"canonical":"https:\/\/riegos.com\/fr\/producto\/te-pression-filete-p-e\/","og_locale":"fr_FR","og_type":"article","og_title":"TE PRESSION FILET\u00c9 P.E. - Abrisa. La Casa del Riego","og_description":"[vc_row][vc_column][vc_column_text] R\u00e9f\u00e9rence Mesure P.V.P. (\u20ac) Poids Pi\u00e8ce (gr) Poids de la bo\u00eete (gr) Unit\u00e9s \/ Sac Unit\u00e9s \/ Bo\u00eete Type de conteneur Code EAN 4530 16 mm &#8211; 1\/2&#8243; 2.5345 &#8211; 1,500.00 1 100 2 8435277945303 4531 20 mm &#8211; 1\/2&#8243; 2.5345 75.00 8,240.00 1 100 4 8435277945310 4532 25 mm &#8211; 3\/4&#8243; 3.5435 90.00 [&hellip;]","og_url":"https:\/\/riegos.com\/fr\/producto\/te-pression-filete-p-e\/","og_site_name":"Abrisa. La Casa del Riego","article_publisher":"https:\/\/es-es.facebook.com\/AbrisaRiegos\/","article_modified_time":"2024-03-18T11:23:07+00:00","og_image":[{"width":704,"height":508,"url":"https:\/\/riegos.com\/wp-content\/uploads\/2021\/08\/4530.jpg","type":"image\/jpeg"}],"twitter_card":"summary_large_image","twitter_misc":{"Dur\u00e9e de lecture estim\u00e9e":"1 minute"},"schema":{"@context":"https:\/\/schema.org","@graph":[{"@type":"WebPage","@id":"https:\/\/riegos.com\/fr\/producto\/te-pression-filete-p-e\/","url":"https:\/\/riegos.com\/fr\/producto\/te-pression-filete-p-e\/","name":"TE PRESSION FILET\u00c9 P.E. - Abrisa. La Casa del Riego","isPartOf":{"@id":"https:\/\/riegos.com\/fr\/#website"},"primaryImageOfPage":{"@id":"https:\/\/riegos.com\/fr\/producto\/te-pression-filete-p-e\/#primaryimage"},"image":{"@id":"https:\/\/riegos.com\/fr\/producto\/te-pression-filete-p-e\/#primaryimage"},"thumbnailUrl":"https:\/\/riegos.com\/wp-content\/uploads\/2021\/08\/4530.jpg","datePublished":"2021-08-21T13:36:16+00:00","dateModified":"2024-03-18T11:23:07+00:00","breadcrumb":{"@id":"https:\/\/riegos.com\/fr\/producto\/te-pression-filete-p-e\/#breadcrumb"},"inLanguage":"fr-FR","potentialAction":[{"@type":"ReadAction","target":["https:\/\/riegos.com\/fr\/producto\/te-pression-filete-p-e\/"]}]},{"@type":"ImageObject","inLanguage":"fr-FR","@id":"https:\/\/riegos.com\/fr\/producto\/te-pression-filete-p-e\/#primaryimage","url":"https:\/\/riegos.com\/wp-content\/uploads\/2021\/08\/4530.jpg","contentUrl":"https:\/\/riegos.com\/wp-content\/uploads\/2021\/08\/4530.jpg","width":704,"height":508},{"@type":"BreadcrumbList","@id":"https:\/\/riegos.com\/fr\/producto\/te-pression-filete-p-e\/#breadcrumb","itemListElement":[{"@type":"ListItem","position":1,"name":"Inicio","item":"https:\/\/riegos.com\/fr\/"},{"@type":"ListItem","position":2,"name":"Productos","item":"https:\/\/riegos.com\/productos\/"},{"@type":"ListItem","position":3,"name":"TE PRESSION FILET\u00c9 P.E."}]},{"@type":"WebSite","@id":"https:\/\/riegos.com\/fr\/#website","url":"https:\/\/riegos.com\/fr\/","name":"Abrisa. La Casa del Riego","description":"","publisher":{"@id":"https:\/\/riegos.com\/fr\/#organization"},"potentialAction":[{"@type":"SearchAction","target":{"@type":"EntryPoint","urlTemplate":"https:\/\/riegos.com\/fr\/?s={search_term_string}"},"query-input":{"@type":"PropertyValueSpecification","valueRequired":true,"valueName":"search_term_string"}}],"inLanguage":"fr-FR"},{"@type":"Organization","@id":"https:\/\/riegos.com\/fr\/#organization","name":"ABANILLA RIEGOS SA","url":"https:\/\/riegos.com\/fr\/","logo":{"@type":"ImageObject","inLanguage":"fr-FR","@id":"https:\/\/riegos.com\/fr\/#\/schema\/logo\/image\/","url":"https:\/\/riegos.com\/wp-content\/uploads\/2021\/10\/logo_trim.png","contentUrl":"https:\/\/riegos.com\/wp-content\/uploads\/2021\/10\/logo_trim.png","width":217,"height":129,"caption":"ABANILLA RIEGOS SA"},"image":{"@id":"https:\/\/riegos.com\/fr\/#\/schema\/logo\/image\/"},"sameAs":["https:\/\/es-es.facebook.com\/AbrisaRiegos\/"]}]}},"_links":{"self":[{"href":"https:\/\/riegos.com\/fr\/wp-json\/wp\/v2\/product\/17308","targetHints":{"allow":["GET"]}}],"collection":[{"href":"https:\/\/riegos.com\/fr\/wp-json\/wp\/v2\/product"}],"about":[{"href":"https:\/\/riegos.com\/fr\/wp-json\/wp\/v2\/types\/product"}],"replies":[{"embeddable":true,"href":"https:\/\/riegos.com\/fr\/wp-json\/wp\/v2\/comments?post=17308"}],"wp:featuredmedia":[{"embeddable":true,"href":"https:\/\/riegos.com\/fr\/wp-json\/wp\/v2\/media\/9930"}],"wp:attachment":[{"href":"https:\/\/riegos.com\/fr\/wp-json\/wp\/v2\/media?parent=17308"}],"wp:term":[{"taxonomy":"product_brand","embeddable":true,"href":"https:\/\/riegos.com\/fr\/wp-json\/wp\/v2\/product_brand?post=17308"},{"taxonomy":"product_cat","embeddable":true,"href":"https:\/\/riegos.com\/fr\/wp-json\/wp\/v2\/product_cat?post=17308"},{"taxonomy":"product_tag","embeddable":true,"href":"https:\/\/riegos.com\/fr\/wp-json\/wp\/v2\/product_tag?post=17308"}],"curies":[{"name":"wp","href":"https:\/\/api.w.org\/{rel}","templated":true}]}}