{"id":17260,"date":"2021-08-21T12:35:02","date_gmt":"2021-08-21T13:35:14","guid":{"rendered":"https:\/\/riegos.com\/producto\/raccord-pression-p-e\/"},"modified":"2024-02-16T15:15:20","modified_gmt":"2024-02-16T15:15:20","slug":"raccord-pression-p-e","status":"publish","type":"product","link":"https:\/\/riegos.com\/fr\/producto\/raccord-pression-p-e\/","title":{"rendered":"RACCORD PRESSION P.E."},"content":{"rendered":"<p>[vc_row][vc_column][vc_column_text]<\/p>\n<table width=\"896\">\n<tbody>\n<tr>\n<td width=\"65\">R\u00e9f\u00e9rence<\/td>\n<td width=\"95\">Mesure<\/td>\n<td width=\"66\">P.V.P. (\u20ac)<\/td>\n<td width=\"108\">Poids Pi\u00e8ce (gr)<\/td>\n<td width=\"137\">Poids de la bo\u00eete (gr)<\/td>\n<td width=\"94\">Unit\u00e9s \/ Sac<\/td>\n<td width=\"98\">Unit\u00e9s \/ Bo\u00eete<\/td>\n<td width=\"126\">Type de conteneur<\/td>\n<td width=\"107\">Code EAN<\/td>\n<\/tr>\n<tr>\n<td>4430<\/td>\n<td>16 mm<\/td>\n<td>1.9700<\/td>\n<td>45.00<\/td>\n<td>4,980.00<\/td>\n<td>1<\/td>\n<td>100<\/td>\n<td>2<\/td>\n<td>8435277944306<\/td>\n<\/tr>\n<tr>\n<td>4431<\/td>\n<td>20 mm<\/td>\n<td>1.9700<\/td>\n<td>60.00<\/td>\n<td>6,710.00<\/td>\n<td>1<\/td>\n<td>100<\/td>\n<td>2<\/td>\n<td>8435277944313<\/td>\n<\/tr>\n<tr>\n<td>4432<\/td>\n<td>25 mm<\/td>\n<td>2.4144<\/td>\n<td>85.00<\/td>\n<td>9,040.00<\/td>\n<td>1<\/td>\n<td>100<\/td>\n<td>4<\/td>\n<td>8435277944320<\/td>\n<\/tr>\n<tr>\n<td>4433<\/td>\n<td>32 mm<\/td>\n<td>3.4474<\/td>\n<td>145.00<\/td>\n<td>15,380.00<\/td>\n<td>1<\/td>\n<td>100<\/td>\n<td>3<\/td>\n<td>8435277944337<\/td>\n<\/tr>\n<tr>\n<td>4434<\/td>\n<td>40 mm<\/td>\n<td>5.4654<\/td>\n<td>&#8211;<\/td>\n<td>11,750.00<\/td>\n<td>1<\/td>\n<td>50<\/td>\n<td>4<\/td>\n<td>8435277944344<\/td>\n<\/tr>\n<tr>\n<td>4435<\/td>\n<td>50 mm<\/td>\n<td>7.7237<\/td>\n<td>&#8211;<\/td>\n<td>10,910.00<\/td>\n<td>1<\/td>\n<td>30<\/td>\n<td>4<\/td>\n<td>8435277944351<\/td>\n<\/tr>\n<tr>\n<td>4436<\/td>\n<td>63 mm<\/td>\n<td>11.6036<\/td>\n<td>&#8211;<\/td>\n<td>16,240.00<\/td>\n<td>1<\/td>\n<td>24<\/td>\n<td>3<\/td>\n<td>8435277944368<\/td>\n<\/tr>\n<tr>\n<td>4437<\/td>\n<td>75 mm<\/td>\n<td>19.2793<\/td>\n<td>&#8211;<\/td>\n<td>11,470.00<\/td>\n<td>1<\/td>\n<td>10<\/td>\n<td>4<\/td>\n<td>8435277944375<\/td>\n<\/tr>\n<tr>\n<td>4438<\/td>\n<td>90 mm<\/td>\n<td>32.2642<\/td>\n<td>&#8211;<\/td>\n<td>10,850.00<\/td>\n<td>1<\/td>\n<td>6<\/td>\n<td>4<\/td>\n<td>8435277944382<\/td>\n<\/tr>\n<\/tbody>\n<\/table>\n<p>[\/vc_column_text][\/vc_column][\/vc_row]<\/p>\n","protected":false},"excerpt":{"rendered":"<p>[vc_row][vc_column][vc_column_text] R\u00e9f\u00e9rence Mesure P.V.P. (\u20ac) Poids Pi\u00e8ce (gr) Poids de la bo\u00eete (gr) Unit\u00e9s \/ Sac Unit\u00e9s \/ Bo\u00eete Type de conteneur Code EAN 4430 16 mm 1.9700 45.00 4,980.00 1 100 2 8435277944306 4431 20 mm 1.9700 60.00 6,710.00 1 100 2 8435277944313 4432 25 mm 2.4144 85.00 9,040.00 1 100 4 8435277944320 4433 [&hellip;]<\/p>\n","protected":false},"featured_media":9870,"comment_status":"closed","ping_status":"closed","template":"","meta":{"_acf_changed":false},"product_cat":[1213,1225],"product_tag":[],"class_list":{"0":"post-17260","1":"product","2":"type-product","3":"status-publish","4":"has-post-thumbnail","6":"product_cat-accessoires-pour-presion","7":"product_cat-raccords-de-compression-pour-p-e","9":"first","10":"instock","11":"purchasable","12":"product-type-variable"},"acf":[],"yoast_head":"<!-- This site is optimized with the Yoast SEO plugin v23.7 - https:\/\/yoast.com\/wordpress\/plugins\/seo\/ -->\n<title>RACCORD PRESSION P.E. - Abrisa. La Casa del Riego<\/title>\n<meta name=\"robots\" content=\"index, follow, max-snippet:-1, max-image-preview:large, max-video-preview:-1\" \/>\n<link rel=\"canonical\" href=\"https:\/\/riegos.com\/fr\/producto\/raccord-pression-p-e\/\" \/>\n<meta property=\"og:locale\" content=\"fr_FR\" \/>\n<meta property=\"og:type\" content=\"article\" \/>\n<meta property=\"og:title\" content=\"RACCORD PRESSION P.E. - Abrisa. La Casa del Riego\" \/>\n<meta property=\"og:description\" content=\"[vc_row][vc_column][vc_column_text] R\u00e9f\u00e9rence Mesure P.V.P. (\u20ac) Poids Pi\u00e8ce (gr) Poids de la bo\u00eete (gr) Unit\u00e9s \/ Sac Unit\u00e9s \/ Bo\u00eete Type de conteneur Code EAN 4430 16 mm 1.9700 45.00 4,980.00 1 100 2 8435277944306 4431 20 mm 1.9700 60.00 6,710.00 1 100 2 8435277944313 4432 25 mm 2.4144 85.00 9,040.00 1 100 4 8435277944320 4433 [&hellip;]\" \/>\n<meta property=\"og:url\" content=\"https:\/\/riegos.com\/fr\/producto\/raccord-pression-p-e\/\" \/>\n<meta property=\"og:site_name\" content=\"Abrisa. La Casa del Riego\" \/>\n<meta property=\"article:publisher\" content=\"https:\/\/es-es.facebook.com\/AbrisaRiegos\/\" \/>\n<meta property=\"article:modified_time\" content=\"2024-02-16T15:15:20+00:00\" \/>\n<meta property=\"og:image\" content=\"https:\/\/riegos.com\/wp-content\/uploads\/2021\/08\/4430.jpg\" \/>\n\t<meta property=\"og:image:width\" content=\"608\" \/>\n\t<meta property=\"og:image:height\" content=\"379\" \/>\n\t<meta property=\"og:image:type\" content=\"image\/jpeg\" \/>\n<meta name=\"twitter:card\" content=\"summary_large_image\" \/>\n<meta name=\"twitter:label1\" content=\"Dur\u00e9e de lecture estim\u00e9e\" \/>\n\t<meta name=\"twitter:data1\" content=\"1 minute\" \/>\n<script type=\"application\/ld+json\" class=\"yoast-schema-graph\">{\"@context\":\"https:\/\/schema.org\",\"@graph\":[{\"@type\":\"WebPage\",\"@id\":\"https:\/\/riegos.com\/fr\/producto\/raccord-pression-p-e\/\",\"url\":\"https:\/\/riegos.com\/fr\/producto\/raccord-pression-p-e\/\",\"name\":\"RACCORD PRESSION P.E. - Abrisa. La Casa del Riego\",\"isPartOf\":{\"@id\":\"https:\/\/riegos.com\/fr\/#website\"},\"primaryImageOfPage\":{\"@id\":\"https:\/\/riegos.com\/fr\/producto\/raccord-pression-p-e\/#primaryimage\"},\"image\":{\"@id\":\"https:\/\/riegos.com\/fr\/producto\/raccord-pression-p-e\/#primaryimage\"},\"thumbnailUrl\":\"https:\/\/riegos.com\/wp-content\/uploads\/2021\/08\/4430.jpg\",\"datePublished\":\"2021-08-21T13:35:14+00:00\",\"dateModified\":\"2024-02-16T15:15:20+00:00\",\"breadcrumb\":{\"@id\":\"https:\/\/riegos.com\/fr\/producto\/raccord-pression-p-e\/#breadcrumb\"},\"inLanguage\":\"fr-FR\",\"potentialAction\":[{\"@type\":\"ReadAction\",\"target\":[\"https:\/\/riegos.com\/fr\/producto\/raccord-pression-p-e\/\"]}]},{\"@type\":\"ImageObject\",\"inLanguage\":\"fr-FR\",\"@id\":\"https:\/\/riegos.com\/fr\/producto\/raccord-pression-p-e\/#primaryimage\",\"url\":\"https:\/\/riegos.com\/wp-content\/uploads\/2021\/08\/4430.jpg\",\"contentUrl\":\"https:\/\/riegos.com\/wp-content\/uploads\/2021\/08\/4430.jpg\",\"width\":608,\"height\":379},{\"@type\":\"BreadcrumbList\",\"@id\":\"https:\/\/riegos.com\/fr\/producto\/raccord-pression-p-e\/#breadcrumb\",\"itemListElement\":[{\"@type\":\"ListItem\",\"position\":1,\"name\":\"Inicio\",\"item\":\"https:\/\/riegos.com\/fr\/\"},{\"@type\":\"ListItem\",\"position\":2,\"name\":\"Produits\",\"item\":\"https:\/\/riegos.com\/fr\/produits\/\"},{\"@type\":\"ListItem\",\"position\":3,\"name\":\"RACCORD PRESSION P.E.\"}]},{\"@type\":\"WebSite\",\"@id\":\"https:\/\/riegos.com\/fr\/#website\",\"url\":\"https:\/\/riegos.com\/fr\/\",\"name\":\"Abrisa. La Casa del Riego\",\"description\":\"\",\"publisher\":{\"@id\":\"https:\/\/riegos.com\/fr\/#organization\"},\"potentialAction\":[{\"@type\":\"SearchAction\",\"target\":{\"@type\":\"EntryPoint\",\"urlTemplate\":\"https:\/\/riegos.com\/fr\/?s={search_term_string}\"},\"query-input\":{\"@type\":\"PropertyValueSpecification\",\"valueRequired\":true,\"valueName\":\"search_term_string\"}}],\"inLanguage\":\"fr-FR\"},{\"@type\":\"Organization\",\"@id\":\"https:\/\/riegos.com\/fr\/#organization\",\"name\":\"ABANILLA RIEGOS SA\",\"url\":\"https:\/\/riegos.com\/fr\/\",\"logo\":{\"@type\":\"ImageObject\",\"inLanguage\":\"fr-FR\",\"@id\":\"https:\/\/riegos.com\/fr\/#\/schema\/logo\/image\/\",\"url\":\"https:\/\/riegos.com\/wp-content\/uploads\/2021\/10\/logo_trim.png\",\"contentUrl\":\"https:\/\/riegos.com\/wp-content\/uploads\/2021\/10\/logo_trim.png\",\"width\":217,\"height\":129,\"caption\":\"ABANILLA RIEGOS SA\"},\"image\":{\"@id\":\"https:\/\/riegos.com\/fr\/#\/schema\/logo\/image\/\"},\"sameAs\":[\"https:\/\/es-es.facebook.com\/AbrisaRiegos\/\"]}]}<\/script>\n<!-- \/ Yoast SEO plugin. -->","yoast_head_json":{"title":"RACCORD PRESSION P.E. - Abrisa. La Casa del Riego","robots":{"index":"index","follow":"follow","max-snippet":"max-snippet:-1","max-image-preview":"max-image-preview:large","max-video-preview":"max-video-preview:-1"},"canonical":"https:\/\/riegos.com\/fr\/producto\/raccord-pression-p-e\/","og_locale":"fr_FR","og_type":"article","og_title":"RACCORD PRESSION P.E. - Abrisa. La Casa del Riego","og_description":"[vc_row][vc_column][vc_column_text] R\u00e9f\u00e9rence Mesure P.V.P. (\u20ac) Poids Pi\u00e8ce (gr) Poids de la bo\u00eete (gr) Unit\u00e9s \/ Sac Unit\u00e9s \/ Bo\u00eete Type de conteneur Code EAN 4430 16 mm 1.9700 45.00 4,980.00 1 100 2 8435277944306 4431 20 mm 1.9700 60.00 6,710.00 1 100 2 8435277944313 4432 25 mm 2.4144 85.00 9,040.00 1 100 4 8435277944320 4433 [&hellip;]","og_url":"https:\/\/riegos.com\/fr\/producto\/raccord-pression-p-e\/","og_site_name":"Abrisa. La Casa del Riego","article_publisher":"https:\/\/es-es.facebook.com\/AbrisaRiegos\/","article_modified_time":"2024-02-16T15:15:20+00:00","og_image":[{"width":608,"height":379,"url":"https:\/\/riegos.com\/wp-content\/uploads\/2021\/08\/4430.jpg","type":"image\/jpeg"}],"twitter_card":"summary_large_image","twitter_misc":{"Dur\u00e9e de lecture estim\u00e9e":"1 minute"},"schema":{"@context":"https:\/\/schema.org","@graph":[{"@type":"WebPage","@id":"https:\/\/riegos.com\/fr\/producto\/raccord-pression-p-e\/","url":"https:\/\/riegos.com\/fr\/producto\/raccord-pression-p-e\/","name":"RACCORD PRESSION P.E. - Abrisa. La Casa del Riego","isPartOf":{"@id":"https:\/\/riegos.com\/fr\/#website"},"primaryImageOfPage":{"@id":"https:\/\/riegos.com\/fr\/producto\/raccord-pression-p-e\/#primaryimage"},"image":{"@id":"https:\/\/riegos.com\/fr\/producto\/raccord-pression-p-e\/#primaryimage"},"thumbnailUrl":"https:\/\/riegos.com\/wp-content\/uploads\/2021\/08\/4430.jpg","datePublished":"2021-08-21T13:35:14+00:00","dateModified":"2024-02-16T15:15:20+00:00","breadcrumb":{"@id":"https:\/\/riegos.com\/fr\/producto\/raccord-pression-p-e\/#breadcrumb"},"inLanguage":"fr-FR","potentialAction":[{"@type":"ReadAction","target":["https:\/\/riegos.com\/fr\/producto\/raccord-pression-p-e\/"]}]},{"@type":"ImageObject","inLanguage":"fr-FR","@id":"https:\/\/riegos.com\/fr\/producto\/raccord-pression-p-e\/#primaryimage","url":"https:\/\/riegos.com\/wp-content\/uploads\/2021\/08\/4430.jpg","contentUrl":"https:\/\/riegos.com\/wp-content\/uploads\/2021\/08\/4430.jpg","width":608,"height":379},{"@type":"BreadcrumbList","@id":"https:\/\/riegos.com\/fr\/producto\/raccord-pression-p-e\/#breadcrumb","itemListElement":[{"@type":"ListItem","position":1,"name":"Inicio","item":"https:\/\/riegos.com\/fr\/"},{"@type":"ListItem","position":2,"name":"Produits","item":"https:\/\/riegos.com\/fr\/produits\/"},{"@type":"ListItem","position":3,"name":"RACCORD PRESSION P.E."}]},{"@type":"WebSite","@id":"https:\/\/riegos.com\/fr\/#website","url":"https:\/\/riegos.com\/fr\/","name":"Abrisa. La Casa del Riego","description":"","publisher":{"@id":"https:\/\/riegos.com\/fr\/#organization"},"potentialAction":[{"@type":"SearchAction","target":{"@type":"EntryPoint","urlTemplate":"https:\/\/riegos.com\/fr\/?s={search_term_string}"},"query-input":{"@type":"PropertyValueSpecification","valueRequired":true,"valueName":"search_term_string"}}],"inLanguage":"fr-FR"},{"@type":"Organization","@id":"https:\/\/riegos.com\/fr\/#organization","name":"ABANILLA RIEGOS SA","url":"https:\/\/riegos.com\/fr\/","logo":{"@type":"ImageObject","inLanguage":"fr-FR","@id":"https:\/\/riegos.com\/fr\/#\/schema\/logo\/image\/","url":"https:\/\/riegos.com\/wp-content\/uploads\/2021\/10\/logo_trim.png","contentUrl":"https:\/\/riegos.com\/wp-content\/uploads\/2021\/10\/logo_trim.png","width":217,"height":129,"caption":"ABANILLA RIEGOS SA"},"image":{"@id":"https:\/\/riegos.com\/fr\/#\/schema\/logo\/image\/"},"sameAs":["https:\/\/es-es.facebook.com\/AbrisaRiegos\/"]}]}},"_links":{"self":[{"href":"https:\/\/riegos.com\/fr\/wp-json\/wp\/v2\/product\/17260","targetHints":{"allow":["GET"]}}],"collection":[{"href":"https:\/\/riegos.com\/fr\/wp-json\/wp\/v2\/product"}],"about":[{"href":"https:\/\/riegos.com\/fr\/wp-json\/wp\/v2\/types\/product"}],"replies":[{"embeddable":true,"href":"https:\/\/riegos.com\/fr\/wp-json\/wp\/v2\/comments?post=17260"}],"wp:featuredmedia":[{"embeddable":true,"href":"https:\/\/riegos.com\/fr\/wp-json\/wp\/v2\/media\/9870"}],"wp:attachment":[{"href":"https:\/\/riegos.com\/fr\/wp-json\/wp\/v2\/media?parent=17260"}],"wp:term":[{"taxonomy":"product_cat","embeddable":true,"href":"https:\/\/riegos.com\/fr\/wp-json\/wp\/v2\/product_cat?post=17260"},{"taxonomy":"product_tag","embeddable":true,"href":"https:\/\/riegos.com\/fr\/wp-json\/wp\/v2\/product_tag?post=17260"}],"curies":[{"name":"wp","href":"https:\/\/api.w.org\/{rel}","templated":true}]}}