{"id":17230,"date":"2021-08-21T12:34:39","date_gmt":"2021-08-21T13:34:44","guid":{"rendered":"https:\/\/riegos.com\/producto\/prisonnier-pression\/"},"modified":"2024-02-16T15:21:02","modified_gmt":"2024-02-16T15:21:02","slug":"prisonnier-pression","status":"publish","type":"product","link":"https:\/\/riegos.com\/fr\/producto\/prisonnier-pression\/","title":{"rendered":"PRISONNIER PRESSION"},"content":{"rendered":"<p>[vc_row][vc_column][vc_column_text]<\/p>\n<table width=\"896\">\n<tbody>\n<tr>\n<td width=\"65\">R\u00e9f\u00e9rence<\/td>\n<td width=\"95\">Mesure<\/td>\n<td width=\"66\">P.V.P. (\u20ac)<\/td>\n<td width=\"108\">Poids Pi\u00e8ce (gr)<\/td>\n<td width=\"137\">Poids de la bo\u00eete (gr)<\/td>\n<td width=\"94\">Unit\u00e9s \/ Sac<\/td>\n<td width=\"98\">Unit\u00e9s \/ Bo\u00eete<\/td>\n<td width=\"126\">Type de conteneur<\/td>\n<td width=\"107\">Code EAN<\/td>\n<\/tr>\n<tr>\n<td>4500<\/td>\n<td>16 mm<\/td>\n<td>0.3956<\/td>\n<td>1.29<\/td>\n<td>0.00<\/td>\n<td>1<\/td>\n<td>10000<\/td>\n<td>-1<\/td>\n<td>8435277945006<\/td>\n<\/tr>\n<tr>\n<td>4501<\/td>\n<td>20 mm<\/td>\n<td>0.3956<\/td>\n<td>2.02<\/td>\n<td>0.00<\/td>\n<td>1<\/td>\n<td>10000<\/td>\n<td>-1<\/td>\n<td>8435277945013<\/td>\n<\/tr>\n<tr>\n<td>4502<\/td>\n<td>25 mm<\/td>\n<td>0.4662<\/td>\n<td>2.73<\/td>\n<td>0.00<\/td>\n<td>1<\/td>\n<td>10000<\/td>\n<td>-1<\/td>\n<td>8435277945020<\/td>\n<\/tr>\n<tr>\n<td>4503<\/td>\n<td>32 mm<\/td>\n<td>0.4944<\/td>\n<td>&#8211;<\/td>\n<td>0.00<\/td>\n<td>1<\/td>\n<td>10000<\/td>\n<td>-1<\/td>\n<td>8435277945037<\/td>\n<\/tr>\n<tr>\n<td>4504<\/td>\n<td>40 mm<\/td>\n<td>0.5226<\/td>\n<td>8.34<\/td>\n<td>0.00<\/td>\n<td>1<\/td>\n<td>10000<\/td>\n<td>-1<\/td>\n<td>8435277945044<\/td>\n<\/tr>\n<tr>\n<td>4505<\/td>\n<td>50 mm<\/td>\n<td>0.5933<\/td>\n<td>43.74<\/td>\n<td>0.00<\/td>\n<td>1<\/td>\n<td>10000<\/td>\n<td>-1<\/td>\n<td>8435277945051<\/td>\n<\/tr>\n<tr>\n<td>4506<\/td>\n<td>63 mm<\/td>\n<td>0.6215<\/td>\n<td>26.47<\/td>\n<td>0.00<\/td>\n<td>1<\/td>\n<td>10000<\/td>\n<td>-1<\/td>\n<td>8435277945068<\/td>\n<\/tr>\n<tr>\n<td>4507<\/td>\n<td>75 mm<\/td>\n<td>0.6639<\/td>\n<td>37.44<\/td>\n<td>0.00<\/td>\n<td>1<\/td>\n<td>10000<\/td>\n<td>-1<\/td>\n<td>8435277945075<\/td>\n<\/tr>\n<tr>\n<td>4508<\/td>\n<td>90 mm<\/td>\n<td>0.7205<\/td>\n<td>&#8211;<\/td>\n<td>0.00<\/td>\n<td>1<\/td>\n<td>10000<\/td>\n<td>-1<\/td>\n<td>8435277945082<\/td>\n<\/tr>\n<\/tbody>\n<\/table>\n<p>[\/vc_column_text][\/vc_column][\/vc_row]<\/p>\n","protected":false},"excerpt":{"rendered":"<p>[vc_row][vc_column][vc_column_text] R\u00e9f\u00e9rence Mesure P.V.P. (\u20ac) Poids Pi\u00e8ce (gr) Poids de la bo\u00eete (gr) Unit\u00e9s \/ Sac Unit\u00e9s \/ Bo\u00eete Type de conteneur Code EAN 4500 16 mm 0.3956 1.29 0.00 1 10000 -1 8435277945006 4501 20 mm 0.3956 2.02 0.00 1 10000 -1 8435277945013 4502 25 mm 0.4662 2.73 0.00 1 10000 -1 8435277945020 4503 [&hellip;]<\/p>\n","protected":false},"featured_media":9834,"comment_status":"closed","ping_status":"closed","template":"","meta":{"_acf_changed":false},"product_cat":[1213,1225],"product_tag":[],"class_list":{"0":"post-17230","1":"product","2":"type-product","3":"status-publish","4":"has-post-thumbnail","6":"product_cat-accessoires-pour-presion","7":"product_cat-raccords-de-compression-pour-p-e","9":"first","10":"instock","11":"purchasable","12":"product-type-variable"},"acf":[],"yoast_head":"<!-- This site is optimized with the Yoast SEO plugin v23.7 - https:\/\/yoast.com\/wordpress\/plugins\/seo\/ -->\n<title>PRISONNIER PRESSION - Abrisa. La Casa del Riego<\/title>\n<meta name=\"robots\" content=\"index, follow, max-snippet:-1, max-image-preview:large, max-video-preview:-1\" \/>\n<link rel=\"canonical\" href=\"https:\/\/riegos.com\/fr\/producto\/prisonnier-pression\/\" \/>\n<meta property=\"og:locale\" content=\"fr_FR\" \/>\n<meta property=\"og:type\" content=\"article\" \/>\n<meta property=\"og:title\" content=\"PRISONNIER PRESSION - Abrisa. La Casa del Riego\" \/>\n<meta property=\"og:description\" content=\"[vc_row][vc_column][vc_column_text] R\u00e9f\u00e9rence Mesure P.V.P. (\u20ac) Poids Pi\u00e8ce (gr) Poids de la bo\u00eete (gr) Unit\u00e9s \/ Sac Unit\u00e9s \/ Bo\u00eete Type de conteneur Code EAN 4500 16 mm 0.3956 1.29 0.00 1 10000 -1 8435277945006 4501 20 mm 0.3956 2.02 0.00 1 10000 -1 8435277945013 4502 25 mm 0.4662 2.73 0.00 1 10000 -1 8435277945020 4503 [&hellip;]\" \/>\n<meta property=\"og:url\" content=\"https:\/\/riegos.com\/fr\/producto\/prisonnier-pression\/\" \/>\n<meta property=\"og:site_name\" content=\"Abrisa. La Casa del Riego\" \/>\n<meta property=\"article:publisher\" content=\"https:\/\/es-es.facebook.com\/AbrisaRiegos\/\" \/>\n<meta property=\"article:modified_time\" content=\"2024-02-16T15:21:02+00:00\" \/>\n<meta property=\"og:image\" content=\"https:\/\/riegos.com\/wp-content\/uploads\/2021\/08\/4500.jpg\" \/>\n\t<meta property=\"og:image:width\" content=\"484\" \/>\n\t<meta property=\"og:image:height\" content=\"438\" \/>\n\t<meta property=\"og:image:type\" content=\"image\/jpeg\" \/>\n<meta name=\"twitter:card\" content=\"summary_large_image\" \/>\n<meta name=\"twitter:label1\" content=\"Dur\u00e9e de lecture estim\u00e9e\" \/>\n\t<meta name=\"twitter:data1\" content=\"1 minute\" \/>\n<script type=\"application\/ld+json\" class=\"yoast-schema-graph\">{\"@context\":\"https:\/\/schema.org\",\"@graph\":[{\"@type\":\"WebPage\",\"@id\":\"https:\/\/riegos.com\/fr\/producto\/prisonnier-pression\/\",\"url\":\"https:\/\/riegos.com\/fr\/producto\/prisonnier-pression\/\",\"name\":\"PRISONNIER PRESSION - Abrisa. La Casa del Riego\",\"isPartOf\":{\"@id\":\"https:\/\/riegos.com\/fr\/#website\"},\"primaryImageOfPage\":{\"@id\":\"https:\/\/riegos.com\/fr\/producto\/prisonnier-pression\/#primaryimage\"},\"image\":{\"@id\":\"https:\/\/riegos.com\/fr\/producto\/prisonnier-pression\/#primaryimage\"},\"thumbnailUrl\":\"https:\/\/riegos.com\/wp-content\/uploads\/2021\/08\/4500.jpg\",\"datePublished\":\"2021-08-21T13:34:44+00:00\",\"dateModified\":\"2024-02-16T15:21:02+00:00\",\"breadcrumb\":{\"@id\":\"https:\/\/riegos.com\/fr\/producto\/prisonnier-pression\/#breadcrumb\"},\"inLanguage\":\"fr-FR\",\"potentialAction\":[{\"@type\":\"ReadAction\",\"target\":[\"https:\/\/riegos.com\/fr\/producto\/prisonnier-pression\/\"]}]},{\"@type\":\"ImageObject\",\"inLanguage\":\"fr-FR\",\"@id\":\"https:\/\/riegos.com\/fr\/producto\/prisonnier-pression\/#primaryimage\",\"url\":\"https:\/\/riegos.com\/wp-content\/uploads\/2021\/08\/4500.jpg\",\"contentUrl\":\"https:\/\/riegos.com\/wp-content\/uploads\/2021\/08\/4500.jpg\",\"width\":484,\"height\":438},{\"@type\":\"BreadcrumbList\",\"@id\":\"https:\/\/riegos.com\/fr\/producto\/prisonnier-pression\/#breadcrumb\",\"itemListElement\":[{\"@type\":\"ListItem\",\"position\":1,\"name\":\"Inicio\",\"item\":\"https:\/\/riegos.com\/fr\/\"},{\"@type\":\"ListItem\",\"position\":2,\"name\":\"Produits\",\"item\":\"https:\/\/riegos.com\/fr\/produits\/\"},{\"@type\":\"ListItem\",\"position\":3,\"name\":\"PRISONNIER PRESSION\"}]},{\"@type\":\"WebSite\",\"@id\":\"https:\/\/riegos.com\/fr\/#website\",\"url\":\"https:\/\/riegos.com\/fr\/\",\"name\":\"Abrisa. La Casa del Riego\",\"description\":\"\",\"publisher\":{\"@id\":\"https:\/\/riegos.com\/fr\/#organization\"},\"potentialAction\":[{\"@type\":\"SearchAction\",\"target\":{\"@type\":\"EntryPoint\",\"urlTemplate\":\"https:\/\/riegos.com\/fr\/?s={search_term_string}\"},\"query-input\":{\"@type\":\"PropertyValueSpecification\",\"valueRequired\":true,\"valueName\":\"search_term_string\"}}],\"inLanguage\":\"fr-FR\"},{\"@type\":\"Organization\",\"@id\":\"https:\/\/riegos.com\/fr\/#organization\",\"name\":\"ABANILLA RIEGOS SA\",\"url\":\"https:\/\/riegos.com\/fr\/\",\"logo\":{\"@type\":\"ImageObject\",\"inLanguage\":\"fr-FR\",\"@id\":\"https:\/\/riegos.com\/fr\/#\/schema\/logo\/image\/\",\"url\":\"https:\/\/riegos.com\/wp-content\/uploads\/2021\/10\/logo_trim.png\",\"contentUrl\":\"https:\/\/riegos.com\/wp-content\/uploads\/2021\/10\/logo_trim.png\",\"width\":217,\"height\":129,\"caption\":\"ABANILLA RIEGOS SA\"},\"image\":{\"@id\":\"https:\/\/riegos.com\/fr\/#\/schema\/logo\/image\/\"},\"sameAs\":[\"https:\/\/es-es.facebook.com\/AbrisaRiegos\/\"]}]}<\/script>\n<!-- \/ Yoast SEO plugin. -->","yoast_head_json":{"title":"PRISONNIER PRESSION - Abrisa. La Casa del Riego","robots":{"index":"index","follow":"follow","max-snippet":"max-snippet:-1","max-image-preview":"max-image-preview:large","max-video-preview":"max-video-preview:-1"},"canonical":"https:\/\/riegos.com\/fr\/producto\/prisonnier-pression\/","og_locale":"fr_FR","og_type":"article","og_title":"PRISONNIER PRESSION - Abrisa. La Casa del Riego","og_description":"[vc_row][vc_column][vc_column_text] R\u00e9f\u00e9rence Mesure P.V.P. (\u20ac) Poids Pi\u00e8ce (gr) Poids de la bo\u00eete (gr) Unit\u00e9s \/ Sac Unit\u00e9s \/ Bo\u00eete Type de conteneur Code EAN 4500 16 mm 0.3956 1.29 0.00 1 10000 -1 8435277945006 4501 20 mm 0.3956 2.02 0.00 1 10000 -1 8435277945013 4502 25 mm 0.4662 2.73 0.00 1 10000 -1 8435277945020 4503 [&hellip;]","og_url":"https:\/\/riegos.com\/fr\/producto\/prisonnier-pression\/","og_site_name":"Abrisa. La Casa del Riego","article_publisher":"https:\/\/es-es.facebook.com\/AbrisaRiegos\/","article_modified_time":"2024-02-16T15:21:02+00:00","og_image":[{"width":484,"height":438,"url":"https:\/\/riegos.com\/wp-content\/uploads\/2021\/08\/4500.jpg","type":"image\/jpeg"}],"twitter_card":"summary_large_image","twitter_misc":{"Dur\u00e9e de lecture estim\u00e9e":"1 minute"},"schema":{"@context":"https:\/\/schema.org","@graph":[{"@type":"WebPage","@id":"https:\/\/riegos.com\/fr\/producto\/prisonnier-pression\/","url":"https:\/\/riegos.com\/fr\/producto\/prisonnier-pression\/","name":"PRISONNIER PRESSION - Abrisa. La Casa del Riego","isPartOf":{"@id":"https:\/\/riegos.com\/fr\/#website"},"primaryImageOfPage":{"@id":"https:\/\/riegos.com\/fr\/producto\/prisonnier-pression\/#primaryimage"},"image":{"@id":"https:\/\/riegos.com\/fr\/producto\/prisonnier-pression\/#primaryimage"},"thumbnailUrl":"https:\/\/riegos.com\/wp-content\/uploads\/2021\/08\/4500.jpg","datePublished":"2021-08-21T13:34:44+00:00","dateModified":"2024-02-16T15:21:02+00:00","breadcrumb":{"@id":"https:\/\/riegos.com\/fr\/producto\/prisonnier-pression\/#breadcrumb"},"inLanguage":"fr-FR","potentialAction":[{"@type":"ReadAction","target":["https:\/\/riegos.com\/fr\/producto\/prisonnier-pression\/"]}]},{"@type":"ImageObject","inLanguage":"fr-FR","@id":"https:\/\/riegos.com\/fr\/producto\/prisonnier-pression\/#primaryimage","url":"https:\/\/riegos.com\/wp-content\/uploads\/2021\/08\/4500.jpg","contentUrl":"https:\/\/riegos.com\/wp-content\/uploads\/2021\/08\/4500.jpg","width":484,"height":438},{"@type":"BreadcrumbList","@id":"https:\/\/riegos.com\/fr\/producto\/prisonnier-pression\/#breadcrumb","itemListElement":[{"@type":"ListItem","position":1,"name":"Inicio","item":"https:\/\/riegos.com\/fr\/"},{"@type":"ListItem","position":2,"name":"Produits","item":"https:\/\/riegos.com\/fr\/produits\/"},{"@type":"ListItem","position":3,"name":"PRISONNIER PRESSION"}]},{"@type":"WebSite","@id":"https:\/\/riegos.com\/fr\/#website","url":"https:\/\/riegos.com\/fr\/","name":"Abrisa. La Casa del Riego","description":"","publisher":{"@id":"https:\/\/riegos.com\/fr\/#organization"},"potentialAction":[{"@type":"SearchAction","target":{"@type":"EntryPoint","urlTemplate":"https:\/\/riegos.com\/fr\/?s={search_term_string}"},"query-input":{"@type":"PropertyValueSpecification","valueRequired":true,"valueName":"search_term_string"}}],"inLanguage":"fr-FR"},{"@type":"Organization","@id":"https:\/\/riegos.com\/fr\/#organization","name":"ABANILLA RIEGOS SA","url":"https:\/\/riegos.com\/fr\/","logo":{"@type":"ImageObject","inLanguage":"fr-FR","@id":"https:\/\/riegos.com\/fr\/#\/schema\/logo\/image\/","url":"https:\/\/riegos.com\/wp-content\/uploads\/2021\/10\/logo_trim.png","contentUrl":"https:\/\/riegos.com\/wp-content\/uploads\/2021\/10\/logo_trim.png","width":217,"height":129,"caption":"ABANILLA RIEGOS SA"},"image":{"@id":"https:\/\/riegos.com\/fr\/#\/schema\/logo\/image\/"},"sameAs":["https:\/\/es-es.facebook.com\/AbrisaRiegos\/"]}]}},"_links":{"self":[{"href":"https:\/\/riegos.com\/fr\/wp-json\/wp\/v2\/product\/17230","targetHints":{"allow":["GET"]}}],"collection":[{"href":"https:\/\/riegos.com\/fr\/wp-json\/wp\/v2\/product"}],"about":[{"href":"https:\/\/riegos.com\/fr\/wp-json\/wp\/v2\/types\/product"}],"replies":[{"embeddable":true,"href":"https:\/\/riegos.com\/fr\/wp-json\/wp\/v2\/comments?post=17230"}],"wp:featuredmedia":[{"embeddable":true,"href":"https:\/\/riegos.com\/fr\/wp-json\/wp\/v2\/media\/9834"}],"wp:attachment":[{"href":"https:\/\/riegos.com\/fr\/wp-json\/wp\/v2\/media?parent=17230"}],"wp:term":[{"taxonomy":"product_cat","embeddable":true,"href":"https:\/\/riegos.com\/fr\/wp-json\/wp\/v2\/product_cat?post=17230"},{"taxonomy":"product_tag","embeddable":true,"href":"https:\/\/riegos.com\/fr\/wp-json\/wp\/v2\/product_tag?post=17230"}],"curies":[{"name":"wp","href":"https:\/\/api.w.org\/{rel}","templated":true}]}}