{"id":17210,"date":"2021-08-21T12:34:17","date_gmt":"2021-08-21T13:34:12","guid":{"rendered":"https:\/\/riegos.com\/producto\/bride-pression\/"},"modified":"2024-02-16T15:35:07","modified_gmt":"2024-02-16T15:35:07","slug":"bride-pression","status":"publish","type":"product","link":"https:\/\/riegos.com\/fr\/producto\/bride-pression\/","title":{"rendered":"BRIDE PRESSION"},"content":{"rendered":"<p>[vc_row][vc_column][vc_column_text]<\/p>\n<table width=\"896\">\n<tbody>\n<tr>\n<td width=\"65\">R\u00e9f\u00e9rence<\/td>\n<td width=\"95\">Mesure<\/td>\n<td width=\"66\">P.V.P. (\u20ac)<\/td>\n<td width=\"108\">Poids Pi\u00e8ce (gr)<\/td>\n<td width=\"137\">Poids de la bo\u00eete (gr)<\/td>\n<td width=\"94\">Unit\u00e9s \/ Sac<\/td>\n<td width=\"98\">Unit\u00e9s \/ Bo\u00eete<\/td>\n<td width=\"126\">Type de conteneur<\/td>\n<td width=\"107\">Code EAN<\/td>\n<\/tr>\n<tr>\n<td>4600<\/td>\n<td>16 mm<\/td>\n<td>0.4315<\/td>\n<td>1.41<\/td>\n<td>0.00<\/td>\n<td>1<\/td>\n<td>10000<\/td>\n<td>-1<\/td>\n<td>8435277946003<\/td>\n<\/tr>\n<tr>\n<td>4601<\/td>\n<td>20 mm<\/td>\n<td>0.4315<\/td>\n<td>0.77<\/td>\n<td>0.00<\/td>\n<td>1<\/td>\n<td>10000<\/td>\n<td>-1<\/td>\n<td>8435277946010<\/td>\n<\/tr>\n<tr>\n<td>4602<\/td>\n<td>25 mm<\/td>\n<td>0.5086<\/td>\n<td>1.52<\/td>\n<td>0.00<\/td>\n<td>1<\/td>\n<td>10000<\/td>\n<td>-1<\/td>\n<td>8435277946027<\/td>\n<\/tr>\n<tr>\n<td>4603<\/td>\n<td>32 mm<\/td>\n<td>0.5394<\/td>\n<td>3.27<\/td>\n<td>0.00<\/td>\n<td>1<\/td>\n<td>10000<\/td>\n<td>-1<\/td>\n<td>8435277946034<\/td>\n<\/tr>\n<tr>\n<td>4604<\/td>\n<td>40 mm<\/td>\n<td>0.5702<\/td>\n<td>5.35<\/td>\n<td>0.00<\/td>\n<td>1<\/td>\n<td>10000<\/td>\n<td>-1<\/td>\n<td>8435277946041<\/td>\n<\/tr>\n<tr>\n<td>4605<\/td>\n<td>50 mm<\/td>\n<td>0.6472<\/td>\n<td>763.00<\/td>\n<td>0.00<\/td>\n<td>1<\/td>\n<td>10000<\/td>\n<td>-1<\/td>\n<td>8435277946058<\/td>\n<\/tr>\n<tr>\n<td>4606<\/td>\n<td>63 mm<\/td>\n<td>0.6780<\/td>\n<td>14.00<\/td>\n<td>0.00<\/td>\n<td>1<\/td>\n<td>10000<\/td>\n<td>-1<\/td>\n<td>8435277946065<\/td>\n<\/tr>\n<tr>\n<td>4607<\/td>\n<td>75 mm<\/td>\n<td>0.7243<\/td>\n<td>2,071.00<\/td>\n<td>0.00<\/td>\n<td>1<\/td>\n<td>10000<\/td>\n<td>-1<\/td>\n<td>8435277946072<\/td>\n<\/tr>\n<tr>\n<td>4608<\/td>\n<td>90 mm<\/td>\n<td>0.7860<\/td>\n<td>32.56<\/td>\n<td>0.00<\/td>\n<td>1<\/td>\n<td>10000<\/td>\n<td>-1<\/td>\n<td>8435277946089<\/td>\n<\/tr>\n<\/tbody>\n<\/table>\n<p>[\/vc_column_text][\/vc_column][\/vc_row]<\/p>\n","protected":false},"excerpt":{"rendered":"<p>[vc_row][vc_column][vc_column_text] R\u00e9f\u00e9rence Mesure P.V.P. (\u20ac) Poids Pi\u00e8ce (gr) Poids de la bo\u00eete (gr) Unit\u00e9s \/ Sac Unit\u00e9s \/ Bo\u00eete Type de conteneur Code EAN 4600 16 mm 0.4315 1.41 0.00 1 10000 -1 8435277946003 4601 20 mm 0.4315 0.77 0.00 1 10000 -1 8435277946010 4602 25 mm 0.5086 1.52 0.00 1 10000 -1 8435277946027 4603 [&hellip;]<\/p>\n","protected":false},"featured_media":9810,"comment_status":"closed","ping_status":"closed","template":"","meta":{"_acf_changed":false},"product_cat":[1213,1222],"product_tag":[],"class_list":{"0":"post-17210","1":"product","2":"type-product","3":"status-publish","4":"has-post-thumbnail","6":"product_cat-accessoires-pour-presion","7":"product_cat-remplacements","9":"first","10":"instock","11":"purchasable","12":"product-type-variable"},"acf":[],"yoast_head":"<!-- This site is optimized with the Yoast SEO plugin v23.7 - https:\/\/yoast.com\/wordpress\/plugins\/seo\/ -->\n<title>BRIDE PRESSION - Abrisa. La Casa del Riego<\/title>\n<meta name=\"robots\" content=\"index, follow, max-snippet:-1, max-image-preview:large, max-video-preview:-1\" \/>\n<link rel=\"canonical\" href=\"https:\/\/riegos.com\/fr\/producto\/bride-pression\/\" \/>\n<meta property=\"og:locale\" content=\"fr_FR\" \/>\n<meta property=\"og:type\" content=\"article\" \/>\n<meta property=\"og:title\" content=\"BRIDE PRESSION - Abrisa. La Casa del Riego\" \/>\n<meta property=\"og:description\" content=\"[vc_row][vc_column][vc_column_text] R\u00e9f\u00e9rence Mesure P.V.P. (\u20ac) Poids Pi\u00e8ce (gr) Poids de la bo\u00eete (gr) Unit\u00e9s \/ Sac Unit\u00e9s \/ Bo\u00eete Type de conteneur Code EAN 4600 16 mm 0.4315 1.41 0.00 1 10000 -1 8435277946003 4601 20 mm 0.4315 0.77 0.00 1 10000 -1 8435277946010 4602 25 mm 0.5086 1.52 0.00 1 10000 -1 8435277946027 4603 [&hellip;]\" \/>\n<meta property=\"og:url\" content=\"https:\/\/riegos.com\/fr\/producto\/bride-pression\/\" \/>\n<meta property=\"og:site_name\" content=\"Abrisa. La Casa del Riego\" \/>\n<meta property=\"article:publisher\" content=\"https:\/\/es-es.facebook.com\/AbrisaRiegos\/\" \/>\n<meta property=\"article:modified_time\" content=\"2024-02-16T15:35:07+00:00\" \/>\n<meta property=\"og:image\" content=\"https:\/\/riegos.com\/wp-content\/uploads\/2021\/08\/4600.jpg\" \/>\n\t<meta property=\"og:image:width\" content=\"516\" \/>\n\t<meta property=\"og:image:height\" content=\"416\" \/>\n\t<meta property=\"og:image:type\" content=\"image\/jpeg\" \/>\n<meta name=\"twitter:card\" content=\"summary_large_image\" \/>\n<meta name=\"twitter:label1\" content=\"Dur\u00e9e de lecture estim\u00e9e\" \/>\n\t<meta name=\"twitter:data1\" content=\"1 minute\" \/>\n<script type=\"application\/ld+json\" class=\"yoast-schema-graph\">{\"@context\":\"https:\/\/schema.org\",\"@graph\":[{\"@type\":\"WebPage\",\"@id\":\"https:\/\/riegos.com\/fr\/producto\/bride-pression\/\",\"url\":\"https:\/\/riegos.com\/fr\/producto\/bride-pression\/\",\"name\":\"BRIDE PRESSION - Abrisa. La Casa del Riego\",\"isPartOf\":{\"@id\":\"https:\/\/riegos.com\/fr\/#website\"},\"primaryImageOfPage\":{\"@id\":\"https:\/\/riegos.com\/fr\/producto\/bride-pression\/#primaryimage\"},\"image\":{\"@id\":\"https:\/\/riegos.com\/fr\/producto\/bride-pression\/#primaryimage\"},\"thumbnailUrl\":\"https:\/\/riegos.com\/wp-content\/uploads\/2021\/08\/4600.jpg\",\"datePublished\":\"2021-08-21T13:34:12+00:00\",\"dateModified\":\"2024-02-16T15:35:07+00:00\",\"breadcrumb\":{\"@id\":\"https:\/\/riegos.com\/fr\/producto\/bride-pression\/#breadcrumb\"},\"inLanguage\":\"fr-FR\",\"potentialAction\":[{\"@type\":\"ReadAction\",\"target\":[\"https:\/\/riegos.com\/fr\/producto\/bride-pression\/\"]}]},{\"@type\":\"ImageObject\",\"inLanguage\":\"fr-FR\",\"@id\":\"https:\/\/riegos.com\/fr\/producto\/bride-pression\/#primaryimage\",\"url\":\"https:\/\/riegos.com\/wp-content\/uploads\/2021\/08\/4600.jpg\",\"contentUrl\":\"https:\/\/riegos.com\/wp-content\/uploads\/2021\/08\/4600.jpg\",\"width\":516,\"height\":416},{\"@type\":\"BreadcrumbList\",\"@id\":\"https:\/\/riegos.com\/fr\/producto\/bride-pression\/#breadcrumb\",\"itemListElement\":[{\"@type\":\"ListItem\",\"position\":1,\"name\":\"Inicio\",\"item\":\"https:\/\/riegos.com\/fr\/\"},{\"@type\":\"ListItem\",\"position\":2,\"name\":\"Produits\",\"item\":\"https:\/\/riegos.com\/fr\/produits\/\"},{\"@type\":\"ListItem\",\"position\":3,\"name\":\"BRIDE PRESSION\"}]},{\"@type\":\"WebSite\",\"@id\":\"https:\/\/riegos.com\/fr\/#website\",\"url\":\"https:\/\/riegos.com\/fr\/\",\"name\":\"Abrisa. La Casa del Riego\",\"description\":\"\",\"publisher\":{\"@id\":\"https:\/\/riegos.com\/fr\/#organization\"},\"potentialAction\":[{\"@type\":\"SearchAction\",\"target\":{\"@type\":\"EntryPoint\",\"urlTemplate\":\"https:\/\/riegos.com\/fr\/?s={search_term_string}\"},\"query-input\":{\"@type\":\"PropertyValueSpecification\",\"valueRequired\":true,\"valueName\":\"search_term_string\"}}],\"inLanguage\":\"fr-FR\"},{\"@type\":\"Organization\",\"@id\":\"https:\/\/riegos.com\/fr\/#organization\",\"name\":\"ABANILLA RIEGOS SA\",\"url\":\"https:\/\/riegos.com\/fr\/\",\"logo\":{\"@type\":\"ImageObject\",\"inLanguage\":\"fr-FR\",\"@id\":\"https:\/\/riegos.com\/fr\/#\/schema\/logo\/image\/\",\"url\":\"https:\/\/riegos.com\/wp-content\/uploads\/2021\/10\/logo_trim.png\",\"contentUrl\":\"https:\/\/riegos.com\/wp-content\/uploads\/2021\/10\/logo_trim.png\",\"width\":217,\"height\":129,\"caption\":\"ABANILLA RIEGOS SA\"},\"image\":{\"@id\":\"https:\/\/riegos.com\/fr\/#\/schema\/logo\/image\/\"},\"sameAs\":[\"https:\/\/es-es.facebook.com\/AbrisaRiegos\/\"]}]}<\/script>\n<!-- \/ Yoast SEO plugin. -->","yoast_head_json":{"title":"BRIDE PRESSION - Abrisa. La Casa del Riego","robots":{"index":"index","follow":"follow","max-snippet":"max-snippet:-1","max-image-preview":"max-image-preview:large","max-video-preview":"max-video-preview:-1"},"canonical":"https:\/\/riegos.com\/fr\/producto\/bride-pression\/","og_locale":"fr_FR","og_type":"article","og_title":"BRIDE PRESSION - Abrisa. La Casa del Riego","og_description":"[vc_row][vc_column][vc_column_text] R\u00e9f\u00e9rence Mesure P.V.P. (\u20ac) Poids Pi\u00e8ce (gr) Poids de la bo\u00eete (gr) Unit\u00e9s \/ Sac Unit\u00e9s \/ Bo\u00eete Type de conteneur Code EAN 4600 16 mm 0.4315 1.41 0.00 1 10000 -1 8435277946003 4601 20 mm 0.4315 0.77 0.00 1 10000 -1 8435277946010 4602 25 mm 0.5086 1.52 0.00 1 10000 -1 8435277946027 4603 [&hellip;]","og_url":"https:\/\/riegos.com\/fr\/producto\/bride-pression\/","og_site_name":"Abrisa. La Casa del Riego","article_publisher":"https:\/\/es-es.facebook.com\/AbrisaRiegos\/","article_modified_time":"2024-02-16T15:35:07+00:00","og_image":[{"width":516,"height":416,"url":"https:\/\/riegos.com\/wp-content\/uploads\/2021\/08\/4600.jpg","type":"image\/jpeg"}],"twitter_card":"summary_large_image","twitter_misc":{"Dur\u00e9e de lecture estim\u00e9e":"1 minute"},"schema":{"@context":"https:\/\/schema.org","@graph":[{"@type":"WebPage","@id":"https:\/\/riegos.com\/fr\/producto\/bride-pression\/","url":"https:\/\/riegos.com\/fr\/producto\/bride-pression\/","name":"BRIDE PRESSION - Abrisa. La Casa del Riego","isPartOf":{"@id":"https:\/\/riegos.com\/fr\/#website"},"primaryImageOfPage":{"@id":"https:\/\/riegos.com\/fr\/producto\/bride-pression\/#primaryimage"},"image":{"@id":"https:\/\/riegos.com\/fr\/producto\/bride-pression\/#primaryimage"},"thumbnailUrl":"https:\/\/riegos.com\/wp-content\/uploads\/2021\/08\/4600.jpg","datePublished":"2021-08-21T13:34:12+00:00","dateModified":"2024-02-16T15:35:07+00:00","breadcrumb":{"@id":"https:\/\/riegos.com\/fr\/producto\/bride-pression\/#breadcrumb"},"inLanguage":"fr-FR","potentialAction":[{"@type":"ReadAction","target":["https:\/\/riegos.com\/fr\/producto\/bride-pression\/"]}]},{"@type":"ImageObject","inLanguage":"fr-FR","@id":"https:\/\/riegos.com\/fr\/producto\/bride-pression\/#primaryimage","url":"https:\/\/riegos.com\/wp-content\/uploads\/2021\/08\/4600.jpg","contentUrl":"https:\/\/riegos.com\/wp-content\/uploads\/2021\/08\/4600.jpg","width":516,"height":416},{"@type":"BreadcrumbList","@id":"https:\/\/riegos.com\/fr\/producto\/bride-pression\/#breadcrumb","itemListElement":[{"@type":"ListItem","position":1,"name":"Inicio","item":"https:\/\/riegos.com\/fr\/"},{"@type":"ListItem","position":2,"name":"Produits","item":"https:\/\/riegos.com\/fr\/produits\/"},{"@type":"ListItem","position":3,"name":"BRIDE PRESSION"}]},{"@type":"WebSite","@id":"https:\/\/riegos.com\/fr\/#website","url":"https:\/\/riegos.com\/fr\/","name":"Abrisa. La Casa del Riego","description":"","publisher":{"@id":"https:\/\/riegos.com\/fr\/#organization"},"potentialAction":[{"@type":"SearchAction","target":{"@type":"EntryPoint","urlTemplate":"https:\/\/riegos.com\/fr\/?s={search_term_string}"},"query-input":{"@type":"PropertyValueSpecification","valueRequired":true,"valueName":"search_term_string"}}],"inLanguage":"fr-FR"},{"@type":"Organization","@id":"https:\/\/riegos.com\/fr\/#organization","name":"ABANILLA RIEGOS SA","url":"https:\/\/riegos.com\/fr\/","logo":{"@type":"ImageObject","inLanguage":"fr-FR","@id":"https:\/\/riegos.com\/fr\/#\/schema\/logo\/image\/","url":"https:\/\/riegos.com\/wp-content\/uploads\/2021\/10\/logo_trim.png","contentUrl":"https:\/\/riegos.com\/wp-content\/uploads\/2021\/10\/logo_trim.png","width":217,"height":129,"caption":"ABANILLA RIEGOS SA"},"image":{"@id":"https:\/\/riegos.com\/fr\/#\/schema\/logo\/image\/"},"sameAs":["https:\/\/es-es.facebook.com\/AbrisaRiegos\/"]}]}},"_links":{"self":[{"href":"https:\/\/riegos.com\/fr\/wp-json\/wp\/v2\/product\/17210","targetHints":{"allow":["GET"]}}],"collection":[{"href":"https:\/\/riegos.com\/fr\/wp-json\/wp\/v2\/product"}],"about":[{"href":"https:\/\/riegos.com\/fr\/wp-json\/wp\/v2\/types\/product"}],"replies":[{"embeddable":true,"href":"https:\/\/riegos.com\/fr\/wp-json\/wp\/v2\/comments?post=17210"}],"wp:featuredmedia":[{"embeddable":true,"href":"https:\/\/riegos.com\/fr\/wp-json\/wp\/v2\/media\/9810"}],"wp:attachment":[{"href":"https:\/\/riegos.com\/fr\/wp-json\/wp\/v2\/media?parent=17210"}],"wp:term":[{"taxonomy":"product_cat","embeddable":true,"href":"https:\/\/riegos.com\/fr\/wp-json\/wp\/v2\/product_cat?post=17210"},{"taxonomy":"product_tag","embeddable":true,"href":"https:\/\/riegos.com\/fr\/wp-json\/wp\/v2\/product_tag?post=17210"}],"curies":[{"name":"wp","href":"https:\/\/api.w.org\/{rel}","templated":true}]}}