{"id":17129,"date":"2021-08-21T12:32:39","date_gmt":"2021-08-21T13:32:08","guid":{"rendered":"https:\/\/riegos.com\/producto\/collier-de-prise-en-charge-double-4-visses\/"},"modified":"2024-03-15T09:57:54","modified_gmt":"2024-03-15T09:57:54","slug":"collier-de-prise-en-charge-double-4-visses","status":"publish","type":"product","link":"https:\/\/riegos.com\/fr\/producto\/collier-de-prise-en-charge-double-4-visses\/","title":{"rendered":"COLLIER DE PRISE EN CHARGE DOUBLE 4 VISSES"},"content":{"rendered":"<p>[vc_row][vc_column][vc_column_text]<\/p>\n<table width=\"896\">\n<tbody>\n<tr>\n<td width=\"65\">R\u00e9f\u00e9rence<\/td>\n<td width=\"145\">Mesure<\/td>\n<td width=\"66\">P.V.P. (\u20ac)<\/td>\n<td width=\"108\">Poids Pi\u00e8ce (gr)<\/td>\n<td width=\"137\">Poids de la bo\u00eete (gr)<\/td>\n<td width=\"94\">Unit\u00e9s \/ Sac<\/td>\n<td width=\"98\">Unit\u00e9s \/ Bo\u00eete<\/td>\n<td width=\"126\">Type de conteneur<\/td>\n<td width=\"107\">Code EAN<\/td>\n<\/tr>\n<tr>\n<td>4122<\/td>\n<td>63 mm x 1\/2&#8243;<\/td>\n<td>6,5913<\/td>\n<td>&#8211;<\/td>\n<td>0.00<\/td>\n<td>1<\/td>\n<td>50<\/td>\n<td>4<\/td>\n<td>8435277941220<\/td>\n<\/tr>\n<tr>\n<td>4123<\/td>\n<td>63 mm x 3\/4&#8243;<\/td>\n<td>6,5913<\/td>\n<td>&#8211;<\/td>\n<td>0.00<\/td>\n<td>1<\/td>\n<td>50<\/td>\n<td>4<\/td>\n<td>8435277941237<\/td>\n<\/tr>\n<tr>\n<td>4124<\/td>\n<td>63 mm x 1&#8243;<\/td>\n<td>6,5913<\/td>\n<td>&#8211;<\/td>\n<td>10.00<\/td>\n<td>1<\/td>\n<td>50<\/td>\n<td>4<\/td>\n<td>8435277941244<\/td>\n<\/tr>\n<tr>\n<td>4125<\/td>\n<td>63 mm x 1 1\/4&#8243;<\/td>\n<td>6,5913<\/td>\n<td>&#8211;<\/td>\n<td>1.00<\/td>\n<td>1<\/td>\n<td>50<\/td>\n<td>4<\/td>\n<td>8435277941251<\/td>\n<\/tr>\n<tr>\n<td>4126<\/td>\n<td>63 mm x 1 1\/2&#8243;<\/td>\n<td>6,5913<\/td>\n<td>&#8211;<\/td>\n<td>0.00<\/td>\n<td>1<\/td>\n<td>50<\/td>\n<td>4<\/td>\n<td>8435277941268<\/td>\n<\/tr>\n<tr>\n<td>4127<\/td>\n<td>75 mm x 1\/2&#8243;<\/td>\n<td>9,6316<\/td>\n<td>&#8211;<\/td>\n<td>0.00<\/td>\n<td>1<\/td>\n<td>50<\/td>\n<td>3<\/td>\n<td>8435277941275<\/td>\n<\/tr>\n<tr>\n<td>4128<\/td>\n<td>75 mm x 3\/4&#8243;<\/td>\n<td>9,6316<\/td>\n<td>&#8211;<\/td>\n<td>0.00<\/td>\n<td>1<\/td>\n<td>50<\/td>\n<td>3<\/td>\n<td>8435277941282<\/td>\n<\/tr>\n<tr>\n<td>4129<\/td>\n<td>75 mm x 1&#8243;<\/td>\n<td>9,6316<\/td>\n<td>&#8211;<\/td>\n<td>4,129.00<\/td>\n<td>1<\/td>\n<td>50<\/td>\n<td>3<\/td>\n<td>8435277941299<\/td>\n<\/tr>\n<tr>\n<td>4130<\/td>\n<td>75 mm x 1 1\/4&#8243;<\/td>\n<td>9,6316<\/td>\n<td>&#8211;<\/td>\n<td>1.00<\/td>\n<td>1<\/td>\n<td>50<\/td>\n<td>3<\/td>\n<td>8435277941305<\/td>\n<\/tr>\n<tr>\n<td>4131<\/td>\n<td>75 mm x 1 1\/2&#8243;<\/td>\n<td>9,6316<\/td>\n<td>&#8211;<\/td>\n<td>16,020.00<\/td>\n<td>1<\/td>\n<td>50<\/td>\n<td>3<\/td>\n<td>8435277941312<\/td>\n<\/tr>\n<tr>\n<td>4132<\/td>\n<td>75 mm x 2&#8243;<\/td>\n<td>9,6316<\/td>\n<td>&#8211;<\/td>\n<td>15,890.00<\/td>\n<td>1<\/td>\n<td>50<\/td>\n<td>3<\/td>\n<td>8435277941329<\/td>\n<\/tr>\n<tr>\n<td>4133<\/td>\n<td>90 mm x 1\/2&#8243;<\/td>\n<td>11,2170<\/td>\n<td>&#8211;<\/td>\n<td>0.00<\/td>\n<td>1<\/td>\n<td>25<\/td>\n<td>4<\/td>\n<td>8435277941336<\/td>\n<\/tr>\n<tr>\n<td>4134<\/td>\n<td>90 mm x 3\/4&#8243;<\/td>\n<td>11,2170<\/td>\n<td>&#8211;<\/td>\n<td>0.00<\/td>\n<td>1<\/td>\n<td>25<\/td>\n<td>4<\/td>\n<td>8435277941343<\/td>\n<\/tr>\n<tr>\n<td>4135<\/td>\n<td>90 mm x 1&#8243;<\/td>\n<td>11,2170<\/td>\n<td>&#8211;<\/td>\n<td>10,470.00<\/td>\n<td>1<\/td>\n<td>25<\/td>\n<td>4<\/td>\n<td>8435277941350<\/td>\n<\/tr>\n<tr>\n<td>4136<\/td>\n<td>90 mm x 1 1\/4&#8243;<\/td>\n<td>11,2170<\/td>\n<td>&#8211;<\/td>\n<td>0.00<\/td>\n<td>1<\/td>\n<td>25<\/td>\n<td>3<\/td>\n<td>8435277941367<\/td>\n<\/tr>\n<tr>\n<td>4137<\/td>\n<td>90 mm x 1 1\/2&#8243;<\/td>\n<td>11,2170<\/td>\n<td>&#8211;<\/td>\n<td>9,495.00<\/td>\n<td>1<\/td>\n<td>25<\/td>\n<td>3<\/td>\n<td>8435277941374<\/td>\n<\/tr>\n<tr>\n<td>4138<\/td>\n<td>90 mm x 2&#8243;<\/td>\n<td>11,2170<\/td>\n<td>&#8211;<\/td>\n<td>10,660.00<\/td>\n<td>1<\/td>\n<td>25<\/td>\n<td>3<\/td>\n<td>8435277941381<\/td>\n<\/tr>\n<tr>\n<td>4139<\/td>\n<td>110 mm x 1\/2&#8243;<\/td>\n<td>12,2129<\/td>\n<td>&#8211;<\/td>\n<td>0.00<\/td>\n<td>1<\/td>\n<td>20<\/td>\n<td>4<\/td>\n<td>8435277941398<\/td>\n<\/tr>\n<tr>\n<td>4140<\/td>\n<td>110 mm x 3\/4&#8243;<\/td>\n<td>12,2129<\/td>\n<td>&#8211;<\/td>\n<td>0.00<\/td>\n<td>1<\/td>\n<td>20<\/td>\n<td>4<\/td>\n<td>8435277941404<\/td>\n<\/tr>\n<tr>\n<td>4141<\/td>\n<td>110 mm x 1&#8243;<\/td>\n<td>12,2129<\/td>\n<td>&#8211;<\/td>\n<td>1,021.00<\/td>\n<td>1<\/td>\n<td>20<\/td>\n<td>3<\/td>\n<td>8435277941411<\/td>\n<\/tr>\n<tr>\n<td>4142<\/td>\n<td>110 mm x 1 1\/4&#8243;<\/td>\n<td>12,2129<\/td>\n<td>&#8211;<\/td>\n<td>0.00<\/td>\n<td>1<\/td>\n<td>20<\/td>\n<td>3<\/td>\n<td>8435277941428<\/td>\n<\/tr>\n<tr>\n<td>4143<\/td>\n<td>110 mm x 1 1\/2&#8243;<\/td>\n<td>12,2129<\/td>\n<td>&#8211;<\/td>\n<td>10,325.00<\/td>\n<td>1<\/td>\n<td>20<\/td>\n<td>4<\/td>\n<td>8435277941435<\/td>\n<\/tr>\n<tr>\n<td>4144<\/td>\n<td>110 mm x 2&#8243;<\/td>\n<td>12,2129<\/td>\n<td>&#8211;<\/td>\n<td>9,546.00<\/td>\n<td>1<\/td>\n<td>20<\/td>\n<td>3<\/td>\n<td>8435277941442<\/td>\n<\/tr>\n<tr>\n<td>4145<\/td>\n<td>125 mm x 1&#8243;<\/td>\n<td>17,0221<\/td>\n<td>&#8211;<\/td>\n<td>0.00<\/td>\n<td>1<\/td>\n<td>20<\/td>\n<td>4<\/td>\n<td>8435277941459<\/td>\n<\/tr>\n<tr>\n<td>4146<\/td>\n<td>125 mm x 1 1\/4&#8243;<\/td>\n<td>17,0221<\/td>\n<td>&#8211;<\/td>\n<td>0.00<\/td>\n<td>1<\/td>\n<td>20<\/td>\n<td>4<\/td>\n<td>8435277941466<\/td>\n<\/tr>\n<tr>\n<td>4147<\/td>\n<td>125 mm x 1 1\/2&#8243;<\/td>\n<td>17,0221<\/td>\n<td>&#8211;<\/td>\n<td>11,240.00<\/td>\n<td>1<\/td>\n<td>20<\/td>\n<td>4<\/td>\n<td>8435277941473<\/td>\n<\/tr>\n<tr>\n<td>4148<\/td>\n<td>125 mm x 2&#8243;<\/td>\n<td>17,0221<\/td>\n<td>&#8211;<\/td>\n<td>10,600.00<\/td>\n<td>1<\/td>\n<td>20<\/td>\n<td>4<\/td>\n<td>8435277941480<\/td>\n<\/tr>\n<\/tbody>\n<\/table>\n<p>[\/vc_column_text][\/vc_column][\/vc_row]<\/p>\n","protected":false},"excerpt":{"rendered":"<p>[vc_row][vc_column][vc_column_text] R\u00e9f\u00e9rence Mesure P.V.P. (\u20ac) Poids Pi\u00e8ce (gr) Poids de la bo\u00eete (gr) Unit\u00e9s \/ Sac Unit\u00e9s \/ Bo\u00eete Type de conteneur Code EAN 4122 63 mm x 1\/2&#8243; 6,5913 &#8211; 0.00 1 50 4 8435277941220 4123 63 mm x 3\/4&#8243; 6,5913 &#8211; 0.00 1 50 4 8435277941237 4124 63 mm x 1&#8243; 6,5913 &#8211; [&hellip;]<\/p>\n","protected":false},"featured_media":9662,"comment_status":"closed","ping_status":"closed","template":"","meta":{"_acf_changed":false},"product_brand":[],"product_cat":[1217,1213],"product_tag":[],"class_list":{"0":"post-17129","1":"product","2":"type-product","3":"status-publish","4":"has-post-thumbnail","6":"product_cat-colliers-de-prise","7":"product_cat-accessoires-pour-presion","9":"first","10":"instock","11":"purchasable","12":"product-type-variable"},"acf":[],"yoast_head":"<!-- This site is optimized with the Yoast SEO plugin v27.4 - https:\/\/yoast.com\/product\/yoast-seo-wordpress\/ -->\n<title>COLLIER DE PRISE EN CHARGE DOUBLE 4 VISSES - Abrisa. La Casa del Riego<\/title>\n<meta name=\"robots\" content=\"index, follow, max-snippet:-1, max-image-preview:large, max-video-preview:-1\" \/>\n<link rel=\"canonical\" href=\"https:\/\/riegos.com\/fr\/producto\/collier-de-prise-en-charge-double-4-visses\/\" \/>\n<meta property=\"og:locale\" content=\"fr_FR\" \/>\n<meta property=\"og:type\" content=\"article\" \/>\n<meta property=\"og:title\" content=\"COLLIER DE PRISE EN CHARGE DOUBLE 4 VISSES - Abrisa. La Casa del Riego\" \/>\n<meta property=\"og:description\" content=\"[vc_row][vc_column][vc_column_text] R\u00e9f\u00e9rence Mesure P.V.P. (\u20ac) Poids Pi\u00e8ce (gr) Poids de la bo\u00eete (gr) Unit\u00e9s \/ Sac Unit\u00e9s \/ Bo\u00eete Type de conteneur Code EAN 4122 63 mm x 1\/2&#8243; 6,5913 &#8211; 0.00 1 50 4 8435277941220 4123 63 mm x 3\/4&#8243; 6,5913 &#8211; 0.00 1 50 4 8435277941237 4124 63 mm x 1&#8243; 6,5913 &#8211; [&hellip;]\" \/>\n<meta property=\"og:url\" content=\"https:\/\/riegos.com\/fr\/producto\/collier-de-prise-en-charge-double-4-visses\/\" \/>\n<meta property=\"og:site_name\" content=\"Abrisa. La Casa del Riego\" \/>\n<meta property=\"article:publisher\" content=\"https:\/\/es-es.facebook.com\/AbrisaRiegos\/\" \/>\n<meta property=\"article:modified_time\" content=\"2024-03-15T09:57:54+00:00\" \/>\n<meta property=\"og:image\" content=\"https:\/\/riegos.com\/wp-content\/uploads\/2021\/08\/4027.jpg\" \/>\n\t<meta property=\"og:image:width\" content=\"918\" \/>\n\t<meta property=\"og:image:height\" content=\"878\" \/>\n\t<meta property=\"og:image:type\" content=\"image\/jpeg\" \/>\n<meta name=\"twitter:card\" content=\"summary_large_image\" \/>\n<meta name=\"twitter:label1\" content=\"Dur\u00e9e de lecture estim\u00e9e\" \/>\n\t<meta name=\"twitter:data1\" content=\"2 minutes\" \/>\n<script type=\"application\/ld+json\" class=\"yoast-schema-graph\">{\"@context\":\"https:\\\/\\\/schema.org\",\"@graph\":[{\"@type\":\"WebPage\",\"@id\":\"https:\\\/\\\/riegos.com\\\/fr\\\/producto\\\/collier-de-prise-en-charge-double-4-visses\\\/\",\"url\":\"https:\\\/\\\/riegos.com\\\/fr\\\/producto\\\/collier-de-prise-en-charge-double-4-visses\\\/\",\"name\":\"COLLIER DE PRISE EN CHARGE DOUBLE 4 VISSES - Abrisa. La Casa del Riego\",\"isPartOf\":{\"@id\":\"https:\\\/\\\/riegos.com\\\/fr\\\/#website\"},\"primaryImageOfPage\":{\"@id\":\"https:\\\/\\\/riegos.com\\\/fr\\\/producto\\\/collier-de-prise-en-charge-double-4-visses\\\/#primaryimage\"},\"image\":{\"@id\":\"https:\\\/\\\/riegos.com\\\/fr\\\/producto\\\/collier-de-prise-en-charge-double-4-visses\\\/#primaryimage\"},\"thumbnailUrl\":\"https:\\\/\\\/riegos.com\\\/wp-content\\\/uploads\\\/2021\\\/08\\\/4027.jpg\",\"datePublished\":\"2021-08-21T13:32:08+00:00\",\"dateModified\":\"2024-03-15T09:57:54+00:00\",\"breadcrumb\":{\"@id\":\"https:\\\/\\\/riegos.com\\\/fr\\\/producto\\\/collier-de-prise-en-charge-double-4-visses\\\/#breadcrumb\"},\"inLanguage\":\"fr-FR\",\"potentialAction\":[{\"@type\":\"ReadAction\",\"target\":[\"https:\\\/\\\/riegos.com\\\/fr\\\/producto\\\/collier-de-prise-en-charge-double-4-visses\\\/\"]}]},{\"@type\":\"ImageObject\",\"inLanguage\":\"fr-FR\",\"@id\":\"https:\\\/\\\/riegos.com\\\/fr\\\/producto\\\/collier-de-prise-en-charge-double-4-visses\\\/#primaryimage\",\"url\":\"https:\\\/\\\/riegos.com\\\/wp-content\\\/uploads\\\/2021\\\/08\\\/4027.jpg\",\"contentUrl\":\"https:\\\/\\\/riegos.com\\\/wp-content\\\/uploads\\\/2021\\\/08\\\/4027.jpg\",\"width\":918,\"height\":878},{\"@type\":\"BreadcrumbList\",\"@id\":\"https:\\\/\\\/riegos.com\\\/fr\\\/producto\\\/collier-de-prise-en-charge-double-4-visses\\\/#breadcrumb\",\"itemListElement\":[{\"@type\":\"ListItem\",\"position\":1,\"name\":\"Inicio\",\"item\":\"https:\\\/\\\/riegos.com\\\/fr\\\/\"},{\"@type\":\"ListItem\",\"position\":2,\"name\":\"Productos\",\"item\":\"https:\\\/\\\/riegos.com\\\/productos\\\/\"},{\"@type\":\"ListItem\",\"position\":3,\"name\":\"COLLIER DE PRISE EN CHARGE DOUBLE 4 VISSES\"}]},{\"@type\":\"WebSite\",\"@id\":\"https:\\\/\\\/riegos.com\\\/fr\\\/#website\",\"url\":\"https:\\\/\\\/riegos.com\\\/fr\\\/\",\"name\":\"Abrisa. La Casa del Riego\",\"description\":\"\",\"publisher\":{\"@id\":\"https:\\\/\\\/riegos.com\\\/fr\\\/#organization\"},\"potentialAction\":[{\"@type\":\"SearchAction\",\"target\":{\"@type\":\"EntryPoint\",\"urlTemplate\":\"https:\\\/\\\/riegos.com\\\/fr\\\/?s={search_term_string}\"},\"query-input\":{\"@type\":\"PropertyValueSpecification\",\"valueRequired\":true,\"valueName\":\"search_term_string\"}}],\"inLanguage\":\"fr-FR\"},{\"@type\":\"Organization\",\"@id\":\"https:\\\/\\\/riegos.com\\\/fr\\\/#organization\",\"name\":\"ABANILLA RIEGOS SA\",\"url\":\"https:\\\/\\\/riegos.com\\\/fr\\\/\",\"logo\":{\"@type\":\"ImageObject\",\"inLanguage\":\"fr-FR\",\"@id\":\"https:\\\/\\\/riegos.com\\\/fr\\\/#\\\/schema\\\/logo\\\/image\\\/\",\"url\":\"https:\\\/\\\/riegos.com\\\/wp-content\\\/uploads\\\/2021\\\/10\\\/logo_trim.png\",\"contentUrl\":\"https:\\\/\\\/riegos.com\\\/wp-content\\\/uploads\\\/2021\\\/10\\\/logo_trim.png\",\"width\":217,\"height\":129,\"caption\":\"ABANILLA RIEGOS SA\"},\"image\":{\"@id\":\"https:\\\/\\\/riegos.com\\\/fr\\\/#\\\/schema\\\/logo\\\/image\\\/\"},\"sameAs\":[\"https:\\\/\\\/es-es.facebook.com\\\/AbrisaRiegos\\\/\"]}]}<\/script>\n<!-- \/ Yoast SEO plugin. -->","yoast_head_json":{"title":"COLLIER DE PRISE EN CHARGE DOUBLE 4 VISSES - Abrisa. La Casa del Riego","robots":{"index":"index","follow":"follow","max-snippet":"max-snippet:-1","max-image-preview":"max-image-preview:large","max-video-preview":"max-video-preview:-1"},"canonical":"https:\/\/riegos.com\/fr\/producto\/collier-de-prise-en-charge-double-4-visses\/","og_locale":"fr_FR","og_type":"article","og_title":"COLLIER DE PRISE EN CHARGE DOUBLE 4 VISSES - Abrisa. La Casa del Riego","og_description":"[vc_row][vc_column][vc_column_text] R\u00e9f\u00e9rence Mesure P.V.P. (\u20ac) Poids Pi\u00e8ce (gr) Poids de la bo\u00eete (gr) Unit\u00e9s \/ Sac Unit\u00e9s \/ Bo\u00eete Type de conteneur Code EAN 4122 63 mm x 1\/2&#8243; 6,5913 &#8211; 0.00 1 50 4 8435277941220 4123 63 mm x 3\/4&#8243; 6,5913 &#8211; 0.00 1 50 4 8435277941237 4124 63 mm x 1&#8243; 6,5913 &#8211; [&hellip;]","og_url":"https:\/\/riegos.com\/fr\/producto\/collier-de-prise-en-charge-double-4-visses\/","og_site_name":"Abrisa. La Casa del Riego","article_publisher":"https:\/\/es-es.facebook.com\/AbrisaRiegos\/","article_modified_time":"2024-03-15T09:57:54+00:00","og_image":[{"width":918,"height":878,"url":"https:\/\/riegos.com\/wp-content\/uploads\/2021\/08\/4027.jpg","type":"image\/jpeg"}],"twitter_card":"summary_large_image","twitter_misc":{"Dur\u00e9e de lecture estim\u00e9e":"2 minutes"},"schema":{"@context":"https:\/\/schema.org","@graph":[{"@type":"WebPage","@id":"https:\/\/riegos.com\/fr\/producto\/collier-de-prise-en-charge-double-4-visses\/","url":"https:\/\/riegos.com\/fr\/producto\/collier-de-prise-en-charge-double-4-visses\/","name":"COLLIER DE PRISE EN CHARGE DOUBLE 4 VISSES - Abrisa. La Casa del Riego","isPartOf":{"@id":"https:\/\/riegos.com\/fr\/#website"},"primaryImageOfPage":{"@id":"https:\/\/riegos.com\/fr\/producto\/collier-de-prise-en-charge-double-4-visses\/#primaryimage"},"image":{"@id":"https:\/\/riegos.com\/fr\/producto\/collier-de-prise-en-charge-double-4-visses\/#primaryimage"},"thumbnailUrl":"https:\/\/riegos.com\/wp-content\/uploads\/2021\/08\/4027.jpg","datePublished":"2021-08-21T13:32:08+00:00","dateModified":"2024-03-15T09:57:54+00:00","breadcrumb":{"@id":"https:\/\/riegos.com\/fr\/producto\/collier-de-prise-en-charge-double-4-visses\/#breadcrumb"},"inLanguage":"fr-FR","potentialAction":[{"@type":"ReadAction","target":["https:\/\/riegos.com\/fr\/producto\/collier-de-prise-en-charge-double-4-visses\/"]}]},{"@type":"ImageObject","inLanguage":"fr-FR","@id":"https:\/\/riegos.com\/fr\/producto\/collier-de-prise-en-charge-double-4-visses\/#primaryimage","url":"https:\/\/riegos.com\/wp-content\/uploads\/2021\/08\/4027.jpg","contentUrl":"https:\/\/riegos.com\/wp-content\/uploads\/2021\/08\/4027.jpg","width":918,"height":878},{"@type":"BreadcrumbList","@id":"https:\/\/riegos.com\/fr\/producto\/collier-de-prise-en-charge-double-4-visses\/#breadcrumb","itemListElement":[{"@type":"ListItem","position":1,"name":"Inicio","item":"https:\/\/riegos.com\/fr\/"},{"@type":"ListItem","position":2,"name":"Productos","item":"https:\/\/riegos.com\/productos\/"},{"@type":"ListItem","position":3,"name":"COLLIER DE PRISE EN CHARGE DOUBLE 4 VISSES"}]},{"@type":"WebSite","@id":"https:\/\/riegos.com\/fr\/#website","url":"https:\/\/riegos.com\/fr\/","name":"Abrisa. La Casa del Riego","description":"","publisher":{"@id":"https:\/\/riegos.com\/fr\/#organization"},"potentialAction":[{"@type":"SearchAction","target":{"@type":"EntryPoint","urlTemplate":"https:\/\/riegos.com\/fr\/?s={search_term_string}"},"query-input":{"@type":"PropertyValueSpecification","valueRequired":true,"valueName":"search_term_string"}}],"inLanguage":"fr-FR"},{"@type":"Organization","@id":"https:\/\/riegos.com\/fr\/#organization","name":"ABANILLA RIEGOS SA","url":"https:\/\/riegos.com\/fr\/","logo":{"@type":"ImageObject","inLanguage":"fr-FR","@id":"https:\/\/riegos.com\/fr\/#\/schema\/logo\/image\/","url":"https:\/\/riegos.com\/wp-content\/uploads\/2021\/10\/logo_trim.png","contentUrl":"https:\/\/riegos.com\/wp-content\/uploads\/2021\/10\/logo_trim.png","width":217,"height":129,"caption":"ABANILLA RIEGOS SA"},"image":{"@id":"https:\/\/riegos.com\/fr\/#\/schema\/logo\/image\/"},"sameAs":["https:\/\/es-es.facebook.com\/AbrisaRiegos\/"]}]}},"_links":{"self":[{"href":"https:\/\/riegos.com\/fr\/wp-json\/wp\/v2\/product\/17129","targetHints":{"allow":["GET"]}}],"collection":[{"href":"https:\/\/riegos.com\/fr\/wp-json\/wp\/v2\/product"}],"about":[{"href":"https:\/\/riegos.com\/fr\/wp-json\/wp\/v2\/types\/product"}],"replies":[{"embeddable":true,"href":"https:\/\/riegos.com\/fr\/wp-json\/wp\/v2\/comments?post=17129"}],"wp:featuredmedia":[{"embeddable":true,"href":"https:\/\/riegos.com\/fr\/wp-json\/wp\/v2\/media\/9662"}],"wp:attachment":[{"href":"https:\/\/riegos.com\/fr\/wp-json\/wp\/v2\/media?parent=17129"}],"wp:term":[{"taxonomy":"product_brand","embeddable":true,"href":"https:\/\/riegos.com\/fr\/wp-json\/wp\/v2\/product_brand?post=17129"},{"taxonomy":"product_cat","embeddable":true,"href":"https:\/\/riegos.com\/fr\/wp-json\/wp\/v2\/product_cat?post=17129"},{"taxonomy":"product_tag","embeddable":true,"href":"https:\/\/riegos.com\/fr\/wp-json\/wp\/v2\/product_tag?post=17129"}],"curies":[{"name":"wp","href":"https:\/\/api.w.org\/{rel}","templated":true}]}}