{"id":21704,"date":"2021-11-08T10:50:56","date_gmt":"2021-11-08T10:50:56","guid":{"rendered":"https:\/\/riegos.com\/gammes\/"},"modified":"2021-11-08T10:50:56","modified_gmt":"2021-11-08T10:50:56","slug":"gammes","status":"publish","type":"page","link":"https:\/\/riegos.com\/fr\/gammes\/","title":{"rendered":"Gammes"},"content":{"rendered":"<p>[vc_row full_height=&#8221;yes&#8221; columns_placement=&#8221;stretch&#8221; equal_height=&#8221;yes&#8221; content_placement=&#8221;top&#8221; inverse=&#8221;&#8221;][vc_column]<div id=\"sc_title_description_1494950896\" class=\"sc_title_description sc_title_description_accented sc_title_description_style_1 sc_title_description_align_center margin_top_large\" data-animation=\"animated fadeInUp normal\" style=\"width:100%;\"><div class=\"sc_title_description_info\"><h2 class=\"sc_title_description_title sc_item_title\">Abrisa<\/h2><div class=\"sc_title_description_descr sc_item_descr\">La Casa del Riego<\/div><\/div><\/div>[vc_empty_space height=&#8221;0.2em&#8221;]<div class=\"columns_wrap sc_columns columns_fluid sc_columns_count_3 margin_top_small margin_bottom_medium\" data-animation=\"animated fadeInUp normal\"><div class=\"column-1_3 sc_column_item sc_column_item_1 odd first\"><figure class=\"sc_image  sc_image_shape_square margin_left_null\"><a href=\"\/fr\/categorie-produit\/accessoires-pour-lirrigation\/\"><img decoding=\"async\" src=\"https:\/\/riegos.com\/wp-content\/uploads\/2021\/08\/Accesorios-de-Riego.jpg\" alt=\"\" \/><\/a><figcaption><span><\/span> Irrigation<\/figcaption><\/figure><\/div><div class=\"column-1_3 sc_column_item sc_column_item_2 even\"><figure class=\"sc_image  sc_image_shape_square margin_left_null\"><a href=\"\/fr\/categorie-produit\/accessoires-pour-presion\/\"><img decoding=\"async\" src=\"https:\/\/riegos.com\/wp-content\/uploads\/2021\/08\/PRESION.jpg\" alt=\"\" \/><\/a><figcaption><span><\/span> Pressure<\/figcaption><\/figure><\/div><div class=\"column-1_3 sc_column_item sc_column_item_3 odd\"><figure class=\"sc_image  sc_image_shape_square margin_left_null\"><a href=\"\/fr\/categorie-produit\/accessoires-pour-levacuation\/\"><img decoding=\"async\" src=\"https:\/\/riegos.com\/wp-content\/uploads\/2021\/08\/EVACUACION.jpg\" alt=\"\" \/><\/a><figcaption><span><\/span> Evacuation<\/figcaption><\/figure><\/div><\/div>[\/vc_column][\/vc_row][vc_row full_width=&#8221;stretch_row&#8221; inverse=&#8221;yes&#8221; css=&#8221;.vc_custom_1629904986137{background-image: url(https:\/\/riegos.com\/wp-content\/uploads\/2021\/08\/riego-por-goteo.png?id=18060) !important;background-position: center !important;background-repeat: no-repeat !important;background-size: cover !important;}&#8221;][vc_column]<div id=\"sc_call_to_action_510410736\" class=\"sc_call_to_action sc_call_to_action_accented sc_call_to_action_style_2 sc_call_to_action_align_left margin_top_very_huge margin_bottom_very_huge\" data-animation=\"animated fadeInUp normal\" style=\"width:100%;\"><div class=\"columns_wrap\"><div class=\"sc_call_to_action_info column-2_4\"><h6 class=\"sc_call_to_action_subtitle sc_item_subtitle\">T\u00e9l\u00e9chargez notre catalouge<\/h6><div class=\"sc_call_to_action_descr sc_item_descr\">Plus de 1200 r\u00e9f\u00e9rences pour am\u00e9liorer l'irrigation de votre culture<\/div><\/div><div class=\"sc_call_to_action_buttons sc_item_buttons column-2_4\"><div class=\"sc_call_to_action_button sc_item_button\"><a href=\"\/telechargements\/\" class=\"sc_button sc_button_square sc_button_style_filled sc_button_size_small sc_popup_link\">T\u00e9l\u00e9charger<\/a><\/div><\/div><\/div><\/div>[\/vc_column][\/vc_row]<\/p>\n","protected":false},"excerpt":{"rendered":"<p>[vc_row full_height=&#8221;yes&#8221; columns_placement=&#8221;stretch&#8221; equal_height=&#8221;yes&#8221; content_placement=&#8221;top&#8221; inverse=&#8221;&#8221;][vc_column][vc_empty_space height=&#8221;0.2em&#8221;][\/vc_column][\/vc_row][vc_row full_width=&#8221;stretch_row&#8221; inverse=&#8221;yes&#8221; css=&#8221;.vc_custom_1629904986137{background-image: url(https:\/\/riegos.com\/wp-content\/uploads\/2021\/08\/riego-por-goteo.png?id=18060) !important;background-position: center !important;background-repeat: no-repeat !important;background-size: cover !important;}&#8221;][vc_column][\/vc_column][\/vc_row]<\/p>\n","protected":false},"author":1,"featured_media":0,"parent":0,"menu_order":0,"comment_status":"closed","ping_status":"closed","template":"","meta":{"_acf_changed":false,"footnotes":""},"class_list":["post-21704","page","type-page","status-publish","hentry"],"acf":[],"yoast_head":"<!-- This site is optimized with the Yoast SEO plugin v23.7 - https:\/\/yoast.com\/wordpress\/plugins\/seo\/ -->\n<title>Gammes - Abrisa. La Casa del Riego<\/title>\n<meta name=\"robots\" content=\"index, follow, max-snippet:-1, max-image-preview:large, max-video-preview:-1\" \/>\n<link rel=\"canonical\" href=\"https:\/\/riegos.com\/fr\/gammes\/\" \/>\n<meta property=\"og:locale\" content=\"fr_FR\" \/>\n<meta property=\"og:type\" content=\"article\" \/>\n<meta property=\"og:title\" content=\"Gammes - Abrisa. La Casa del Riego\" \/>\n<meta property=\"og:description\" content=\"[vc_row full_height=&#8221;yes&#8221; columns_placement=&#8221;stretch&#8221; equal_height=&#8221;yes&#8221; content_placement=&#8221;top&#8221; inverse=&#8221;&#8221;][vc_column][vc_empty_space height=&#8221;0.2em&#8221;][\/vc_column][\/vc_row][vc_row full_width=&#8221;stretch_row&#8221; inverse=&#8221;yes&#8221; css=&#8221;.vc_custom_1629904986137{background-image: url(https:\/\/riegos.com\/wp-content\/uploads\/2021\/08\/riego-por-goteo.png?id=18060) !important;background-position: center !important;background-repeat: no-repeat !important;background-size: cover !important;}&#8221;][vc_column][\/vc_column][\/vc_row]\" \/>\n<meta property=\"og:url\" content=\"https:\/\/riegos.com\/fr\/gammes\/\" \/>\n<meta property=\"og:site_name\" content=\"Abrisa. La Casa del Riego\" \/>\n<meta property=\"article:publisher\" content=\"https:\/\/es-es.facebook.com\/AbrisaRiegos\/\" \/>\n<meta name=\"twitter:card\" content=\"summary_large_image\" \/>\n<meta name=\"twitter:label1\" content=\"Dur\u00e9e de lecture estim\u00e9e\" \/>\n\t<meta name=\"twitter:data1\" content=\"1 minute\" \/>\n<script type=\"application\/ld+json\" class=\"yoast-schema-graph\">{\"@context\":\"https:\/\/schema.org\",\"@graph\":[{\"@type\":\"WebPage\",\"@id\":\"https:\/\/riegos.com\/fr\/gammes\/\",\"url\":\"https:\/\/riegos.com\/fr\/gammes\/\",\"name\":\"Gammes - Abrisa. La Casa del Riego\",\"isPartOf\":{\"@id\":\"https:\/\/riegos.com\/fr\/#website\"},\"datePublished\":\"2021-11-08T10:50:56+00:00\",\"dateModified\":\"2021-11-08T10:50:56+00:00\",\"breadcrumb\":{\"@id\":\"https:\/\/riegos.com\/fr\/gammes\/#breadcrumb\"},\"inLanguage\":\"fr-FR\",\"potentialAction\":[{\"@type\":\"ReadAction\",\"target\":[\"https:\/\/riegos.com\/fr\/gammes\/\"]}]},{\"@type\":\"BreadcrumbList\",\"@id\":\"https:\/\/riegos.com\/fr\/gammes\/#breadcrumb\",\"itemListElement\":[{\"@type\":\"ListItem\",\"position\":1,\"name\":\"Inicio\",\"item\":\"https:\/\/riegos.com\/fr\/\"},{\"@type\":\"ListItem\",\"position\":2,\"name\":\"Gammes\"}]},{\"@type\":\"WebSite\",\"@id\":\"https:\/\/riegos.com\/fr\/#website\",\"url\":\"https:\/\/riegos.com\/fr\/\",\"name\":\"Abrisa. La Casa del Riego\",\"description\":\"\",\"publisher\":{\"@id\":\"https:\/\/riegos.com\/fr\/#organization\"},\"potentialAction\":[{\"@type\":\"SearchAction\",\"target\":{\"@type\":\"EntryPoint\",\"urlTemplate\":\"https:\/\/riegos.com\/fr\/?s={search_term_string}\"},\"query-input\":{\"@type\":\"PropertyValueSpecification\",\"valueRequired\":true,\"valueName\":\"search_term_string\"}}],\"inLanguage\":\"fr-FR\"},{\"@type\":\"Organization\",\"@id\":\"https:\/\/riegos.com\/fr\/#organization\",\"name\":\"ABANILLA RIEGOS SA\",\"url\":\"https:\/\/riegos.com\/fr\/\",\"logo\":{\"@type\":\"ImageObject\",\"inLanguage\":\"fr-FR\",\"@id\":\"https:\/\/riegos.com\/fr\/#\/schema\/logo\/image\/\",\"url\":\"https:\/\/riegos.com\/wp-content\/uploads\/2021\/10\/logo_trim.png\",\"contentUrl\":\"https:\/\/riegos.com\/wp-content\/uploads\/2021\/10\/logo_trim.png\",\"width\":217,\"height\":129,\"caption\":\"ABANILLA RIEGOS SA\"},\"image\":{\"@id\":\"https:\/\/riegos.com\/fr\/#\/schema\/logo\/image\/\"},\"sameAs\":[\"https:\/\/es-es.facebook.com\/AbrisaRiegos\/\"]}]}<\/script>\n<!-- \/ Yoast SEO plugin. -->","yoast_head_json":{"title":"Gammes - Abrisa. La Casa del Riego","robots":{"index":"index","follow":"follow","max-snippet":"max-snippet:-1","max-image-preview":"max-image-preview:large","max-video-preview":"max-video-preview:-1"},"canonical":"https:\/\/riegos.com\/fr\/gammes\/","og_locale":"fr_FR","og_type":"article","og_title":"Gammes - Abrisa. La Casa del Riego","og_description":"[vc_row full_height=&#8221;yes&#8221; columns_placement=&#8221;stretch&#8221; equal_height=&#8221;yes&#8221; content_placement=&#8221;top&#8221; inverse=&#8221;&#8221;][vc_column][vc_empty_space height=&#8221;0.2em&#8221;][\/vc_column][\/vc_row][vc_row full_width=&#8221;stretch_row&#8221; inverse=&#8221;yes&#8221; css=&#8221;.vc_custom_1629904986137{background-image: url(https:\/\/riegos.com\/wp-content\/uploads\/2021\/08\/riego-por-goteo.png?id=18060) !important;background-position: center !important;background-repeat: no-repeat !important;background-size: cover !important;}&#8221;][vc_column][\/vc_column][\/vc_row]","og_url":"https:\/\/riegos.com\/fr\/gammes\/","og_site_name":"Abrisa. La Casa del Riego","article_publisher":"https:\/\/es-es.facebook.com\/AbrisaRiegos\/","twitter_card":"summary_large_image","twitter_misc":{"Dur\u00e9e de lecture estim\u00e9e":"1 minute"},"schema":{"@context":"https:\/\/schema.org","@graph":[{"@type":"WebPage","@id":"https:\/\/riegos.com\/fr\/gammes\/","url":"https:\/\/riegos.com\/fr\/gammes\/","name":"Gammes - Abrisa. La Casa del Riego","isPartOf":{"@id":"https:\/\/riegos.com\/fr\/#website"},"datePublished":"2021-11-08T10:50:56+00:00","dateModified":"2021-11-08T10:50:56+00:00","breadcrumb":{"@id":"https:\/\/riegos.com\/fr\/gammes\/#breadcrumb"},"inLanguage":"fr-FR","potentialAction":[{"@type":"ReadAction","target":["https:\/\/riegos.com\/fr\/gammes\/"]}]},{"@type":"BreadcrumbList","@id":"https:\/\/riegos.com\/fr\/gammes\/#breadcrumb","itemListElement":[{"@type":"ListItem","position":1,"name":"Inicio","item":"https:\/\/riegos.com\/fr\/"},{"@type":"ListItem","position":2,"name":"Gammes"}]},{"@type":"WebSite","@id":"https:\/\/riegos.com\/fr\/#website","url":"https:\/\/riegos.com\/fr\/","name":"Abrisa. La Casa del Riego","description":"","publisher":{"@id":"https:\/\/riegos.com\/fr\/#organization"},"potentialAction":[{"@type":"SearchAction","target":{"@type":"EntryPoint","urlTemplate":"https:\/\/riegos.com\/fr\/?s={search_term_string}"},"query-input":{"@type":"PropertyValueSpecification","valueRequired":true,"valueName":"search_term_string"}}],"inLanguage":"fr-FR"},{"@type":"Organization","@id":"https:\/\/riegos.com\/fr\/#organization","name":"ABANILLA RIEGOS SA","url":"https:\/\/riegos.com\/fr\/","logo":{"@type":"ImageObject","inLanguage":"fr-FR","@id":"https:\/\/riegos.com\/fr\/#\/schema\/logo\/image\/","url":"https:\/\/riegos.com\/wp-content\/uploads\/2021\/10\/logo_trim.png","contentUrl":"https:\/\/riegos.com\/wp-content\/uploads\/2021\/10\/logo_trim.png","width":217,"height":129,"caption":"ABANILLA RIEGOS SA"},"image":{"@id":"https:\/\/riegos.com\/fr\/#\/schema\/logo\/image\/"},"sameAs":["https:\/\/es-es.facebook.com\/AbrisaRiegos\/"]}]}},"_links":{"self":[{"href":"https:\/\/riegos.com\/fr\/wp-json\/wp\/v2\/pages\/21704","targetHints":{"allow":["GET"]}}],"collection":[{"href":"https:\/\/riegos.com\/fr\/wp-json\/wp\/v2\/pages"}],"about":[{"href":"https:\/\/riegos.com\/fr\/wp-json\/wp\/v2\/types\/page"}],"author":[{"embeddable":true,"href":"https:\/\/riegos.com\/fr\/wp-json\/wp\/v2\/users\/1"}],"replies":[{"embeddable":true,"href":"https:\/\/riegos.com\/fr\/wp-json\/wp\/v2\/comments?post=21704"}],"version-history":[{"count":2,"href":"https:\/\/riegos.com\/fr\/wp-json\/wp\/v2\/pages\/21704\/revisions"}],"predecessor-version":[{"id":21706,"href":"https:\/\/riegos.com\/fr\/wp-json\/wp\/v2\/pages\/21704\/revisions\/21706"}],"wp:attachment":[{"href":"https:\/\/riegos.com\/fr\/wp-json\/wp\/v2\/media?parent=21704"}],"curies":[{"name":"wp","href":"https:\/\/api.w.org\/{rel}","templated":true}]}}