{"id":21571,"date":"2021-10-22T10:21:57","date_gmt":"2021-10-22T10:21:57","guid":{"rendered":"https:\/\/riegos.com\/telechargements\/"},"modified":"2024-02-26T15:36:27","modified_gmt":"2024-02-26T15:36:27","slug":"telechargements","status":"publish","type":"page","link":"https:\/\/riegos.com\/fr\/telechargements\/","title":{"rendered":"T\u00e9l\u00e9chargements"},"content":{"rendered":"<p>[vc_row][vc_column][vc_empty_space height=&#8221;2em&#8221;][vc_single_image image=&#8221;22210&#8243; img_size=&#8221;full&#8221; alignment=&#8221;center&#8221; onclick=&#8221;custom_link&#8221; img_link_target=&#8221;_blank&#8221; link=&#8221;\/wp-content\/uploads\/2021\/08\/CATALOGO_ABRISA.pdf&#8221;]<div id=\"sc_title_description_444030471\" class=\"sc_title_description sc_title_description_accented sc_title_description_style_1 sc_title_description_align_center margin_top_large\" data-animation=\"animated fadeInUp normal\" style=\"width:100%;\"><div class=\"sc_title_description_info\"><h2 class=\"sc_title_description_title sc_item_title\">T\u00e9l\u00e9charger le catalogue<\/h2><div class=\"sc_title_description_descr sc_item_descr\">Disponible para descarga en formato PDF el nuevo cat\u00e1logo 2024 ABRISA<\/div><\/div><\/div><a href=\"\/wp-content\/uploads\/2021\/08\/CATALOGO_ABRISA.pdf\" class=\"sc_button sc_button_square sc_button_style_filled2 sc_button_size_medium aligncenter sc_popup_link\">T\u00c9L\u00c9CHARGER<\/a>[vc_empty_space height=&#8221;0.2em&#8221;]<div class=\"columns_wrap sc_columns columns_fluid sc_columns_count_2 margin_top_small margin_bottom_medium\" data-animation=\"animated fadeInUp normal\"><div class=\"column-1_2 sc_column_item sc_column_item_1 odd first\"><figure class=\"sc_image  alignright sc_image_shape_square margin_right_null\"><a href=\"\/wp-content\/uploads\/2021\/08\/ISO-9001.pdf\"><img decoding=\"async\" src=\"https:\/\/riegos.com\/wp-content\/uploads\/2021\/08\/ISO-9001-1.png\" alt=\"\" \/><\/a><\/figure><\/div><div class=\"column-1_2 sc_column_item sc_column_item_2 even\"><figure class=\"sc_image  alignleft sc_image_shape_square margin_left_null\"><a href=\"\/wp-content\/uploads\/2021\/08\/ISO-14001.pdf\"><img decoding=\"async\" src=\"https:\/\/riegos.com\/wp-content\/uploads\/2021\/08\/ISO-14001-1.png\" alt=\"\" \/><\/a><\/figure><\/div><\/div>[\/vc_column][\/vc_row][vc_row full_width=&#8221;stretch_row_content_no_spaces&#8221; disable_element=&#8221;yes&#8221; inverse=&#8221;yes&#8221; css=&#8221;.vc_custom_1634229207546{background-image: url(https:\/\/riegos.com\/wp-content\/uploads\/2021\/08\/Sistemas-de-riego-e1612799194680.jpg?id=18047) !important;}&#8221;][vc_column]<!-- #TRX_GAP_START# --><div class=\"sc_parallax\" data-parallax-speed=\"0.1\" data-parallax-x-pos=\"50%\" data-parallax-y-pos=\"50%\"><div class=\"sc_parallax_content\" style=\"background-image:url(http:\/\/1602); background-position:50% 50%;\"><div class=\"sc_parallax_overlay\" style=\"background-color:rgba(0,0,0,0.4);\" data-overlay=\"0.4\" data-bg_color=\"#000000\">[vc_empty_space height=&#8221;3.25em&#8221;]<div class=\"sc_content content_wrap\"><div class=\"columns_wrap sc_columns columns_fluid sc_columns_count_2 margin_top_medium margin_bottom_medium\" data-animation=\"animated fadeInUp normal\"><div class=\"column-1_2 sc_column_item sc_column_item_1 responsive_column odd first\"><div id=\"sc_call_to_action_1707448700\" class=\"sc_call_to_action sc_call_to_action_accented sc_call_to_action_style_3 sc_call_to_action_align_left\" style=\"width:100%;\"><div class=\"sc_call_to_action_info\"><h2 class=\"sc_call_to_action_title sc_item_title\">Solicite un presupuesto sin compromiso<\/h2><\/div><\/div><\/div><div class=\"column-1_2 sc_column_item sc_column_item_2 responsive_column even\">[vc_custom_heading text=&#8221;Plus de 1200 r\u00e9f\u00e9rences pour am\u00e9liorer l&#8217;irrigation de votre culture&#8221; font_container=&#8221;tag:h4|text_align:center&#8221; use_theme_fonts=&#8221;yes&#8221;]<a href=\"\/contacto\/\" class=\"sc_button sc_button_square sc_button_style_filled sc_button_size_medium aligncenter sc_popup_link\">Contacto<\/a><\/div><\/div>[vc_empty_space height=&#8221;0.5em&#8221;]<\/div><\/div><\/div><\/div><!-- #TRX_GAP_END# -->[\/vc_column][\/vc_row][vc_row disable_element=&#8221;yes&#8221;][vc_column][vc_empty_space height=&#8221;1em&#8221;]<div id=\"sc_services_1564954943_wrap\" class=\"sc_services_wrap\"><div id=\"sc_services_1564954943\" class=\"sc_services sc_services_style_services-1 sc_services_type_icons  margin_top_large alignleft\" style=\"width:100%;\" data-animation=\"animated fadeInUp normal\"><div class=\"sc_slider_swiper swiper-slider-container sc_slider_nopagination sc_slider_nocontrols sc_slider_height_auto\" data-interval=\"8041\" data-slides-per-view=\"3\" data-slides-min-width=\"250\"><div class=\"slides swiper-wrapper\"><div class=\"swiper-slide\" data-style=\"width:100%;\" style=\"width:100%;\"><div class=\"sc_services_item_wrap\">\t\t\t<div id=\"sc_services_1564954943_1\"\t\t\t\tclass=\"sc_services_item sc_services_item_1 odd first\"\n\t\t\t\t>\n\t\t\t\t\t\t\t\t\t<div class=\"sc_services_item_featured post_featured\">\n\t\t\t\t\t\t\t\t\t\t\t<\/div>\n\t\t\t\t\t\t\t\t\t<div class=\"sc_services_item_content\">\n\t\t\t\t\t<h4 class=\"sc_services_item_title\">Service item 1<\/h4>\n\t\t\t\t\t<div class=\"sc_services_item_description\">\n\t\t\t\t\t\t\t\t\t\t\t<\/div>\n\t\t\t\t<\/div>\n\t\t\t<\/div>\n\t\t<\/div><\/div><div class=\"swiper-slide\" data-style=\"width:100%;\" style=\"width:100%;\"><div class=\"sc_services_item_wrap\">\t\t\t<div id=\"sc_services_1564954943_2\"\t\t\t\tclass=\"sc_services_item sc_services_item_2 even\"\n\t\t\t\t>\n\t\t\t\t\t\t\t\t\t<div class=\"sc_services_item_featured post_featured\">\n\t\t\t\t\t\t\t\t\t\t\t<\/div>\n\t\t\t\t\t\t\t\t\t<div class=\"sc_services_item_content\">\n\t\t\t\t\t<h4 class=\"sc_services_item_title\">Service item 2<\/h4>\n\t\t\t\t\t<div class=\"sc_services_item_description\">\n\t\t\t\t\t\t\t\t\t\t\t<\/div>\n\t\t\t\t<\/div>\n\t\t\t<\/div>\n\t\t<\/div><\/div><div class=\"swiper-slide\" data-style=\"width:100%;\" style=\"width:100%;\"><div class=\"sc_services_item_wrap\">\t\t\t<div id=\"sc_services_1564954943_3\"\t\t\t\tclass=\"sc_services_item sc_services_item_3 odd\"\n\t\t\t\t>\n\t\t\t\t\t\t\t\t\t<div class=\"sc_services_item_featured post_featured\">\n\t\t\t\t\t\t\t\t\t\t\t<\/div>\n\t\t\t\t\t\t\t\t\t<div class=\"sc_services_item_content\">\n\t\t\t\t\t<h4 class=\"sc_services_item_title\">Service item 3<\/h4>\n\t\t\t\t\t<div class=\"sc_services_item_description\">\n\t\t\t\t\t\t\t\t\t\t\t<\/div>\n\t\t\t\t<\/div>\n\t\t\t<\/div>\n\t\t<\/div><\/div><div class=\"swiper-slide\" data-style=\"width:100%;\" style=\"width:100%;\"><div class=\"sc_services_item_wrap\">\t\t\t<div id=\"sc_services_1564954943_4\"\t\t\t\tclass=\"sc_services_item sc_services_item_4 even\"\n\t\t\t\t>\n\t\t\t\t\t\t\t\t\t<div class=\"sc_services_item_featured post_featured\">\n\t\t\t\t\t\t\t\t\t\t\t<\/div>\n\t\t\t\t\t\t\t\t\t<div class=\"sc_services_item_content\">\n\t\t\t\t\t<h4 class=\"sc_services_item_title\">Service item 4<\/h4>\n\t\t\t\t\t<div class=\"sc_services_item_description\">\n\t\t\t\t\t\t\t\t\t\t\t<\/div>\n\t\t\t\t<\/div>\n\t\t\t<\/div>\n\t\t<\/div><\/div><\/div><div class=\"sc_slider_controls_wrap\"><a class=\"sc_slider_prev\" href=\"#\"><\/a><a class=\"sc_slider_next\" href=\"#\"><\/a><\/div><div class=\"sc_slider_pagination_wrap\"><\/div><\/div><\/div><!-- \/.sc_services --><\/div><!-- \/.sc_services_wrap -->[\/vc_column][\/vc_row][vc_row full_width=&#8221;stretch_row&#8221; disable_element=&#8221;yes&#8221; css=&#8221;.vc_custom_1630579364376{background-color: #f5f5f5 !important;}&#8221;][vc_column][vc_empty_space height=&#8221;2.5em&#8221;]<div id=\"sc_title_description_1734949672\" class=\"sc_title_description sc_title_description_accented sc_title_description_style_1 sc_title_description_align_center margin_top_large margin_bottom_small\" data-animation=\"animated fadeInUp normal\" style=\"width:100%;\"><div class=\"sc_title_description_info\"><h2 class=\"sc_title_description_title sc_item_title\">New Catalogue 2016<\/h2><\/div><\/div>[ess_grid alias=&#8221;catalogue&#8221;][vc_empty_space height=&#8221;2.75em&#8221;][vc_empty_space height=&#8221;4.7em&#8221;][\/vc_column][\/vc_row][vc_row disable_element=&#8221;yes&#8221;][vc_column][vc_empty_space height=&#8221;1.9em&#8221;]<div id=\"sc_clients_1821070164_wrap\" class=\"sc_clients_wrap\"><div id=\"sc_clients_1821070164\" class=\"sc_clients sc_clients_style_clients-1  margin_top_large margin_bottom_large\" style=\"width:100%;\" data-animation=\"animated fadeInUp normal\"><h2 class=\"sc_clients_title sc_item_title\">Our Partners<\/h2><div class=\"sc_clients_descr sc_item_descr\">Ut Wisi Enim ad Minim<\/div><div class=\"sc_slider_swiper swiper-slider-container sc_slider_nopagination sc_slider_nocontrols sc_slider_height_auto\" data-interval=\"7016\" data-slides-per-view=\"6\" data-slides-min-width=\"100\"><div class=\"slides swiper-wrapper\"><div class=\"swiper-slide\" data-style=\"width:100%;\" style=\"width:100%;\">\t\t\t<div id=\"sc_clients_1821070164_1\" class=\"sc_clients_item sc_clients_item_1 odd first\">\n\t\t\t\t\t\t\t<\/div>\n\t\t<\/div><div class=\"swiper-slide\" data-style=\"width:100%;\" style=\"width:100%;\">\t\t\t<div id=\"sc_clients_1821070164_2\" class=\"sc_clients_item sc_clients_item_2 even\">\n\t\t\t\t\t\t\t<\/div>\n\t\t<\/div><div class=\"swiper-slide\" data-style=\"width:100%;\" style=\"width:100%;\">\t\t\t<div id=\"sc_clients_1821070164_3\" class=\"sc_clients_item sc_clients_item_3 odd\">\n\t\t\t\t\t\t\t<\/div>\n\t\t<\/div><div class=\"swiper-slide\" data-style=\"width:100%;\" style=\"width:100%;\">\t\t\t<div id=\"sc_clients_1821070164_4\" class=\"sc_clients_item sc_clients_item_4 even\">\n\t\t\t\t\t\t\t<\/div>\n\t\t<\/div><div class=\"swiper-slide\" data-style=\"width:100%;\" style=\"width:100%;\">\t\t\t<div id=\"sc_clients_1821070164_5\" class=\"sc_clients_item sc_clients_item_5 odd\">\n\t\t\t\t\t\t\t<\/div>\n\t\t<\/div><div class=\"swiper-slide\" data-style=\"width:100%;\" style=\"width:100%;\">\t\t\t<div id=\"sc_clients_1821070164_6\" class=\"sc_clients_item sc_clients_item_6 even\">\n\t\t\t\t\t\t\t<\/div>\n\t\t<\/div><\/div><div class=\"sc_slider_controls_wrap\"><a class=\"sc_slider_prev\" href=\"#\"><\/a><a class=\"sc_slider_next\" href=\"#\"><\/a><\/div><div class=\"sc_slider_pagination_wrap\"><\/div><\/div><\/div><!-- \/.sc_clients --><\/div><!-- \/.sc_clients_wrap -->[vc_empty_space height=&#8221;2.4em&#8221;][\/vc_column][\/vc_row][vc_row full_width=&#8221;stretch_row&#8221; disable_element=&#8221;yes&#8221; inverse=&#8221;yes&#8221; css=&#8221;.vc_custom_1630579545183{background-image: url(https:\/\/riegos.com\/wp-content\/uploads\/2016\/02\/pattern.jpg?id=1568) !important;}&#8221;][vc_column][vc_empty_space height=&#8221;4.2em&#8221;]<div id=\"sc_call_to_action_1572299114\" class=\"sc_call_to_action sc_call_to_action_accented sc_call_to_action_style_2 sc_call_to_action_align_left margin_top_medium margin_bottom_medium\" data-animation=\"animated fadeInUp normal\" style=\"width:100%;\"><div class=\"columns_wrap\"><div class=\"sc_call_to_action_info column-2_4\"><h6 class=\"sc_call_to_action_subtitle sc_item_subtitle\">Free estimates are provided for work that would be more involved than a service call.<\/h6><div class=\"sc_call_to_action_descr sc_item_descr\">Remodeling, Replacing water<br \/>\nor sewer lines, Replacing Fixtures, etc.<\/div><\/div><div class=\"sc_call_to_action_buttons sc_item_buttons column-2_4\"><div class=\"sc_call_to_action_button sc_item_button\"><a href=\"\/contacts\/\" class=\"sc_button sc_button_square sc_button_style_filled sc_button_size_small sc_popup_link\">Request an Estimate<\/a><\/div><\/div><\/div><\/div>[vc_empty_space height=&#8221;4em&#8221;][\/vc_column][\/vc_row]<\/p>\n","protected":false},"excerpt":{"rendered":"<p>[vc_row][vc_column][vc_empty_space height=&#8221;2em&#8221;][vc_single_image image=&#8221;22210&#8243; img_size=&#8221;full&#8221; alignment=&#8221;center&#8221; onclick=&#8221;custom_link&#8221; img_link_target=&#8221;_blank&#8221; link=&#8221;\/wp-content\/uploads\/2021\/08\/CATALOGO_ABRISA.pdf&#8221;][vc_empty_space height=&#8221;0.2em&#8221;][\/vc_column][\/vc_row][vc_row full_width=&#8221;stretch_row_content_no_spaces&#8221; disable_element=&#8221;yes&#8221; inverse=&#8221;yes&#8221; css=&#8221;.vc_custom_1634229207546{background-image: url(https:\/\/riegos.com\/wp-content\/uploads\/2021\/08\/Sistemas-de-riego-e1612799194680.jpg?id=18047) !important;}&#8221;][vc_column][\/vc_column][\/vc_row][vc_row disable_element=&#8221;yes&#8221;][vc_column][vc_empty_space height=&#8221;1em&#8221;][\/vc_column][\/vc_row][vc_row full_width=&#8221;stretch_row&#8221; disable_element=&#8221;yes&#8221; css=&#8221;.vc_custom_1630579364376{background-color: #f5f5f5 !important;}&#8221;][vc_column][vc_empty_space height=&#8221;2.5em&#8221;][ess_grid alias=&#8221;catalogue&#8221;][vc_empty_space height=&#8221;2.75em&#8221;][vc_empty_space height=&#8221;4.7em&#8221;][\/vc_column][\/vc_row][vc_row disable_element=&#8221;yes&#8221;][vc_column][vc_empty_space height=&#8221;1.9em&#8221;][vc_empty_space height=&#8221;2.4em&#8221;][\/vc_column][\/vc_row][vc_row full_width=&#8221;stretch_row&#8221; disable_element=&#8221;yes&#8221; inverse=&#8221;yes&#8221; css=&#8221;.vc_custom_1630579545183{background-image: url(https:\/\/riegos.com\/wp-content\/uploads\/2016\/02\/pattern.jpg?id=1568) !important;}&#8221;][vc_column][vc_empty_space height=&#8221;4.2em&#8221;][vc_empty_space height=&#8221;4em&#8221;][\/vc_column][\/vc_row]<\/p>\n","protected":false},"author":1,"featured_media":0,"parent":0,"menu_order":0,"comment_status":"closed","ping_status":"closed","template":"","meta":{"_acf_changed":false,"footnotes":""},"class_list":["post-21571","page","type-page","status-publish","hentry"],"acf":[],"yoast_head":"<!-- This site is optimized with the Yoast SEO plugin v27.4 - https:\/\/yoast.com\/product\/yoast-seo-wordpress\/ -->\n<title>T\u00e9l\u00e9chargements - Abrisa. La Casa del Riego<\/title>\n<meta name=\"robots\" content=\"index, follow, max-snippet:-1, max-image-preview:large, max-video-preview:-1\" \/>\n<link rel=\"canonical\" href=\"https:\/\/riegos.com\/fr\/telechargements\/\" \/>\n<meta property=\"og:locale\" content=\"fr_FR\" \/>\n<meta property=\"og:type\" content=\"article\" \/>\n<meta property=\"og:title\" content=\"T\u00e9l\u00e9chargements - Abrisa. La Casa del Riego\" \/>\n<meta property=\"og:description\" content=\"[vc_row][vc_column][vc_empty_space height=&#8221;2em&#8221;][vc_single_image image=&#8221;22210&#8243; img_size=&#8221;full&#8221; alignment=&#8221;center&#8221; onclick=&#8221;custom_link&#8221; img_link_target=&#8221;_blank&#8221; link=&#8221;\/wp-content\/uploads\/2021\/08\/CATALOGO_ABRISA.pdf&#8221;][vc_empty_space height=&#8221;0.2em&#8221;][\/vc_column][\/vc_row][vc_row full_width=&#8221;stretch_row_content_no_spaces&#8221; disable_element=&#8221;yes&#8221; inverse=&#8221;yes&#8221; css=&#8221;.vc_custom_1634229207546{background-image: url(https:\/\/riegos.com\/wp-content\/uploads\/2021\/08\/Sistemas-de-riego-e1612799194680.jpg?id=18047) !important;}&#8221;][vc_column][\/vc_column][\/vc_row][vc_row disable_element=&#8221;yes&#8221;][vc_column][vc_empty_space height=&#8221;1em&#8221;][\/vc_column][\/vc_row][vc_row full_width=&#8221;stretch_row&#8221; disable_element=&#8221;yes&#8221; css=&#8221;.vc_custom_1630579364376{background-color: #f5f5f5 !important;}&#8221;][vc_column][vc_empty_space height=&#8221;2.5em&#8221;][ess_grid alias=&#8221;catalogue&#8221;][vc_empty_space height=&#8221;2.75em&#8221;][vc_empty_space height=&#8221;4.7em&#8221;][\/vc_column][\/vc_row][vc_row disable_element=&#8221;yes&#8221;][vc_column][vc_empty_space height=&#8221;1.9em&#8221;][vc_empty_space height=&#8221;2.4em&#8221;][\/vc_column][\/vc_row][vc_row full_width=&#8221;stretch_row&#8221; disable_element=&#8221;yes&#8221; inverse=&#8221;yes&#8221; css=&#8221;.vc_custom_1630579545183{background-image: url(https:\/\/riegos.com\/wp-content\/uploads\/2016\/02\/pattern.jpg?id=1568) !important;}&#8221;][vc_column][vc_empty_space height=&#8221;4.2em&#8221;][vc_empty_space height=&#8221;4em&#8221;][\/vc_column][\/vc_row]\" \/>\n<meta property=\"og:url\" content=\"https:\/\/riegos.com\/fr\/telechargements\/\" \/>\n<meta property=\"og:site_name\" content=\"Abrisa. La Casa del Riego\" \/>\n<meta property=\"article:publisher\" content=\"https:\/\/es-es.facebook.com\/AbrisaRiegos\/\" \/>\n<meta property=\"article:modified_time\" content=\"2024-02-26T15:36:27+00:00\" \/>\n<meta name=\"twitter:card\" content=\"summary_large_image\" \/>\n<meta name=\"twitter:label1\" content=\"Dur\u00e9e de lecture estim\u00e9e\" \/>\n\t<meta name=\"twitter:data1\" content=\"2 minutes\" \/>\n<script type=\"application\/ld+json\" class=\"yoast-schema-graph\">{\"@context\":\"https:\\\/\\\/schema.org\",\"@graph\":[{\"@type\":\"WebPage\",\"@id\":\"https:\\\/\\\/riegos.com\\\/fr\\\/telechargements\\\/\",\"url\":\"https:\\\/\\\/riegos.com\\\/fr\\\/telechargements\\\/\",\"name\":\"T\u00e9l\u00e9chargements - Abrisa. La Casa del Riego\",\"isPartOf\":{\"@id\":\"https:\\\/\\\/riegos.com\\\/fr\\\/#website\"},\"datePublished\":\"2021-10-22T10:21:57+00:00\",\"dateModified\":\"2024-02-26T15:36:27+00:00\",\"breadcrumb\":{\"@id\":\"https:\\\/\\\/riegos.com\\\/fr\\\/telechargements\\\/#breadcrumb\"},\"inLanguage\":\"fr-FR\",\"potentialAction\":[{\"@type\":\"ReadAction\",\"target\":[\"https:\\\/\\\/riegos.com\\\/fr\\\/telechargements\\\/\"]}]},{\"@type\":\"BreadcrumbList\",\"@id\":\"https:\\\/\\\/riegos.com\\\/fr\\\/telechargements\\\/#breadcrumb\",\"itemListElement\":[{\"@type\":\"ListItem\",\"position\":1,\"name\":\"Inicio\",\"item\":\"https:\\\/\\\/riegos.com\\\/fr\\\/\"},{\"@type\":\"ListItem\",\"position\":2,\"name\":\"T\u00e9l\u00e9chargements\"}]},{\"@type\":\"WebSite\",\"@id\":\"https:\\\/\\\/riegos.com\\\/fr\\\/#website\",\"url\":\"https:\\\/\\\/riegos.com\\\/fr\\\/\",\"name\":\"Abrisa. La Casa del Riego\",\"description\":\"\",\"publisher\":{\"@id\":\"https:\\\/\\\/riegos.com\\\/fr\\\/#organization\"},\"potentialAction\":[{\"@type\":\"SearchAction\",\"target\":{\"@type\":\"EntryPoint\",\"urlTemplate\":\"https:\\\/\\\/riegos.com\\\/fr\\\/?s={search_term_string}\"},\"query-input\":{\"@type\":\"PropertyValueSpecification\",\"valueRequired\":true,\"valueName\":\"search_term_string\"}}],\"inLanguage\":\"fr-FR\"},{\"@type\":\"Organization\",\"@id\":\"https:\\\/\\\/riegos.com\\\/fr\\\/#organization\",\"name\":\"ABANILLA RIEGOS SA\",\"url\":\"https:\\\/\\\/riegos.com\\\/fr\\\/\",\"logo\":{\"@type\":\"ImageObject\",\"inLanguage\":\"fr-FR\",\"@id\":\"https:\\\/\\\/riegos.com\\\/fr\\\/#\\\/schema\\\/logo\\\/image\\\/\",\"url\":\"https:\\\/\\\/riegos.com\\\/wp-content\\\/uploads\\\/2021\\\/10\\\/logo_trim.png\",\"contentUrl\":\"https:\\\/\\\/riegos.com\\\/wp-content\\\/uploads\\\/2021\\\/10\\\/logo_trim.png\",\"width\":217,\"height\":129,\"caption\":\"ABANILLA RIEGOS SA\"},\"image\":{\"@id\":\"https:\\\/\\\/riegos.com\\\/fr\\\/#\\\/schema\\\/logo\\\/image\\\/\"},\"sameAs\":[\"https:\\\/\\\/es-es.facebook.com\\\/AbrisaRiegos\\\/\"]}]}<\/script>\n<!-- \/ Yoast SEO plugin. -->","yoast_head_json":{"title":"T\u00e9l\u00e9chargements - Abrisa. La Casa del Riego","robots":{"index":"index","follow":"follow","max-snippet":"max-snippet:-1","max-image-preview":"max-image-preview:large","max-video-preview":"max-video-preview:-1"},"canonical":"https:\/\/riegos.com\/fr\/telechargements\/","og_locale":"fr_FR","og_type":"article","og_title":"T\u00e9l\u00e9chargements - Abrisa. La Casa del Riego","og_description":"[vc_row][vc_column][vc_empty_space height=&#8221;2em&#8221;][vc_single_image image=&#8221;22210&#8243; img_size=&#8221;full&#8221; alignment=&#8221;center&#8221; onclick=&#8221;custom_link&#8221; img_link_target=&#8221;_blank&#8221; link=&#8221;\/wp-content\/uploads\/2021\/08\/CATALOGO_ABRISA.pdf&#8221;][vc_empty_space height=&#8221;0.2em&#8221;][\/vc_column][\/vc_row][vc_row full_width=&#8221;stretch_row_content_no_spaces&#8221; disable_element=&#8221;yes&#8221; inverse=&#8221;yes&#8221; css=&#8221;.vc_custom_1634229207546{background-image: url(https:\/\/riegos.com\/wp-content\/uploads\/2021\/08\/Sistemas-de-riego-e1612799194680.jpg?id=18047) !important;}&#8221;][vc_column][\/vc_column][\/vc_row][vc_row disable_element=&#8221;yes&#8221;][vc_column][vc_empty_space height=&#8221;1em&#8221;][\/vc_column][\/vc_row][vc_row full_width=&#8221;stretch_row&#8221; disable_element=&#8221;yes&#8221; css=&#8221;.vc_custom_1630579364376{background-color: #f5f5f5 !important;}&#8221;][vc_column][vc_empty_space height=&#8221;2.5em&#8221;][ess_grid alias=&#8221;catalogue&#8221;][vc_empty_space height=&#8221;2.75em&#8221;][vc_empty_space height=&#8221;4.7em&#8221;][\/vc_column][\/vc_row][vc_row disable_element=&#8221;yes&#8221;][vc_column][vc_empty_space height=&#8221;1.9em&#8221;][vc_empty_space height=&#8221;2.4em&#8221;][\/vc_column][\/vc_row][vc_row full_width=&#8221;stretch_row&#8221; disable_element=&#8221;yes&#8221; inverse=&#8221;yes&#8221; css=&#8221;.vc_custom_1630579545183{background-image: url(https:\/\/riegos.com\/wp-content\/uploads\/2016\/02\/pattern.jpg?id=1568) !important;}&#8221;][vc_column][vc_empty_space height=&#8221;4.2em&#8221;][vc_empty_space height=&#8221;4em&#8221;][\/vc_column][\/vc_row]","og_url":"https:\/\/riegos.com\/fr\/telechargements\/","og_site_name":"Abrisa. La Casa del Riego","article_publisher":"https:\/\/es-es.facebook.com\/AbrisaRiegos\/","article_modified_time":"2024-02-26T15:36:27+00:00","twitter_card":"summary_large_image","twitter_misc":{"Dur\u00e9e de lecture estim\u00e9e":"2 minutes"},"schema":{"@context":"https:\/\/schema.org","@graph":[{"@type":"WebPage","@id":"https:\/\/riegos.com\/fr\/telechargements\/","url":"https:\/\/riegos.com\/fr\/telechargements\/","name":"T\u00e9l\u00e9chargements - Abrisa. La Casa del Riego","isPartOf":{"@id":"https:\/\/riegos.com\/fr\/#website"},"datePublished":"2021-10-22T10:21:57+00:00","dateModified":"2024-02-26T15:36:27+00:00","breadcrumb":{"@id":"https:\/\/riegos.com\/fr\/telechargements\/#breadcrumb"},"inLanguage":"fr-FR","potentialAction":[{"@type":"ReadAction","target":["https:\/\/riegos.com\/fr\/telechargements\/"]}]},{"@type":"BreadcrumbList","@id":"https:\/\/riegos.com\/fr\/telechargements\/#breadcrumb","itemListElement":[{"@type":"ListItem","position":1,"name":"Inicio","item":"https:\/\/riegos.com\/fr\/"},{"@type":"ListItem","position":2,"name":"T\u00e9l\u00e9chargements"}]},{"@type":"WebSite","@id":"https:\/\/riegos.com\/fr\/#website","url":"https:\/\/riegos.com\/fr\/","name":"Abrisa. La Casa del Riego","description":"","publisher":{"@id":"https:\/\/riegos.com\/fr\/#organization"},"potentialAction":[{"@type":"SearchAction","target":{"@type":"EntryPoint","urlTemplate":"https:\/\/riegos.com\/fr\/?s={search_term_string}"},"query-input":{"@type":"PropertyValueSpecification","valueRequired":true,"valueName":"search_term_string"}}],"inLanguage":"fr-FR"},{"@type":"Organization","@id":"https:\/\/riegos.com\/fr\/#organization","name":"ABANILLA RIEGOS SA","url":"https:\/\/riegos.com\/fr\/","logo":{"@type":"ImageObject","inLanguage":"fr-FR","@id":"https:\/\/riegos.com\/fr\/#\/schema\/logo\/image\/","url":"https:\/\/riegos.com\/wp-content\/uploads\/2021\/10\/logo_trim.png","contentUrl":"https:\/\/riegos.com\/wp-content\/uploads\/2021\/10\/logo_trim.png","width":217,"height":129,"caption":"ABANILLA RIEGOS SA"},"image":{"@id":"https:\/\/riegos.com\/fr\/#\/schema\/logo\/image\/"},"sameAs":["https:\/\/es-es.facebook.com\/AbrisaRiegos\/"]}]}},"_links":{"self":[{"href":"https:\/\/riegos.com\/fr\/wp-json\/wp\/v2\/pages\/21571","targetHints":{"allow":["GET"]}}],"collection":[{"href":"https:\/\/riegos.com\/fr\/wp-json\/wp\/v2\/pages"}],"about":[{"href":"https:\/\/riegos.com\/fr\/wp-json\/wp\/v2\/types\/page"}],"author":[{"embeddable":true,"href":"https:\/\/riegos.com\/fr\/wp-json\/wp\/v2\/users\/1"}],"replies":[{"embeddable":true,"href":"https:\/\/riegos.com\/fr\/wp-json\/wp\/v2\/comments?post=21571"}],"version-history":[{"count":21,"href":"https:\/\/riegos.com\/fr\/wp-json\/wp\/v2\/pages\/21571\/revisions"}],"predecessor-version":[{"id":22408,"href":"https:\/\/riegos.com\/fr\/wp-json\/wp\/v2\/pages\/21571\/revisions\/22408"}],"wp:attachment":[{"href":"https:\/\/riegos.com\/fr\/wp-json\/wp\/v2\/media?parent=21571"}],"curies":[{"name":"wp","href":"https:\/\/api.w.org\/{rel}","templated":true}]}}